{"id":10555,"date":"2014-11-18T11:30:27","date_gmt":"2014-11-18T10:30:27","guid":{"rendered":"http:\/\/www.challengeresorts.org\/?page_id=10555"},"modified":"2017-02-09T00:58:59","modified_gmt":"2017-02-08T23:58:59","slug":"schiffsreise-mit-der-ms-prins-willem-alexander","status":"publish","type":"page","link":"https:\/\/www.challengeresorts.org\/de\/schiffsreise-rolli-reisen-rollstuhl-pflege-urlaub\/schiffsreise-mit-der-ms-prins-willem-alexander\/","title":{"rendered":"Schiffsreise mit der MS Prins Willem Alexander"},"content":{"rendered":"<figure style=\"margin-top: -66px; text-align: right;\"><img title=\"Mietung von Mobilit\u00e4tsmitteln m\u00f6glich\" src=\"\/wp-content\/uploads\/17-huur-mobilitietsmiddelen.jpg\" alt=\"\" width=\"55\" \/> <img title=\"Mit Hilfsmitteln \" src=\"\/wp-content\/uploads\/16-huur-hulpmiddelen.jpg\" alt=\"\" width=\"55\" \/> <img title=\"Mit Pflegedienst \" src=\"\/wp-content\/uploads\/08-huis-zorg1.jpg\" alt=\"\" width=\"55\" \/> <img title=\"Integrierter Duschstuhl an der Wand montiert \" src=\"\/wp-content\/uploads\/13-douche+stoel.jpg\" alt=\"\" width=\"55\" \/> <img title=\"Behindertengerechte Dusche auf dem Zimmer\" src=\"\/wp-content\/uploads\/15-rol-in-douche.jpg\" alt=\"\" width=\"55\" \/> <img title=\"Behindertengerechtes WC auf dem Zimmer\" src=\"\/wp-content\/uploads\/04-wc-beugels.jpg\" alt=\"\" width=\"55\" \/> <img title=\"Unterkunft mit einerT\u00fcrbreite von mind. 150 cm \" src=\"\/wp-content\/uploads\/03-90cm.jpg\" alt=\"\" width=\"55\" \/><\/figure>\n<p><div class=\"sc-column two-third\"><code>[thethe-image-slider name=\"prins-willem-alexander\"]<\/code><\/div><div class=\"sc-column sc-column-last one-third-last\">\n<p><span style=\"font-size: x-large;\"><strong>Charakteristik<\/strong><\/span><\/p>\n\n<ul class=\"sc-list style4 \">\n<li>Schiffsreise mit der MS Prins Willem Alexander<\/li>\n<\/ul>\n<ul class=\"sc-list style4 \">\n<li>Komfort auf dem Wasser mit Vollpension<\/li>\n<\/ul>\n<ul class=\"sc-list style4 \">\n<li>Reisen durch die Niederlande oder auf dem Rhein und der Mosel<\/li>\n<\/ul>\n<ul class=\"sc-list style4 \">\n<li>Pflege und Hilfsmittel m\u00f6glich<\/li>\n<\/ul>\n<ul class=\"sc-list style4 \">\n<li>Zug\u00e4nglich f\u00fcr Elektromobil und (elektrischen) Rollstuhl<\/li>\n<\/ul>\n<p><a href=\"\/?page_id=10754\" class=\"sc-button alignleft light\" style=\"background-color: #0291B1; border-color: #0291B1; width: 180px; \"><span class=\"border\"><span class=\"wrap\"><span class=\"title\" style=\"color: #CCCCCC;\">Informationsanfrage<\/span><span class=\"description\"><\/span><\/span><\/span><\/a><\/p><\/div><div class=\"clearing\"><\/div> <\/p>\n<p><strong>Barrierefreie Schiffsreisen mit Rollstuhl, Elektromobil, Rollator, mit oder ohne Betreuung\/Pflege<\/strong><br \/>\nBalos Reisen organisiert Schiffsreisen f\u00fcr Menschen mit k\u00f6rperlichen Einschr\u00e4nkungen, auf Wunsch mit Betreuung\/Pflege.<br \/>\nW\u00e4hrend dieser Reisen sind Begleitpersonen und Pflegekr\u00e4fte an Bord.<br \/>\nSie k\u00f6nnen sich also bester Betreuung und Pflege sicher sein.<br \/>\nNat\u00fcrlich ist es auch m\u00f6glich, dass Sie Ihren Partner oder einen eigenen Begleiter mitbringen, um alle Annehmlichkeiten Ihrer Reise mit bekannten Gesichtern unbeschwert genie\u00dfen zu k\u00f6nnen.<\/p>\n<p><strong>Freuen Sie sich darauf, in Ruhe wach zu werden und vom Bett aus zu sehen, wohin die Reise f\u00fchrt.<\/strong><br \/>\n<div class=\"ait-tabs\" id=\"ait-tabs-435\"><ul><\/ul><div class=\"ait-tab tab-content\" data-ait-tab-title=\"Angebot und Fahrtrouten\"><strong>Mit der MS Prins Willem Alexander bereisen wir 2016 die folgenden Routen und fahren folgende Anlegestellen an:<\/strong><br \/>\nDie Reisedaten und der Preis 2016 (inklusive Vollpension, Pflege und Betreuung) <\/p>\n<ul>\n<li>27. M\u00e4rz bis 1. April &#8211; <strong>Kosten: 1.090,- \u20ac pro Person (max. 50 P.)<\/strong><\/li>\n<p>\tAnlegestelle (NL):  (NL) Dordrecht \u2013 Zierikzee \u2013 Middelburg \u2013 Antwerpen (BE) \u2013 Hellevoetsluis \u2013 Dordrecht\n<\/ul>\n<ul>\n<li>28. August bis 2. September &#8211; <strong>Kosten: 1.160,- \u20ac pro Person (max. 50 P.)<\/strong><\/li>\n<p>\tAnlegestelle (NL) Arnhem \u2013 K\u00f6ln(DE) \u2013 Koblenz (DE) \u2013 Cochem (DE) \u2013 D\u00fcsseldorf (DE) \u2013 Arnhem\n<\/ul>\n<ul>\n<li>4. bis 9. September &#8211; <strong>Kosten: 1.120,- \u20ac pro Person (max. 50 P.)<\/strong><\/li>\n<p>\tAnlegestelle (NL): (NL) Arnhem \u2013 Kampen \u2013 Harlingen \u2013 Vlieland \u2013 Urk \u2013 Meppel\n<\/ul>\n<ul>\n<li>11. bis 16. September &#8211; <strong>Kosten: 1.120,- \u20ac pro Person (max. 50 P.)<\/strong><\/li>\n<p>\tAnlegestelle (NL) Meppel \u2013 Enkhuizen \u2013 Alkmaar \u2013 Den Helder \u2013 Terschelling \u2013 Franeker\n<\/ul>\n<p><strong>Abreise und Ankunft<\/strong><br \/>\nDie Schiffsreise \u00fcber die angebotenen Routen geht von Sonntag bis Freitag.<br \/>\nEinchecken: Zwischen 16.00 Uhr und 17.00 Uhr<br \/>\nAuschecken: Um ca. 13.00 Uhr.<br \/>\nDie definitiven Pl\u00e4tze und Zeiten werden Ihnen gemeinsam mit der Urlaubsbest\u00e4tigung zugesandt. <\/p>\n<p>Achtung!<br \/>\nDie Fahrt zum Anlegeplatz und zur\u00fcck k\u00f6nnen Sie entweder selbst regeln oder bei uns um Unterst\u00fctzung anfragen. <\/div><div class=\"ait-tab tab-content\" data-ait-tab-title=\"Begleitung, Pflege &amp; Hilfsmittel\"> W\u00e4hrend Ihres Urlaubs werden Sie von Fachkr\u00e4ften begleitet, falls n\u00f6tig gepflegt. <\/p>\n<p>Sie k\u00f6nnen sich daher guter Betreuung und Pflege sicher sein!.<br \/>\nDie Zimmer sind ausgestattet mit Hoch-Tief-Betten.<br \/>\nBei anderen Hilfsmitteln, die ben\u00f6tigt werden, k\u00f6nnen wir Ihnen helfen.<br \/>\nAuf Wunsch mieten wir f\u00fcr Sie ein Elektromobil, einen Swiss Trac oder Rollstuhl. <\/p>\n<p>Ein behindertengerechter Urlaub, eine Reise oder ein Ferien-Aufenthalt f\u00fcr k\u00f6rperlich eingeschr\u00e4nkte Menschen? Mit Handikap, Rollator, Rollstuhl oder Elektromobil in den Urlaub ? Balos Reisen macht\u2019s m\u00f6glich! <\/p>\n<p><\/div><div class=\"ait-tab tab-content\" data-ait-tab-title=\"Ihre Reise\"><strong>Sie verbringen Ihren Urlaub auf der MS Prins Willem Alexander.<\/strong><br \/>\nDas Urlaubsschiff ist mit allem Komfort ausgestattet.<br \/>\nEs befinden sich 25 2-Bett-Luxus-Kabinen an Bord.<br \/>\nDie ger\u00e4umigen Zimmer haben elektrisch verstellbare Hoch\/Tief-Betten und eine regulierbare Klimaanlage, des weiteren nat\u00fcrlich TV und Waschbecken.<br \/>\n(Rollstuhl)Toiletten und Duschen sind in ausreichender Anzahl vorhanden und befinden sich in direkter N\u00e4he zu den Kabinen. <\/p>\n<p><strong>Zeit f\u00fcr Entspannung<\/strong><br \/>\nSie verbringen Ihren Urlaub nicht nur auf dem Wasser.<br \/>\nDie MS Prinz Willem Alexander macht regelm\u00e4\u00dfig einen Zwischenstopp.<br \/>\nEs besteht die M\u00f6glichkeit, allerlei gro\u00dfe St\u00e4dte zu besuchen, drau\u00dfen in einem der Bierg\u00e4rten gem\u00fctlich etwas zu trinken, einen erholsamen Spaziergang zu machen oder mit dem Rollstuhl oder Elektromobil auf eine Entdeckungsreise zu gehen.<br \/>\nAuch an Bord gibt es jede Menge M\u00f6glichkeiten, die Zeit dort zu genie\u00dfen.<br \/>\nWir organisieren verschiedenartige Aktivit\u00e4ten, wie Darbietungen verschiedener K\u00fcnstler, einen bunten Abend etc.. Nat\u00fcrlich k\u00f6nnen Sie sich auch an einen ruhigen Ort, zum Beispiel auf dem Sonnendeck, zur\u00fcckziehen. <\/p>\n<p><strong>Was essen wir heute?<\/strong><br \/>\nW\u00e4hrend Ihres Aufenthalts brauchen Sie sich um nichts zu k\u00fcmmern. Wir regeln alles f\u00fcr Sie. Auf dem Reservierungsformular k\u00f6nnen Sie z.B. spezielle Essensw\u00fcnsche oder Di\u00e4ten angeben. <\/p>\n<p><\/div><div class=\"ait-tab tab-content\" data-ait-tab-title=\"Schiffsausstattung\"><strong>Ihr fahrendes Hotel und seine Ausstattung<\/strong><br \/>\nDie MS Prinz Willem Alexander ist speziell konstruiert und ausgestattet f\u00fcr Menschen, die Betreuung und\/oder Pflege ben\u00f6tigen.<br \/>\n25 ger\u00e4umige Doppelkabinen befinden sich auf dem Hauptdeck. Das Fernsehen in der Kabine ist auch mit dem internen TV-System verbunden, damit Sie Ereignisse im gro\u00dfen Salon, GPS-Daten aus dem Ruderhaus verfolgen und den Blick auf das Wasser vor dem Schiff genie\u00dfen k\u00f6nnen.<br \/>\n<div class=\"sc-column one-half\"><strong>Kabinenausstattung:<\/strong>\n<ul>\n<li>elektrische Hoch\/Tiefbetten mit verstellbarem Boden<\/li>\n<li>TV<\/li>\n<li>Haustelefon<\/li>\n<li>Notrufklingel<\/li>\n<li>Klimaanlage<\/li>\n<li>Waschbecken<\/li>\n<li>reichlich Stauraum<\/li>\n<li>in Kabinenn\u00e4he befinden sich gen\u00fcgend (Rollstuhl)Toiletten und Duschen<\/li>\n<\/ul>\n<p><\/p><\/div><div class=\"sc-column sc-column-last one-half-last\"><strong>Ma\u00dfe in cm<\/strong>\n<ul>\n<li>Min. T\u00fcrbreite 105cm<\/li>\n<li>Betth\u00f6he 40-120, H\/T Bett <\/li>\n<li>WC Sitzh\u00f6he 57, St\u00fctzklappgriffe 75\/65, links hochklappbar,<br \/>\nrechts fest. Abstand zwischen den Griffen 66, links Freiraum 90<\/li>\n<li>Dusche Sitzh\u00f6he 47<\/li>\n<li>Waschbecken H\u00f6he 77, unterfahrbare H\u00f6he 60<\/li>\n<li>Badezimmer- und Zimeralarm <\/li>\n<\/ul>\n<p><\/p><\/div><div class=\"clearing\"><\/div><strong>Salon<\/strong><br \/>\nIm gro\u00dfen Salon der MS Prins Willem Alexander befindet sich eine Bar, mit Sicht in den Sternenhimmel, ein TV mit gro\u00dfem Bildschirm und B\u00fchnenbeleuchtung f\u00fcr Auff\u00fchrungen.<br \/>\nEine kleine gem\u00fctliche Bar finden Sie im kleinen Salon vor. <\/p>\n<p><strong>Schiffsdeck<\/strong><br \/>\nMit dem Aufzug, der gro\u00df genug ist f\u00fcr ein Bett, gelangen Sie auf das Oberdeck. Auf diesem Deck befindet sich ein Wintergarten und ein Sonnendach.<br \/>\nEs ist auch gleichzeitig die Terrasse f\u00fcr Sonnenanbeter. <\/p>\n<p><\/div><div class=\"ait-tab tab-content\" data-ait-tab-title=\"Reisebedingungen\"><strong>Buchung der Reise<\/strong><br \/>\nIhre Buchungsanfrage k\u00f6nnen Sie \u00fcber das Online-Formular an uns richten.<br \/>\nDanach erhalten Sie per e-Mail ein umfassenderes Exemplar.<br \/>\nWir bitten Sie dieses auszuf\u00fcllen, auszudrucken, zu unterschreiben und entweder per Post oder per e-Mail.<br \/>\nMit der Unterzeichnung des Anmeldeformulars stimmen Sie zu, dass f\u00fcr die Reise notwendige Informationen von Ihrem Arzt an uns weitergegeben werden d\u00fcrfen.<br \/>\nDar\u00fcber hinaus erkl\u00e4ren Sie, dass die Teilnahme an einem Urlaub auf eigene Gefahr geschieht, sodass die eingesetzten Betreuer, Pflegekr\u00e4fte und Mitarbeiter von Balos Reisen f\u00fcr Sch\u00e4den nicht haftbar gemacht werden k\u00f6nnen.<br \/>\nWir kn\u00fcpfen an das Zustandekommen der Reise u.a. dass Sie eine g\u00fcltige Krankenversicherung vorweisen k\u00f6nnen.<br \/>\nZudem ist es sinnvoll, in Ihrem eigenen Interesse, eine Reise- bzw. Auslandskrankenversicherung und eine Privat-Haftpflichtversicherung zu besitzen bzw. falls n\u00f6tig noch abzuschlie\u00dfen. <\/p>\n<p><strong>Anmeldung der Reise<\/strong><br \/>\nEs ist sehr wichtig, dass Sie Ihr Anmeldeformular vollst\u00e4ndig ausf\u00fcllen. Nur dann k\u00f6nnen wir bestimmen, wieviel und welche Art von Hilfe Sie w\u00e4hrend Ihres Urlaubs ben\u00f6tigen.<br \/>\nBrauchen Sie mehr Hilfe als von uns angeboten werden kann, dann ist unter Umst\u00e4nden eine Urlaubsreise nicht zu verantworten.<br \/>\nDas hei\u00dft, dass Ihre Anmeldung von Balos Reisen nicht akzeptiert wird.<br \/>\nUnvollst\u00e4ndig ausgef\u00fcllte Formulare werden nicht bearbeitet. <\/p>\n<p><strong>Zahlung<\/strong><br \/>\nGleichzeitig mit der Buchungsbest\u00e4tigung erhalten Sie eine Zahlungsaufforderung.<br \/>\nErst nach Eingang des von uns angegebenen Betrags auf unserem Konto, wird die Buchung definitiv. <\/p>\n<p><strong>Die Buchung ist inklusiv:<\/strong><\/p>\n<ul>\n<li>Verkostung<\/li>\n<li>\u00dcbernachtung mit Vollpension; auf Wunsch sind Di\u00e4ten m\u00f6glich<\/li>\n<li>Reservierungskosten<\/li>\n<li>6% Mwst<\/li>\n<\/ul>\n<p><strong>Versicherungen<\/strong><br \/>\nWir empfehlen Ihnen eine Reise-, Reisegep\u00e4ck-Versicherung und\/oder Reiser\u00fccktrittversicherung abzuschlie\u00dfen.<br \/>\nDas kann \u00fcber eine Versicherung oder \u00fcber das Internet geschehen.<br \/>\nWichtig dabei ist, dass Sie es innerhalb einer Woche, nach Erhalt der Buchungsbest\u00e4tigung tun.<br \/>\nAndernfalls werden die Versicherungen f\u00fcr die gebuchte Reise nicht mehr akzeptiert. <\/p>\n<p><strong>Annulierung durch den Reiseteilnehmer<\/strong><\/p>\n<ul>\n<li>Bis 8 Wochen vor Reisebeginn 40% der Reisesumme<\/li>\n<li>Ab 8 bis 4 Wochen vor Reisebeginn 60% der Reisesumme<\/li>\n<li>Ab 4 bis 2 Wochen vor Reisebeginn 80% der Reisesumme<\/li>\n<li>Ab 2 Wochen vor Reisebeginn 100% der Reisesumme zu bezahlen<\/li>\n<\/ul>\n<p>Eine Annullierung kann nur nach einer von Ihnen eingegangenen e-Mail akzeptiert und bearbeitet werden. <\/p>\n<p><strong>Bef\u00f6rderung<\/strong><br \/>\nDie Fahrt von zu Hause bis zur MS Prins Willem Alexander und wieder zur\u00fcck k\u00f6nnen Sie selbst regeln oder bei uns Unterst\u00fctzung anfragen. <\/p>\n<p><strong>Weigerung der Mitnahme<\/strong><br \/>\nWenn sich herausstellt, dass die Angaben im Antragsformular, in Bezug auf Transport und\/oder der Art der Begleitung, nicht der Wahrheit entsprechen, sodass es unm\u00f6glich ist, den Gast mitzunehmen, kann die Mitnahme in letzter Minute verweigert werden.<br \/>\nEs gibt dann keine Erstattung der Reisesumme.<br \/>\nWeigerung ist auch m\u00f6glich, bei zugrunde liegen begr\u00fcndeter Zweifel, dass die Reise f\u00fcr den Gast machbar ist oder dass es sehr wahrscheinlich ist, dass es zu extrem negativem Einfluss des Kunden auf die verbleibenden G\u00e4ste kommen kann.<br \/>\nDie Begleiter und Pfleger haben dann die Pflicht, die anderen Teilnehmer zu sch\u00fctzen und somit das Recht auf Weigerung. <\/p>\n<p><strong>Akzeptanz der AGB (Allgemeinen Gesch\u00e4ftsbedingungen)<\/strong><br \/>\nJeder Reiseteilnehmer akzeptiert mit Unterzeichnung des Antragsformulars die bestehenden allgemeinen Gesch\u00e4ftsbedingungen und das Ausf\u00fchren der Reise, wie sie von einer Reiseorganisation f\u00fcr Menschen mit k\u00f6rperlichen Einschr\u00e4nkungen erwartet wird. <\/p>\n<p><strong>Zum guten Schluss<\/strong><br \/>\nWir gehen davon aus, dass jeder Teilnehmer aktuelle Information, die medizinische Situation und den Medikamentengebrauch betreffend, mitnimmt, sodass die Pflegekr\u00e4fte Ihnen die auf Sie zugeschnittene, richtige Pflege bieten k\u00f6nnen.<br \/>\n<\/div><\/div>\n\t<script type=\"text\/javascript\">\n\t\t(function($){\n\n\t\t\t$(function(){\n\n\t\t\t\tvar $tabs = $(\"#ait-tabs-435\" ),\n\t\t\t\t\t$tabsList = $tabs.find(\"> ul\"),\n\t\t\t\t\t$tabDivs = $tabs.find(\".ait-tab.tab-content\"),\n\t\t\t\t\ttabsCount = $tabDivs.length;\n\n\t\t\t\t$tabs.find(\"> p, > br\").remove();\n\n\t\t\t\tvar tabId = 0;\n\t\t\t\t$tabDivs.each(function(){\n\t\t\t\t\ttabId++;\n\t\t\t\t\tvar tabName = \"tab-435-\"+tabId;\n\t\t\t\t\tvar sharp = \"#\";\n\t\t\t\t\t$(this).attr(\"id\",tabName);\n\t\t\t\t\tvar tabTitle = $(this).data(\"ait-tab-title\");\n\t\t\t\t\t$('<li><a class=\"tab-link\" href=\"'+sharp+tabName+'\">'+tabTitle+'<\/a><\/li>').appendTo($tabsList);\n\t\t\t\t});\n\n\t\t\t\t$tabs.tabs();\n\n\t\t\t\tif(typeof Cufon !== \"undefined\")\n\t\t\t\t\tCufon.refresh();\n\t\t\t});\n\n\t\t})(jQuery);\n\t<\/script><\/p>\n","protected":false},"excerpt":{"rendered":"<p>Barrierefreie Schiffsreisen mit Rollstuhl, Elektromobil, Rollator, mit oder ohne Betreuung\/Pflege Balos Reisen organisiert Schiffsreisen f\u00fcr Menschen mit k\u00f6rperlichen Einschr\u00e4nkungen, auf Wunsch mit Betreuung\/Pflege. W\u00e4hrend dieser Reisen sind Begleitpersonen und Pflegekr\u00e4fte an Bord. Sie k\u00f6nnen sich also bester Betreuung und Pflege sicher sein. Nat\u00fcrlich ist es auch m\u00f6glich, dass Sie Ihren Partner oder einen eigenen Begleiter [&hellip;]<\/p>\n","protected":false},"author":2,"featured_media":0,"parent":10559,"menu_order":0,"comment_status":"closed","ping_status":"closed","template":"page-fullwidth.php","meta":[],"yoast_head":"<!-- This site is optimized with the Yoast SEO plugin v19.9 - https:\/\/yoast.com\/wordpress\/plugins\/seo\/ -->\n<title>Schiffsreise mit der MS Prins Willem Alexander - Meer dan 95 reizen en vakantie voor gehandicapten<\/title>\n<meta name=\"robots\" content=\"index, follow, max-snippet:-1, max-image-preview:large, max-video-preview:-1\" \/>\n<link rel=\"canonical\" href=\"https:\/\/www.challengeresorts.org\/de\/schiffsreise-rolli-reisen-rollstuhl-pflege-urlaub\/schiffsreise-mit-der-ms-prins-willem-alexander\/\" \/>\n<meta property=\"og:locale\" content=\"de_DE\" \/>\n<meta property=\"og:type\" content=\"article\" \/>\n<meta property=\"og:title\" content=\"Schiffsreise mit der MS Prins Willem Alexander - Meer dan 95 reizen en vakantie voor gehandicapten\" \/>\n<meta property=\"og:description\" content=\"Barrierefreie Schiffsreisen mit Rollstuhl, Elektromobil, Rollator, mit oder ohne Betreuung\/Pflege Balos Reisen organisiert Schiffsreisen f\u00fcr Menschen mit k\u00f6rperlichen Einschr\u00e4nkungen, auf Wunsch mit Betreuung\/Pflege. W\u00e4hrend dieser Reisen sind Begleitpersonen und Pflegekr\u00e4fte an Bord. Sie k\u00f6nnen sich also bester Betreuung und Pflege sicher sein. Nat\u00fcrlich ist es auch m\u00f6glich, dass Sie Ihren Partner oder einen eigenen Begleiter [&hellip;]\" \/>\n<meta property=\"og:url\" content=\"https:\/\/www.challengeresorts.org\/de\/schiffsreise-rolli-reisen-rollstuhl-pflege-urlaub\/schiffsreise-mit-der-ms-prins-willem-alexander\/\" \/>\n<meta property=\"og:site_name\" content=\"Meer dan 95 reizen en vakantie voor gehandicapten\" \/>\n<meta property=\"article:publisher\" content=\"https:\/\/www.facebook.com\/Challenge-Resorts-Travel-290539217694104\/\" \/>\n<meta property=\"article:modified_time\" content=\"2017-02-08T23:58:59+00:00\" \/>\n<meta property=\"og:image\" content=\"https:\/\/www.challengeresorts.org\/wp-content\/uploads\/17-huur-mobilitietsmiddelen.jpg\" \/>\n<meta name=\"twitter:card\" content=\"summary_large_image\" \/>\n<meta name=\"twitter:label1\" content=\"Gesch\u00e4tzte Lesezeit\" \/>\n\t<meta name=\"twitter:data1\" content=\"7\u00a0Minuten\" \/>\n<script type=\"application\/ld+json\" class=\"yoast-schema-graph\">{\"@context\":\"https:\/\/schema.org\",\"@graph\":[{\"@type\":\"WebPage\",\"@id\":\"https:\/\/www.challengeresorts.org\/de\/schiffsreise-rolli-reisen-rollstuhl-pflege-urlaub\/schiffsreise-mit-der-ms-prins-willem-alexander\/\",\"url\":\"https:\/\/www.challengeresorts.org\/de\/schiffsreise-rolli-reisen-rollstuhl-pflege-urlaub\/schiffsreise-mit-der-ms-prins-willem-alexander\/\",\"name\":\"Schiffsreise mit der MS Prins Willem Alexander - Meer dan 95 reizen en vakantie voor gehandicapten\",\"isPartOf\":{\"@id\":\"https:\/\/www.challengeresorts.org\/#website\"},\"datePublished\":\"2014-11-18T10:30:27+00:00\",\"dateModified\":\"2017-02-08T23:58:59+00:00\",\"breadcrumb\":{\"@id\":\"https:\/\/www.challengeresorts.org\/de\/schiffsreise-rolli-reisen-rollstuhl-pflege-urlaub\/schiffsreise-mit-der-ms-prins-willem-alexander\/#breadcrumb\"},\"inLanguage\":\"de\",\"potentialAction\":[{\"@type\":\"ReadAction\",\"target\":[\"https:\/\/www.challengeresorts.org\/de\/schiffsreise-rolli-reisen-rollstuhl-pflege-urlaub\/schiffsreise-mit-der-ms-prins-willem-alexander\/\"]}]},{\"@type\":\"BreadcrumbList\",\"@id\":\"https:\/\/www.challengeresorts.org\/de\/schiffsreise-rolli-reisen-rollstuhl-pflege-urlaub\/schiffsreise-mit-der-ms-prins-willem-alexander\/#breadcrumb\",\"itemListElement\":[{\"@type\":\"ListItem\",\"position\":1,\"name\":\"Home\",\"item\":\"https:\/\/www.challengeresorts.org\/de\/?page_id=23030\"},{\"@type\":\"ListItem\",\"position\":2,\"name\":\"Auf dem Wasser\",\"item\":\"https:\/\/www.challengeresorts.org\/de\/schiffsreise-rolli-reisen-rollstuhl-pflege-urlaub\/\"},{\"@type\":\"ListItem\",\"position\":3,\"name\":\"Schiffsreise mit der MS Prins Willem Alexander\"}]},{\"@type\":\"WebSite\",\"@id\":\"https:\/\/www.challengeresorts.org\/#website\",\"url\":\"https:\/\/www.challengeresorts.org\/\",\"name\":\"Meer dan 95 reizen en vakantie voor gehandicapten\",\"description\":\"Rollator, rolstoel, scootmobiel en\/of zorg individueel vakanties of groepsreizen\",\"publisher\":{\"@id\":\"https:\/\/www.challengeresorts.org\/#organization\"},\"potentialAction\":[{\"@type\":\"SearchAction\",\"target\":{\"@type\":\"EntryPoint\",\"urlTemplate\":\"https:\/\/www.challengeresorts.org\/?s={search_term_string}\"},\"query-input\":\"required name=search_term_string\"}],\"inLanguage\":\"de\"},{\"@type\":\"Organization\",\"@id\":\"https:\/\/www.challengeresorts.org\/#organization\",\"name\":\"Challange Resorts & Travel\",\"url\":\"https:\/\/www.challengeresorts.org\/\",\"logo\":{\"@type\":\"ImageObject\",\"inLanguage\":\"de\",\"@id\":\"https:\/\/www.challengeresorts.org\/#\/schema\/logo\/image\/\",\"url\":\"https:\/\/www.challengeresorts.org\/wp-content\/uploads\/2012\/11\/logo-crt.jpg\",\"contentUrl\":\"https:\/\/www.challengeresorts.org\/wp-content\/uploads\/2012\/11\/logo-crt.jpg\",\"width\":\"495\",\"height\":\"141\",\"caption\":\"Challange Resorts & Travel\"},\"image\":{\"@id\":\"https:\/\/www.challengeresorts.org\/#\/schema\/logo\/image\/\"},\"sameAs\":[\"https:\/\/www.facebook.com\/Challenge-Resorts-Travel-290539217694104\/\"]}]}<\/script>\n<!-- \/ Yoast SEO plugin. -->","yoast_head_json":{"title":"Schiffsreise mit der MS Prins Willem Alexander - Meer dan 95 reizen en vakantie voor gehandicapten","robots":{"index":"index","follow":"follow","max-snippet":"max-snippet:-1","max-image-preview":"max-image-preview:large","max-video-preview":"max-video-preview:-1"},"canonical":"https:\/\/www.challengeresorts.org\/de\/schiffsreise-rolli-reisen-rollstuhl-pflege-urlaub\/schiffsreise-mit-der-ms-prins-willem-alexander\/","og_locale":"de_DE","og_type":"article","og_title":"Schiffsreise mit der MS Prins Willem Alexander - Meer dan 95 reizen en vakantie voor gehandicapten","og_description":"Barrierefreie Schiffsreisen mit Rollstuhl, Elektromobil, Rollator, mit oder ohne Betreuung\/Pflege Balos Reisen organisiert Schiffsreisen f\u00fcr Menschen mit k\u00f6rperlichen Einschr\u00e4nkungen, auf Wunsch mit Betreuung\/Pflege. W\u00e4hrend dieser Reisen sind Begleitpersonen und Pflegekr\u00e4fte an Bord. Sie k\u00f6nnen sich also bester Betreuung und Pflege sicher sein. Nat\u00fcrlich ist es auch m\u00f6glich, dass Sie Ihren Partner oder einen eigenen Begleiter [&hellip;]","og_url":"https:\/\/www.challengeresorts.org\/de\/schiffsreise-rolli-reisen-rollstuhl-pflege-urlaub\/schiffsreise-mit-der-ms-prins-willem-alexander\/","og_site_name":"Meer dan 95 reizen en vakantie voor gehandicapten","article_publisher":"https:\/\/www.facebook.com\/Challenge-Resorts-Travel-290539217694104\/","article_modified_time":"2017-02-08T23:58:59+00:00","og_image":[{"url":"https:\/\/www.challengeresorts.org\/wp-content\/uploads\/17-huur-mobilitietsmiddelen.jpg"}],"twitter_card":"summary_large_image","twitter_misc":{"Gesch\u00e4tzte Lesezeit":"7\u00a0Minuten"},"schema":{"@context":"https:\/\/schema.org","@graph":[{"@type":"WebPage","@id":"https:\/\/www.challengeresorts.org\/de\/schiffsreise-rolli-reisen-rollstuhl-pflege-urlaub\/schiffsreise-mit-der-ms-prins-willem-alexander\/","url":"https:\/\/www.challengeresorts.org\/de\/schiffsreise-rolli-reisen-rollstuhl-pflege-urlaub\/schiffsreise-mit-der-ms-prins-willem-alexander\/","name":"Schiffsreise mit der MS Prins Willem Alexander - Meer dan 95 reizen en vakantie voor gehandicapten","isPartOf":{"@id":"https:\/\/www.challengeresorts.org\/#website"},"datePublished":"2014-11-18T10:30:27+00:00","dateModified":"2017-02-08T23:58:59+00:00","breadcrumb":{"@id":"https:\/\/www.challengeresorts.org\/de\/schiffsreise-rolli-reisen-rollstuhl-pflege-urlaub\/schiffsreise-mit-der-ms-prins-willem-alexander\/#breadcrumb"},"inLanguage":"de","potentialAction":[{"@type":"ReadAction","target":["https:\/\/www.challengeresorts.org\/de\/schiffsreise-rolli-reisen-rollstuhl-pflege-urlaub\/schiffsreise-mit-der-ms-prins-willem-alexander\/"]}]},{"@type":"BreadcrumbList","@id":"https:\/\/www.challengeresorts.org\/de\/schiffsreise-rolli-reisen-rollstuhl-pflege-urlaub\/schiffsreise-mit-der-ms-prins-willem-alexander\/#breadcrumb","itemListElement":[{"@type":"ListItem","position":1,"name":"Home","item":"https:\/\/www.challengeresorts.org\/de\/?page_id=23030"},{"@type":"ListItem","position":2,"name":"Auf dem Wasser","item":"https:\/\/www.challengeresorts.org\/de\/schiffsreise-rolli-reisen-rollstuhl-pflege-urlaub\/"},{"@type":"ListItem","position":3,"name":"Schiffsreise mit der MS Prins Willem Alexander"}]},{"@type":"WebSite","@id":"https:\/\/www.challengeresorts.org\/#website","url":"https:\/\/www.challengeresorts.org\/","name":"Meer dan 95 reizen en vakantie voor gehandicapten","description":"Rollator, rolstoel, scootmobiel en\/of zorg individueel vakanties of groepsreizen","publisher":{"@id":"https:\/\/www.challengeresorts.org\/#organization"},"potentialAction":[{"@type":"SearchAction","target":{"@type":"EntryPoint","urlTemplate":"https:\/\/www.challengeresorts.org\/?s={search_term_string}"},"query-input":"required name=search_term_string"}],"inLanguage":"de"},{"@type":"Organization","@id":"https:\/\/www.challengeresorts.org\/#organization","name":"Challange Resorts & Travel","url":"https:\/\/www.challengeresorts.org\/","logo":{"@type":"ImageObject","inLanguage":"de","@id":"https:\/\/www.challengeresorts.org\/#\/schema\/logo\/image\/","url":"https:\/\/www.challengeresorts.org\/wp-content\/uploads\/2012\/11\/logo-crt.jpg","contentUrl":"https:\/\/www.challengeresorts.org\/wp-content\/uploads\/2012\/11\/logo-crt.jpg","width":"495","height":"141","caption":"Challange Resorts & Travel"},"image":{"@id":"https:\/\/www.challengeresorts.org\/#\/schema\/logo\/image\/"},"sameAs":["https:\/\/www.facebook.com\/Challenge-Resorts-Travel-290539217694104\/"]}]}},"_links":{"self":[{"href":"https:\/\/www.challengeresorts.org\/de\/wp-json\/wp\/v2\/pages\/10555"}],"collection":[{"href":"https:\/\/www.challengeresorts.org\/de\/wp-json\/wp\/v2\/pages"}],"about":[{"href":"https:\/\/www.challengeresorts.org\/de\/wp-json\/wp\/v2\/types\/page"}],"author":[{"embeddable":true,"href":"https:\/\/www.challengeresorts.org\/de\/wp-json\/wp\/v2\/users\/2"}],"replies":[{"embeddable":true,"href":"https:\/\/www.challengeresorts.org\/de\/wp-json\/wp\/v2\/comments?post=10555"}],"version-history":[{"count":6,"href":"https:\/\/www.challengeresorts.org\/de\/wp-json\/wp\/v2\/pages\/10555\/revisions"}],"predecessor-version":[{"id":17674,"href":"https:\/\/www.challengeresorts.org\/de\/wp-json\/wp\/v2\/pages\/10555\/revisions\/17674"}],"up":[{"embeddable":true,"href":"https:\/\/www.challengeresorts.org\/de\/wp-json\/wp\/v2\/pages\/10559"}],"wp:attachment":[{"href":"https:\/\/www.challengeresorts.org\/de\/wp-json\/wp\/v2\/media?parent=10555"}],"curies":[{"name":"wp","href":"https:\/\/api.w.org\/{rel}","templated":true}]}}