{"id":10559,"date":"2014-11-18T11:28:57","date_gmt":"2014-11-18T10:28:57","guid":{"rendered":"http:\/\/www.challengeresorts.org\/?page_id=10559"},"modified":"2020-04-07T10:31:35","modified_gmt":"2020-04-07T09:31:35","slug":"schiffsreise-rolli-reisen-rollstuhl-pflege-urlaub","status":"publish","type":"page","link":"https:\/\/www.challengeresorts.org\/de\/schiffsreise-rolli-reisen-rollstuhl-pflege-urlaub\/","title":{"rendered":"Auf dem Wasser"},"content":{"rendered":"<p><div class=\"sc-column two-third\">\n\t\t\t<!-- START SchipVaarvakantie REVOLUTION SLIDER 6.6.18 --><p class=\"rs-p-wp-fix\"><\/p>\n\t\t\t<rs-module-wrap id=\"rev_slider_20_1_wrapper\" data-source=\"gallery\" style=\"visibility:hidden;background:#E9E9E9;padding:5;margin:0px auto;margin-top:20;margin-bottom:0;\">\n\t\t\t\t<rs-module id=\"rev_slider_20_1\" style=\"\" data-version=\"6.6.18\">\n\t\t\t\t\t<rs-slides style=\"overflow: hidden; position: absolute;\">\n\t\t\t\t\t\t<rs-slide style=\"position: absolute;\" data-key=\"rs-172\" data-title=\"Slide\" data-thumb=\"\/\/www.challengeresorts.org\/wp-content\/uploads\/revslider\/vaarvakantie-voor-gehandicapten\/600x350-Ms.-Viola-100x50.jpg\" data-anim=\"adpr:false;\">\n\t\t\t\t\t\t\t<img src=\"\/\/www.challengeresorts.org\/wp-content\/plugins\/revslider\/public\/assets\/assets\/dummy.png\" alt=\"\" title=\"600&#215;350-Ms.-Viola.jpg\" width=\"600\" height=\"350\" class=\"rev-slidebg tp-rs-img rs-lazyload\" data-lazyload=\"\/\/www.challengeresorts.org\/wp-content\/uploads\/revslider\/vaarvakantie-voor-gehandicapten\/600x350-Ms.-Viola.jpg\" data-no-retina\/>\n<!---->\t\t\t\t\t\t<\/rs-slide>\n\t\t\t\t\t\t<rs-slide style=\"position: absolute;\" data-key=\"rs-173\" data-title=\"Slide\" data-thumb=\"\/\/www.challengeresorts.org\/wp-content\/uploads\/revslider\/vaarvakantie-voor-gehandicapten\/MS.-JHD-100x50.jpg\" data-anim=\"adpr:false;\">\n\t\t\t\t\t\t\t<img src=\"\/\/www.challengeresorts.org\/wp-content\/plugins\/revslider\/public\/assets\/assets\/dummy.png\" alt=\"\" title=\"MS.-JHD.jpg\" width=\"640\" height=\"370\" class=\"rev-slidebg tp-rs-img rs-lazyload\" data-lazyload=\"\/\/www.challengeresorts.org\/wp-content\/uploads\/revslider\/vaarvakantie-voor-gehandicapten\/MS.-JHD.jpg\" data-no-retina\/>\n<!---->\t\t\t\t\t\t<\/rs-slide>\n\t\t\t\t\t\t<rs-slide style=\"position: absolute;\" data-key=\"rs-174\" data-title=\"Slide\" data-thumb=\"\/\/www.challengeresorts.org\/wp-content\/uploads\/2014\/01\/600x350-MS-prins-willem.jpg\" data-anim=\"adpr:false;\">\n\t\t\t\t\t\t\t<img src=\"\/\/www.challengeresorts.org\/wp-content\/plugins\/revslider\/public\/assets\/assets\/dummy.png\" alt=\"Slide\" title=\"Auf dem Wasser\" class=\"rev-slidebg tp-rs-img rs-lazyload\" data-lazyload=\"\/\/www.challengeresorts.org\/wp-content\/plugins\/revslider\/public\/assets\/assets\/transparent.png\" data-no-retina\/>\n<!---->\t\t\t\t\t\t<\/rs-slide>\n\t\t\t\t\t\t<rs-slide style=\"position: absolute;\" data-key=\"rs-175\" data-title=\"Slide\" data-thumb=\"\/\/www.challengeresorts.org\/wp-content\/uploads\/2012\/12\/Bungalowboot.jpg\" data-anim=\"adpr:false;\">\n\t\t\t\t\t\t\t<img src=\"\/\/www.challengeresorts.org\/wp-content\/plugins\/revslider\/public\/assets\/assets\/dummy.png\" alt=\"Slide\" title=\"Auf dem Wasser\" class=\"rev-slidebg tp-rs-img rs-lazyload\" data-lazyload=\"\/\/www.challengeresorts.org\/wp-content\/plugins\/revslider\/public\/assets\/assets\/transparent.png\" data-no-retina\/>\n<!---->\t\t\t\t\t\t<\/rs-slide>\n\t\t\t\t\t<\/rs-slides>\n\t\t\t\t<\/rs-module>\n\t\t\t\t<script>\n\t\t\t\t\tsetREVStartSize({c: 'rev_slider_20_1',rl:[1240,1024,778,480],el:[],gw:[500],gh:[320],type:'standard',justify:'',layout:'fullwidth',thumbh:\"70\",mh:\"0\"});if (window.RS_MODULES!==undefined && window.RS_MODULES.modules!==undefined && window.RS_MODULES.modules[\"revslider201\"]!==undefined) {window.RS_MODULES.modules[\"revslider201\"].once = false;window.revapi20 = undefined;if (window.RS_MODULES.checkMinimal!==undefined) window.RS_MODULES.checkMinimal()}\n\t\t\t\t<\/script>\n\t\t\t<\/rs-module-wrap>\n\t\t\t<!-- END REVOLUTION SLIDER -->\n<\/div><div class=\"sc-column sc-column-last one-third-last\">\n<ul><\/ul>\n<ul><\/ul>\n<p><span style=\"font-size: x-large;\"><strong>Charakteristik:<\/strong><\/span><\/p>\n\n<ul class=\"sc-list style4 \">\n<li>Schiffsreise mit der MS Prins Willem Alexander<\/li>\n<\/ul>\n<ul class=\"sc-list style4 \">\n<li>Schwimmendes Ferienhaus f\u00fcr 1-6 Personen<\/li>\n<\/ul>\n<ul class=\"sc-list style4 \">\n<li>Pflege, Hilfs- und Mobilit\u00e4tsmittel sind m\u00f6glich<\/li>\n<\/ul>\n<ul class=\"sc-list style4 \">\n<li>Zug\u00e4nglich f\u00fcr Elektromobil und (elektrischen) Rollstuhl<\/li>\n<\/ul>\n<p><a href=\"\/?page_id=1126\" class=\"sc-button alignleft light\" style=\"background-color: #0291B1; border-color: #0291B1; width: 180px; \"><span class=\"border\"><span class=\"wrap\"><span class=\"title\" style=\"color: #CCCCCC;\">Informationsanfrage<\/span><span class=\"description\"><\/span><\/span><\/span><\/a><\/p><\/div><div class=\"clearing\"><\/div><br \/>\n<strong>Barrierefreie Schiffsreisen, mit oder ohne Betreuung\/Pflege, mit Rollstuhl, Elektromobil oder Rollator <\/strong><\/p>\n<p>Balos Reisen organisiert Reisen f\u00fcr Menschen mit k\u00f6rperlichen Einschr\u00e4nkungen, mit oder ohne Betreuung\/Pflege, in Form von:<\/p>\n<ul>\n<li>Schiffsreisen auf Fl\u00fcssen oder Seen oder Urlaub auf dem Hausboot<\/li>\n<li>1 Wochenende, 5 Tage, 1 Woche oder l\u00e4nger<\/li>\n<li>Sie sind der Kapit\u00e4n auf dem Hausboot oder Sie erhalten auf Wunsch Begleitung von einem Skipper<\/li>\n<li>Pflegedienst, Hilfs- und Mobilit\u00e4tsmittel m\u00f6glich<\/li>\n<\/ul>\n<div class=\"ait-tabs\" id=\"ait-tabs-828\"><ul><\/ul><div class=\"ait-tab tab-content\" data-ait-tab-title=\"Angebot\"><div class=\"rule\"><span class=\"top\">top<\/span><\/div><strong><span style=\"color: #ff0000;\">Bereisen Sie Fl\u00fcsse und Seen in den Niederlanden und Deutschland <\/span><a title=\"Folgen Sie dem Link zu dieser behindertengerechten Reisem\u00f6glichkeit auf dem Wasser\" href=\"?page_id=10555\"><span style=\"color: #47a3a3;\">mit der MS Prins Willem Alexander<\/span><\/a><\/strong><br \/>\nOb mit oder ohne Pflege\/Begleitung auf jeden Fall ein Rundum-Service-Urlaub.<br \/>\nSo k\u00f6nnen Sie gen\u00fcsslich aufwachen und von Ihrem Bett aus sehen, wohin Sie die Reise f\u00fchrt.<br \/>\nMachen Sie mit uns eine herrliche 6-Tages-Tour auf dem Wasser in den Niederlanden und\/oder auf Rhein und Mosel.<\/p>\n<p><div class=\"rule\"><span class=\"top\">top<\/span><\/div><br \/>\n<strong><span style=\"color: #ff0000;\">In Brandenburg-Plaue <\/span><a title=\"Folgen Sie dem Link zu dieser behindertengerechten M\u00f6glichkeit auf dem Wasser \" href=\"?page_id=10563\"><span style=\"color: #47a3a3;\">selbst als Kapit\u00e4n mit dem Bungalowboot fahren <\/span><\/a><\/strong><br \/>\nAbends in einer einsamen Bucht am Lagerfeuer sitzen, den Ger\u00e4uschen der Natur lauschen und sich dann von den sanften Wellen in den Schlaf wiegen lassen \u2013 dieses einmalige Naturerlebnis k\u00f6nnen Ihnen nur unsere Bungalowboote bieten!<br \/>\nMit diesem fahrenden Ferienhaus f\u00fcr 1 Wochenende, 5 Tage, 1 Woche oder mehr eigenst\u00e4ndig reisen . Erleben Sie diese einzigartige Erfahrung. Das Bungalow-Boot ist geeignet f\u00fcr 1 bis 6 Personen, darunter zwei Rollstuhlfahrer.<\/p>\n<p>[sniplet DE-Google-Homepage]<br \/>\n<\/div><\/div>\n\t<script type=\"text\/javascript\">\n\t\t(function($){\n\n\t\t\t$(function(){\n\n\t\t\t\tvar $tabs = $(\"#ait-tabs-828\" ),\n\t\t\t\t\t$tabsList = $tabs.find(\"> ul\"),\n\t\t\t\t\t$tabDivs = $tabs.find(\".ait-tab.tab-content\"),\n\t\t\t\t\ttabsCount = $tabDivs.length;\n\n\t\t\t\t$tabs.find(\"> p, > br\").remove();\n\n\t\t\t\tvar tabId = 0;\n\t\t\t\t$tabDivs.each(function(){\n\t\t\t\t\ttabId++;\n\t\t\t\t\tvar tabName = \"tab-828-\"+tabId;\n\t\t\t\t\tvar sharp = \"#\";\n\t\t\t\t\t$(this).attr(\"id\",tabName);\n\t\t\t\t\tvar tabTitle = $(this).data(\"ait-tab-title\");\n\t\t\t\t\t$('<li><a class=\"tab-link\" href=\"'+sharp+tabName+'\">'+tabTitle+'<\/a><\/li>').appendTo($tabsList);\n\t\t\t\t});\n\n\t\t\t\t$tabs.tabs();\n\n\t\t\t\tif(typeof Cufon !== \"undefined\")\n\t\t\t\t\tCufon.refresh();\n\t\t\t});\n\n\t\t})(jQuery);\n\t<\/script>\n","protected":false},"excerpt":{"rendered":"<p>Barrierefreie Schiffsreisen, mit oder ohne Betreuung\/Pflege, mit Rollstuhl, Elektromobil oder Rollator Balos Reisen organisiert Reisen f\u00fcr Menschen mit k\u00f6rperlichen Einschr\u00e4nkungen, mit oder ohne Betreuung\/Pflege, in Form von: Schiffsreisen auf Fl\u00fcssen oder Seen oder Urlaub auf dem Hausboot 1 Wochenende, 5 Tage, 1 Woche oder l\u00e4nger Sie sind der Kapit\u00e4n auf dem Hausboot oder Sie erhalten [&hellip;]<\/p>\n","protected":false},"author":2,"featured_media":0,"parent":0,"menu_order":3,"comment_status":"closed","ping_status":"closed","template":"page-fullwidth.php","meta":[],"yoast_head":"<!-- This site is optimized with the Yoast SEO plugin v19.9 - https:\/\/yoast.com\/wordpress\/plugins\/seo\/ -->\n<title>Auf dem Wasser - Meer dan 95 reizen en vakantie voor gehandicapten<\/title>\n<meta name=\"robots\" content=\"index, follow, max-snippet:-1, max-image-preview:large, max-video-preview:-1\" \/>\n<link rel=\"canonical\" href=\"https:\/\/www.challengeresorts.org\/de\/schiffsreise-rolli-reisen-rollstuhl-pflege-urlaub\/\" \/>\n<meta property=\"og:locale\" content=\"de_DE\" \/>\n<meta property=\"og:type\" content=\"article\" \/>\n<meta property=\"og:title\" content=\"Auf dem Wasser - Meer dan 95 reizen en vakantie voor gehandicapten\" \/>\n<meta property=\"og:description\" content=\"Barrierefreie Schiffsreisen, mit oder ohne Betreuung\/Pflege, mit Rollstuhl, Elektromobil oder Rollator Balos Reisen organisiert Reisen f\u00fcr Menschen mit k\u00f6rperlichen Einschr\u00e4nkungen, mit oder ohne Betreuung\/Pflege, in Form von: Schiffsreisen auf Fl\u00fcssen oder Seen oder Urlaub auf dem Hausboot 1 Wochenende, 5 Tage, 1 Woche oder l\u00e4nger Sie sind der Kapit\u00e4n auf dem Hausboot oder Sie erhalten [&hellip;]\" \/>\n<meta property=\"og:url\" content=\"https:\/\/www.challengeresorts.org\/de\/schiffsreise-rolli-reisen-rollstuhl-pflege-urlaub\/\" \/>\n<meta property=\"og:site_name\" content=\"Meer dan 95 reizen en vakantie voor gehandicapten\" \/>\n<meta property=\"article:publisher\" content=\"https:\/\/www.facebook.com\/Challenge-Resorts-Travel-290539217694104\/\" \/>\n<meta property=\"article:modified_time\" content=\"2020-04-07T09:31:35+00:00\" \/>\n<meta name=\"twitter:card\" content=\"summary_large_image\" \/>\n<meta name=\"twitter:label1\" content=\"Gesch\u00e4tzte Lesezeit\" \/>\n\t<meta name=\"twitter:data1\" content=\"1\u00a0Minute\" \/>\n<script type=\"application\/ld+json\" class=\"yoast-schema-graph\">{\"@context\":\"https:\/\/schema.org\",\"@graph\":[{\"@type\":\"WebPage\",\"@id\":\"https:\/\/www.challengeresorts.org\/de\/schiffsreise-rolli-reisen-rollstuhl-pflege-urlaub\/\",\"url\":\"https:\/\/www.challengeresorts.org\/de\/schiffsreise-rolli-reisen-rollstuhl-pflege-urlaub\/\",\"name\":\"Auf dem Wasser - Meer dan 95 reizen en vakantie voor gehandicapten\",\"isPartOf\":{\"@id\":\"https:\/\/www.challengeresorts.org\/#website\"},\"datePublished\":\"2014-11-18T10:28:57+00:00\",\"dateModified\":\"2020-04-07T09:31:35+00:00\",\"breadcrumb\":{\"@id\":\"https:\/\/www.challengeresorts.org\/de\/schiffsreise-rolli-reisen-rollstuhl-pflege-urlaub\/#breadcrumb\"},\"inLanguage\":\"de\",\"potentialAction\":[{\"@type\":\"ReadAction\",\"target\":[\"https:\/\/www.challengeresorts.org\/de\/schiffsreise-rolli-reisen-rollstuhl-pflege-urlaub\/\"]}]},{\"@type\":\"BreadcrumbList\",\"@id\":\"https:\/\/www.challengeresorts.org\/de\/schiffsreise-rolli-reisen-rollstuhl-pflege-urlaub\/#breadcrumb\",\"itemListElement\":[{\"@type\":\"ListItem\",\"position\":1,\"name\":\"Home\",\"item\":\"https:\/\/www.challengeresorts.org\/de\/?page_id=23030\"},{\"@type\":\"ListItem\",\"position\":2,\"name\":\"Auf dem Wasser\"}]},{\"@type\":\"WebSite\",\"@id\":\"https:\/\/www.challengeresorts.org\/#website\",\"url\":\"https:\/\/www.challengeresorts.org\/\",\"name\":\"Meer dan 95 reizen en vakantie voor gehandicapten\",\"description\":\"Rollator, rolstoel, scootmobiel en\/of zorg individueel vakanties of groepsreizen\",\"publisher\":{\"@id\":\"https:\/\/www.challengeresorts.org\/#organization\"},\"potentialAction\":[{\"@type\":\"SearchAction\",\"target\":{\"@type\":\"EntryPoint\",\"urlTemplate\":\"https:\/\/www.challengeresorts.org\/?s={search_term_string}\"},\"query-input\":\"required name=search_term_string\"}],\"inLanguage\":\"de\"},{\"@type\":\"Organization\",\"@id\":\"https:\/\/www.challengeresorts.org\/#organization\",\"name\":\"Challange Resorts & Travel\",\"url\":\"https:\/\/www.challengeresorts.org\/\",\"logo\":{\"@type\":\"ImageObject\",\"inLanguage\":\"de\",\"@id\":\"https:\/\/www.challengeresorts.org\/#\/schema\/logo\/image\/\",\"url\":\"https:\/\/www.challengeresorts.org\/wp-content\/uploads\/2012\/11\/logo-crt.jpg\",\"contentUrl\":\"https:\/\/www.challengeresorts.org\/wp-content\/uploads\/2012\/11\/logo-crt.jpg\",\"width\":\"495\",\"height\":\"141\",\"caption\":\"Challange Resorts & Travel\"},\"image\":{\"@id\":\"https:\/\/www.challengeresorts.org\/#\/schema\/logo\/image\/\"},\"sameAs\":[\"https:\/\/www.facebook.com\/Challenge-Resorts-Travel-290539217694104\/\"]}]}<\/script>\n<!-- \/ Yoast SEO plugin. -->","yoast_head_json":{"title":"Auf dem Wasser - Meer dan 95 reizen en vakantie voor gehandicapten","robots":{"index":"index","follow":"follow","max-snippet":"max-snippet:-1","max-image-preview":"max-image-preview:large","max-video-preview":"max-video-preview:-1"},"canonical":"https:\/\/www.challengeresorts.org\/de\/schiffsreise-rolli-reisen-rollstuhl-pflege-urlaub\/","og_locale":"de_DE","og_type":"article","og_title":"Auf dem Wasser - Meer dan 95 reizen en vakantie voor gehandicapten","og_description":"Barrierefreie Schiffsreisen, mit oder ohne Betreuung\/Pflege, mit Rollstuhl, Elektromobil oder Rollator Balos Reisen organisiert Reisen f\u00fcr Menschen mit k\u00f6rperlichen Einschr\u00e4nkungen, mit oder ohne Betreuung\/Pflege, in Form von: Schiffsreisen auf Fl\u00fcssen oder Seen oder Urlaub auf dem Hausboot 1 Wochenende, 5 Tage, 1 Woche oder l\u00e4nger Sie sind der Kapit\u00e4n auf dem Hausboot oder Sie erhalten [&hellip;]","og_url":"https:\/\/www.challengeresorts.org\/de\/schiffsreise-rolli-reisen-rollstuhl-pflege-urlaub\/","og_site_name":"Meer dan 95 reizen en vakantie voor gehandicapten","article_publisher":"https:\/\/www.facebook.com\/Challenge-Resorts-Travel-290539217694104\/","article_modified_time":"2020-04-07T09:31:35+00:00","twitter_card":"summary_large_image","twitter_misc":{"Gesch\u00e4tzte Lesezeit":"1\u00a0Minute"},"schema":{"@context":"https:\/\/schema.org","@graph":[{"@type":"WebPage","@id":"https:\/\/www.challengeresorts.org\/de\/schiffsreise-rolli-reisen-rollstuhl-pflege-urlaub\/","url":"https:\/\/www.challengeresorts.org\/de\/schiffsreise-rolli-reisen-rollstuhl-pflege-urlaub\/","name":"Auf dem Wasser - Meer dan 95 reizen en vakantie voor gehandicapten","isPartOf":{"@id":"https:\/\/www.challengeresorts.org\/#website"},"datePublished":"2014-11-18T10:28:57+00:00","dateModified":"2020-04-07T09:31:35+00:00","breadcrumb":{"@id":"https:\/\/www.challengeresorts.org\/de\/schiffsreise-rolli-reisen-rollstuhl-pflege-urlaub\/#breadcrumb"},"inLanguage":"de","potentialAction":[{"@type":"ReadAction","target":["https:\/\/www.challengeresorts.org\/de\/schiffsreise-rolli-reisen-rollstuhl-pflege-urlaub\/"]}]},{"@type":"BreadcrumbList","@id":"https:\/\/www.challengeresorts.org\/de\/schiffsreise-rolli-reisen-rollstuhl-pflege-urlaub\/#breadcrumb","itemListElement":[{"@type":"ListItem","position":1,"name":"Home","item":"https:\/\/www.challengeresorts.org\/de\/?page_id=23030"},{"@type":"ListItem","position":2,"name":"Auf dem Wasser"}]},{"@type":"WebSite","@id":"https:\/\/www.challengeresorts.org\/#website","url":"https:\/\/www.challengeresorts.org\/","name":"Meer dan 95 reizen en vakantie voor gehandicapten","description":"Rollator, rolstoel, scootmobiel en\/of zorg individueel vakanties of groepsreizen","publisher":{"@id":"https:\/\/www.challengeresorts.org\/#organization"},"potentialAction":[{"@type":"SearchAction","target":{"@type":"EntryPoint","urlTemplate":"https:\/\/www.challengeresorts.org\/?s={search_term_string}"},"query-input":"required name=search_term_string"}],"inLanguage":"de"},{"@type":"Organization","@id":"https:\/\/www.challengeresorts.org\/#organization","name":"Challange Resorts & Travel","url":"https:\/\/www.challengeresorts.org\/","logo":{"@type":"ImageObject","inLanguage":"de","@id":"https:\/\/www.challengeresorts.org\/#\/schema\/logo\/image\/","url":"https:\/\/www.challengeresorts.org\/wp-content\/uploads\/2012\/11\/logo-crt.jpg","contentUrl":"https:\/\/www.challengeresorts.org\/wp-content\/uploads\/2012\/11\/logo-crt.jpg","width":"495","height":"141","caption":"Challange Resorts & Travel"},"image":{"@id":"https:\/\/www.challengeresorts.org\/#\/schema\/logo\/image\/"},"sameAs":["https:\/\/www.facebook.com\/Challenge-Resorts-Travel-290539217694104\/"]}]}},"_links":{"self":[{"href":"https:\/\/www.challengeresorts.org\/de\/wp-json\/wp\/v2\/pages\/10559"}],"collection":[{"href":"https:\/\/www.challengeresorts.org\/de\/wp-json\/wp\/v2\/pages"}],"about":[{"href":"https:\/\/www.challengeresorts.org\/de\/wp-json\/wp\/v2\/types\/page"}],"author":[{"embeddable":true,"href":"https:\/\/www.challengeresorts.org\/de\/wp-json\/wp\/v2\/users\/2"}],"replies":[{"embeddable":true,"href":"https:\/\/www.challengeresorts.org\/de\/wp-json\/wp\/v2\/comments?post=10559"}],"version-history":[{"count":5,"href":"https:\/\/www.challengeresorts.org\/de\/wp-json\/wp\/v2\/pages\/10559\/revisions"}],"predecessor-version":[{"id":22862,"href":"https:\/\/www.challengeresorts.org\/de\/wp-json\/wp\/v2\/pages\/10559\/revisions\/22862"}],"wp:attachment":[{"href":"https:\/\/www.challengeresorts.org\/de\/wp-json\/wp\/v2\/media?parent=10559"}],"curies":[{"name":"wp","href":"https:\/\/api.w.org\/{rel}","templated":true}]}}