{"id":10563,"date":"2014-11-18T11:34:42","date_gmt":"2014-11-18T10:34:42","guid":{"rendered":"http:\/\/www.challengeresorts.org\/?page_id=10563"},"modified":"2017-02-09T22:15:24","modified_gmt":"2017-02-09T21:15:24","slug":"brandenburg-bungalowboot","status":"publish","type":"page","link":"https:\/\/www.challengeresorts.org\/de\/schiffsreise-rolli-reisen-rollstuhl-pflege-urlaub\/brandenburg-bungalowboot\/","title":{"rendered":"Brandenburg Bungalowboot ****"},"content":{"rendered":"<figure style=\"margin-top:-66px;text-align:right;\"><img src=\"\/wp-content\/uploads\/17-huur-mobilitietsmiddelen.jpg\"  title=\"Mieten von Mobilit\u00e4tsmitteln m\u00f6glich\" width=\"55\" \/>  <img src=\"\/wp-content\/uploads\/16-huur-hulpmiddelen.jpg\"  title=\"Mieten von Hilfsmitteln m\u00f6glich\" width=\"55\" \/> <img src=\"\/wp-content\/uploads\/08-huis-zorg1.jpg\"  title=\"Mieten von mobilem Pflegedienst m\u00f6glich\" width=\"55\" \/>  <img src=\"\/wp-content\/uploads\/13-douche+stoel.jpg\"  title=\"Integrierter Duschstuhl an der Wand montiert \" width=\"55\" \/>  <img src=\"\/wp-content\/uploads\/15-rol-in-douche.jpg\"  title=\"Behindertengerechte Dusche auf dem Zimmer\" width=\"55\" \/>  <img src=\"\/wp-content\/uploads\/04-wc-beugels.jpg\"  title=\"Behindertengerechtes WC auf dem Zimmer\" width=\"55\" \/>  <img src=\"\/wp-content\/uploads\/02-80cm.jpg\"  title=\"Unterkunft mit einer T\u00fcrbreite von mind. 80 cm \" width=\"55\" \/><\/figure>\n<p><div class=\"sc-column two-third\"><code>[thethe-image-slider name=\"Bungalowboot\"]<\/code><\/div> <div class=\"sc-column sc-column-last one-third-last\">\n<p><span style=\"font-size: x-large;\"><strong>Charakteristik<\/strong><\/span><\/p>\n\n<ul class=\"sc-list style4 \">\n<li>Sie sind der Kapit\u00e4n<\/li>\n<\/ul>\n<ul class=\"sc-list style4 \">\n<li>Komfortabel auf dem Wasser<\/li>\n<\/ul>\n<ul class=\"sc-list style4 \">\n<li>Ein Wasser-Urlaub mit vielen M\u00f6glichkeiten<\/li>\n<\/ul>\n<ul class=\"sc-list style4 \">\n<li>Rollstuhlgerechter Zugang<\/li>\n<\/ul>\n<ul class=\"sc-list style4 \">\n<li>Pflegedienst, Hilfs- und Mobilit\u00e4tsmittel m\u00f6glich<\/li>\n<\/ul>\n<p><a href=\"\/?page_id=1126\" class=\"sc-button alignleft light\" style=\"background-color: #0291B1; border-color: #0291B1; width: 180px; \"><span class=\"border\"><span class=\"wrap\"><span class=\"title\" style=\"color: #CCCCCC;\">Informationsanfrage<\/span><span class=\"description\"><\/span><\/span><\/span><\/a><\/p><\/div><div class=\"clearing\"><\/div> <\/p>\n<p><strong>Willkommen an Bord<\/strong> ab \u20ac 753,- pro Woche. Genie\u00dfen Sie und schauen Sie sich das Video an.<br \/>\nAbends in einer einsamen Bucht am Lagerfeuer sitzen, den Ger\u00e4uschen der Natur lauschen und sich dann von den sanften Wellen in den Schlaf wiegen lassen &#8211; dieses einmalige Naturerlebnis k\u00f6nnen Ihnen nur unsere Bungalowboote bieten! <\/p>\n<p>Das Bungalowboot, ein schwimmendes Ferienhaus f\u00fcr 1-6 Personen, kann nach einer kurzen Einweisung vor Ort auf verschiedenen Gew\u00e4ssern Brandenburgs gefahren werden. Mit Ihrem Bungalowboot gleiten Sie gem\u00e4chlich durch eines der sch\u00f6nsten Wassersportgebiete Europas. Inmitten einer weitgehend unber\u00fchrten Natur suchen Sie f\u00fcr sich den sch\u00f6nsten Platz zum Verweilen, Baden, Angeln, ein Buch lesen oder einfach nur loslassen und entspannen &#8230;<\/p>\n<p>Ausgangspunkt f\u00fcr die Touren ist die Marina Brandenburg-Plaue. Von hier aus k\u00f6nnen Sie, nach Erwerb einer Fahrlizenz (ca.\u20ac 30), die Untere Havel, die Potsdamer und die Gew\u00e4sser im Zentrum Berlins befahren.<br \/>\n<div class=\"ait-tabs\" id=\"ait-tabs-872\"><ul><\/ul><div class=\"ait-tab tab-content\" data-ait-tab-title=\"\u00dcbersicht\"><strong>Bungalowboot Abmessungen sind<\/strong><br \/>\n<div class=\"sc-column one-half\">\n<ul>\n<li>L\u00e4nge 11,60 m<\/li>\n<li>Breite 4,95 m<\/li>\n<li>Tiefgang 0,65 cm<\/li>\n<li>Durchfahrtsh\u00f6he 3,30 m<\/li>\n<li>Geschwindigkeit 7-9 km\/h<\/li>\n<li>Wohnfl\u00e4che 30 m2<\/li>\n<\/ul>\n<p><\/p><\/div><div class=\"sc-column sc-column-last one-half-last\">\n<ul>\n<li>T\u00fcrbreiten 80 cm<\/li>\n<li>Terrasse 14 m2<\/li>\n<li>Stromversorgung 12V (120Ah, Ladung durch Solarmodu)<\/li>\n<li>Wechselrichter 230V\/150W auf Wunsch<\/li>\n<li>Pantry Gaskocher, K\u00fchlschrank (Gas)<\/li>\n<\/ul>\n<p><\/p><\/div><div class=\"clearing\"><\/div>Mit Handicap und Rollstuhl oder Elektromobil in den Urlaub in Deutschland? Mit dem Auto, Bus, Zug oder Flugzeug? Ob mit oder ohne Einschr\u00e4nkungen, bei Balos Reisen ist alles m\u00f6glich!!<br \/>\n<\/div><div class=\"ait-tab tab-content\" data-ait-tab-title=\"Ausstattung\"><strong>Inventarliste Bungalowboot:<\/strong><br \/>\n<div class=\"sc-column one-half\"><strong>Wohn\/Essbereich: <\/strong>\n<ul> <\/ul>\n<ul>\n<li>Schlafcouch f\u00fcr 2 Personen (200x140cm)<\/li>\n<li>Bettkasten mit 2 Bettdecken und 2 Kopfkissen, Matratzen-u. Kissenschoner <\/li>\n<li>Bettw\u00e4sche optional erh\u00e4ltlich <\/li>\n<li>2 Leselampen <\/li>\n<li>Ablagetisch <\/li>\n<li>Warmluft Heizung <\/li>\n<li>Ausziehbarer Esstisch 150x90cm <\/li>\n<li>6 St\u00fchle mit Sitzkissen <\/li>\n<li>H\u00e4ngelampe <\/li>\n<li>12V-Steckdose f\u00fcr Laptop etc. <\/li>\n<\/ul>\n<p><strong>Schlafzimmer (2x): <\/strong><\/p>\n<ul> <\/ul>\n<ul>\n<li>Breites Doppelbett (200x160cm) (Umsetzhilfe vorhanden) <\/li>\n<li>2 Bettdecken und 2 Kopfkissen, Matratzen-u. Kissenschoner <\/li>\n<li>Bettw\u00e4sche optional erh\u00e4ltlich <\/li>\n<li>Ablage und Leselampe <\/li>\n<li>Kleiderschrank B 81cm \/ T 50cm \/ H 180cm <\/li>\n<li>12 Kleiderb\u00fcgel, Kleiderhaken an der Wand <\/li>\n<\/ul>\n<p><\/p><\/div><div class=\"sc-column sc-column-last one-half-last\"><strong>K\u00fcche: <\/strong> \n<ul> <\/ul>\n<ul>\n<li>Einbau-Gaskocher 2-flammig <\/li>\n<li>K\u00fchlschrank (gasbetrieben) <\/li>\n<li>Warmwasserboiler (Gas) 10 Liter <\/li>\n<li>Edelstahlsp\u00fcle mit Einhebelmischer <\/li>\n<li>2 Wandschr\u00e4nke, 1 Regal <\/li>\n<li>Wandlampe<\/li>\n<\/ul>\n<p><strong>Badezimmer 150 x 204 cm<\/strong><\/p>\n<ul>\n<li>Schiebet\u00fcr, Breite 80 cm<\/li>\n<li>WC Sitzh\u00f6he 44 cm<\/li>\n<li>St\u00fctzklappgriffe 70 cm, rechts fest und links hochklappbar<\/li>\n<li>Duschsitz H\u00f6he 48 cm<\/li>\n<li>Waschbecken H\u00f6he 70 cm, unterfahrbare H\u00f6he 60 cm<\/li>\n<\/ul>\n<p><strong>\u00dcberdachte Terrasse<\/strong><\/p>\n<ul>\n<li>BBQ Grill <\/li>\n<\/ul>\n<p><\/p><\/div><div class=\"clearing\"><\/div><br \/>\n<\/div><div class=\"ait-tab tab-content\" data-ait-tab-title=\"Pflege &amp; Hilfsmittel\"><strong>Balos Reisen ber\u00e4t Sie gerne \u00fcber:<\/strong><\/p>\n<ul>\n<li>Angepassten Transport<\/li>\n<li>Vermietung von Hilfsmitteln<\/li>\n<li>Vermietung von Mobilit\u00e4tsmitteln u.a. Swiss Trac oder Roller<\/li>\n<li>Pflege und Betreuung<\/li>\n<li>m\u00f6gliche professionelle Pflege und Betreuung durch geschultes Personal<\/li>\n<\/ul>\n<p><\/div><div class=\"ait-tab tab-content\" data-ait-tab-title=\"Touren\"><strong>Fr\u00fchjahrs-\/Herbsttouren<\/strong><br \/>\nGerade auch die kalte Jahreszeit hat auf den Brandenburger und Berliner Fl\u00fcssen und Seen interessante Perspektiven. Eine vielf\u00e4ltige Vogelwelt, keine Wartezeiten vor Schleusen, in Restaurants und bei den Sehensw\u00fcrdigkeiten aller Art. Keine Hektik. Die Zeit l\u00e4uft etwas langsamer. Lange Strecken m\u00fcssen nicht gefahren werden, da sich viele Anlaufm\u00f6glichkeiten bieten. Die Bungalowboote sind gut isoliert. Mit dem Kaminofen erleben Sie die winterliche Gem\u00fctlichkeit einer Bergh\u00fctte.  <\/p>\n<p><strong>Gruppenreisen<\/strong><br \/>\nEine Klassenfahrt oder eine Reise mit Ihrem Fussballverein mal in anderer Umgebung? Buchen Sie gleich mehrere Bungalowboote. Die Boote k\u00f6nnen abends in einer der vielen Havelbuchten zusammengebunden und vor Anker gelegt werden.  An den Lagerfeuern auf Ihren Terrassen werden Sie ein einmaliges Gruppenerlebnis genie\u00dfen.<\/p>\n<p><strong>Allgemeine Informationen zu der Tourenplanung<\/strong><br \/>\n<img src=\"http:\/\/barrierefreie-urlaubsreisen-hotel-ferienwohnung.de\/wp-content\/uploads\/37bb2d3d3d.jpg\" height==\"400\" \/> <img src=\"http:\/\/barrierefreie-urlaubsreisen-hotel-ferienwohnung.de\/wp-content\/uploads\/cb1099261b.jpg\" height==\"400\" \/> <img src=\"http:\/\/barrierefreie-urlaubsreisen-hotel-ferienwohnung.de\/wp-content\/uploads\/28d9883989.jpg\" height==\"400\" \/><br \/>\n3 Tage: Tour von Brandenburg-Plaue \u00fcber K\u00fcstrow bis Rathenow und zur\u00fcck<br \/>\nDie Havel legt vom Nordwesten Berlins bis zur M\u00fcndung in die Elbe bei Havelberg fast 150 km zur\u00fcck. Kennzeichnend f\u00fcr ihren Verlauf sind gro\u00dfe Seenketten, zahlreiche Flussschlaufen und Inseln. F\u00fcr Wassersportfreunde ein ideales Revier: Hier finden Angler, Segler, Ruderer traumhafte Bedingungen. \u00dcbernachten kann man in einem der vielen kleinen H\u00e4fen &#8211; meist mit einem gem\u00fctlichen Restaurant in der N\u00e4he &#8211; oder in einer der unz\u00e4hligen stillen Buchten entlang der Strecke. In Rathenow sollte man einen Besuch der Optik-Parks nicht vers\u00e4umen.<\/p>\n<p><img src=\"http:\/\/barrierefreie-urlaubsreisen-hotel-ferienwohnung.de\/wp-content\/uploads\/6061e6b860.jpg\" height==\"400\" \/> <img src=\"http:\/\/barrierefreie-urlaubsreisen-hotel-ferienwohnung.de\/wp-content\/uploads\/bb50da8a29.jpg\" height==\"400\" \/> <img src=\"http:\/\/barrierefreie-urlaubsreisen-hotel-ferienwohnung.de\/wp-content\/uploads\/49298352e5.jpg\" height==\"400\" \/><br \/>\n3 Tage: \u00fcber Brandenburg nach Ketz\u00fcr und zur\u00fcck<br \/>\nBei dieser Tour wird das Naturerlebnis Havel durch die st\u00e4dtischen Impressionen Brandenburgs erg\u00e4nzt.<br \/>\nSehensw\u00fcrdigkeiten in Brandenburg: Altstadt mit Rathaus, Dom zu Brandenburg St. Peter und Paul, Marienberg mit Ausflugslokal.<\/p>\n<p><img src=\"http:\/\/barrierefreie-urlaubsreisen-hotel-ferienwohnung.de\/wp-content\/uploads\/5540647160.jpg\" height==\"400\" \/> <img src=\"http:\/\/barrierefreie-urlaubsreisen-hotel-ferienwohnung.de\/wp-content\/uploads\/c8a48d6cc7.jpg\" height==\"400\" \/> <img src=\"http:\/\/barrierefreie-urlaubsreisen-hotel-ferienwohnung.de\/wp-content\/uploads\/a93722fa52.jpg\" height==\"400\" \/><br \/>\n7 Tage: Tour von Brandenburg-Plaue bis zum Hohenauener See und zur\u00fcck.<\/p>\n<p><img src=\"http:\/\/barrierefreie-urlaubsreisen-hotel-ferienwohnung.de\/wp-content\/uploads\/f5135b90d1.jpg\" height==\"400\" \/> <img src=\"http:\/\/barrierefreie-urlaubsreisen-hotel-ferienwohnung.de\/wp-content\/uploads\/21a3d48217.jpg\" height==\"400\" \/> <img src=\"http:\/\/barrierefreie-urlaubsreisen-hotel-ferienwohnung.de\/wp-content\/uploads\/8f97690678.jpg\" height==\"400\" \/><br \/>\n7 &#8211; 14 Tage: Brandenburg-Plaue, Brandenburg, Werder, Potsdam, K\u00f6penick, Berlin Zentrum und zur\u00fcck (<strong>f\u00fchrerscheinpflichtig<\/strong>)<\/p>\n<p><\/div><div class=\"ait-tab tab-content\" data-ait-tab-title=\"Video\"><strong>Barrierefrei mit einem Rollstuhl auf dem Wasser<\/strong><br \/>\n<iframe loading=\"lazy\" width=\"640\" height=\"390\" src=\"\/\/www.youtube.com\/embed\/5YQ0IpdHpG0\" frameborder=\"0\" allowfullscreen><\/iframe><br \/>\nEine neue Art des individuellen Urlaubs f\u00fcr Personen, die auf einen Rollstuhl oder ein Elektromobil angewiesen sind.<\/p>\n<p><\/div><div class=\"ait-tab tab-content\" data-ait-tab-title=\"360\u00ba Foto&#039;s\"><strong>Ein virtueller Besuch in der Bungalowboot.<\/strong><br \/>\n<div id=\"efe-swf-1\" class=\"efe-flash\"><!-- --><\/div><br \/>\n<\/div><\/div>\n\t<script type=\"text\/javascript\">\n\t\t(function($){\n\n\t\t\t$(function(){\n\n\t\t\t\tvar $tabs = $(\"#ait-tabs-872\" ),\n\t\t\t\t\t$tabsList = $tabs.find(\"> ul\"),\n\t\t\t\t\t$tabDivs = $tabs.find(\".ait-tab.tab-content\"),\n\t\t\t\t\ttabsCount = $tabDivs.length;\n\n\t\t\t\t$tabs.find(\"> p, > br\").remove();\n\n\t\t\t\tvar tabId = 0;\n\t\t\t\t$tabDivs.each(function(){\n\t\t\t\t\ttabId++;\n\t\t\t\t\tvar tabName = \"tab-872-\"+tabId;\n\t\t\t\t\tvar sharp = \"#\";\n\t\t\t\t\t$(this).attr(\"id\",tabName);\n\t\t\t\t\tvar tabTitle = $(this).data(\"ait-tab-title\");\n\t\t\t\t\t$('<li><a class=\"tab-link\" href=\"'+sharp+tabName+'\">'+tabTitle+'<\/a><\/li>').appendTo($tabsList);\n\t\t\t\t});\n\n\t\t\t\t$tabs.tabs();\n\n\t\t\t\tif(typeof Cufon !== \"undefined\")\n\t\t\t\t\tCufon.refresh();\n\t\t\t});\n\n\t\t})(jQuery);\n\t<\/script><\/p>\n","protected":false},"excerpt":{"rendered":"<p>Willkommen an Bord ab \u20ac 753,- pro Woche. Genie\u00dfen Sie und schauen Sie sich das Video an. Abends in einer einsamen Bucht am Lagerfeuer sitzen, den Ger\u00e4uschen der Natur lauschen und sich dann von den sanften Wellen in den Schlaf wiegen lassen &#8211; dieses einmalige Naturerlebnis k\u00f6nnen Ihnen nur unsere Bungalowboote bieten! Das Bungalowboot, ein [&hellip;]<\/p>\n","protected":false},"author":2,"featured_media":0,"parent":10559,"menu_order":0,"comment_status":"closed","ping_status":"closed","template":"page-fullwidth.php","meta":[],"yoast_head":"<!-- This site is optimized with the Yoast SEO plugin v19.9 - https:\/\/yoast.com\/wordpress\/plugins\/seo\/ -->\n<title>Brandenburg Bungalowboot **** - Meer dan 95 reizen en vakantie voor gehandicapten<\/title>\n<meta name=\"robots\" content=\"index, follow, max-snippet:-1, max-image-preview:large, max-video-preview:-1\" \/>\n<link rel=\"canonical\" href=\"https:\/\/www.challengeresorts.org\/de\/schiffsreise-rolli-reisen-rollstuhl-pflege-urlaub\/brandenburg-bungalowboot\/\" \/>\n<meta property=\"og:locale\" content=\"de_DE\" \/>\n<meta property=\"og:type\" content=\"article\" \/>\n<meta property=\"og:title\" content=\"Brandenburg Bungalowboot **** - Meer dan 95 reizen en vakantie voor gehandicapten\" \/>\n<meta property=\"og:description\" content=\"Willkommen an Bord ab \u20ac 753,- pro Woche. Genie\u00dfen Sie und schauen Sie sich das Video an. Abends in einer einsamen Bucht am Lagerfeuer sitzen, den Ger\u00e4uschen der Natur lauschen und sich dann von den sanften Wellen in den Schlaf wiegen lassen &#8211; dieses einmalige Naturerlebnis k\u00f6nnen Ihnen nur unsere Bungalowboote bieten! Das Bungalowboot, ein [&hellip;]\" \/>\n<meta property=\"og:url\" content=\"https:\/\/www.challengeresorts.org\/de\/schiffsreise-rolli-reisen-rollstuhl-pflege-urlaub\/brandenburg-bungalowboot\/\" \/>\n<meta property=\"og:site_name\" content=\"Meer dan 95 reizen en vakantie voor gehandicapten\" \/>\n<meta property=\"article:publisher\" content=\"https:\/\/www.facebook.com\/Challenge-Resorts-Travel-290539217694104\/\" \/>\n<meta property=\"article:modified_time\" content=\"2017-02-09T21:15:24+00:00\" \/>\n<meta property=\"og:image\" content=\"https:\/\/www.challengeresorts.org\/wp-content\/uploads\/17-huur-mobilitietsmiddelen.jpg\" \/>\n<meta name=\"twitter:card\" content=\"summary_large_image\" \/>\n<meta name=\"twitter:label1\" content=\"Gesch\u00e4tzte Lesezeit\" \/>\n\t<meta name=\"twitter:data1\" content=\"4\u00a0Minuten\" \/>\n<script type=\"application\/ld+json\" class=\"yoast-schema-graph\">{\"@context\":\"https:\/\/schema.org\",\"@graph\":[{\"@type\":\"WebPage\",\"@id\":\"https:\/\/www.challengeresorts.org\/de\/schiffsreise-rolli-reisen-rollstuhl-pflege-urlaub\/brandenburg-bungalowboot\/\",\"url\":\"https:\/\/www.challengeresorts.org\/de\/schiffsreise-rolli-reisen-rollstuhl-pflege-urlaub\/brandenburg-bungalowboot\/\",\"name\":\"Brandenburg Bungalowboot **** - Meer dan 95 reizen en vakantie voor gehandicapten\",\"isPartOf\":{\"@id\":\"https:\/\/www.challengeresorts.org\/#website\"},\"datePublished\":\"2014-11-18T10:34:42+00:00\",\"dateModified\":\"2017-02-09T21:15:24+00:00\",\"breadcrumb\":{\"@id\":\"https:\/\/www.challengeresorts.org\/de\/schiffsreise-rolli-reisen-rollstuhl-pflege-urlaub\/brandenburg-bungalowboot\/#breadcrumb\"},\"inLanguage\":\"de\",\"potentialAction\":[{\"@type\":\"ReadAction\",\"target\":[\"https:\/\/www.challengeresorts.org\/de\/schiffsreise-rolli-reisen-rollstuhl-pflege-urlaub\/brandenburg-bungalowboot\/\"]}]},{\"@type\":\"BreadcrumbList\",\"@id\":\"https:\/\/www.challengeresorts.org\/de\/schiffsreise-rolli-reisen-rollstuhl-pflege-urlaub\/brandenburg-bungalowboot\/#breadcrumb\",\"itemListElement\":[{\"@type\":\"ListItem\",\"position\":1,\"name\":\"Home\",\"item\":\"https:\/\/www.challengeresorts.org\/de\/?page_id=23030\"},{\"@type\":\"ListItem\",\"position\":2,\"name\":\"Auf dem Wasser\",\"item\":\"https:\/\/www.challengeresorts.org\/de\/schiffsreise-rolli-reisen-rollstuhl-pflege-urlaub\/\"},{\"@type\":\"ListItem\",\"position\":3,\"name\":\"Brandenburg Bungalowboot ****\"}]},{\"@type\":\"WebSite\",\"@id\":\"https:\/\/www.challengeresorts.org\/#website\",\"url\":\"https:\/\/www.challengeresorts.org\/\",\"name\":\"Meer dan 95 reizen en vakantie voor gehandicapten\",\"description\":\"Rollator, rolstoel, scootmobiel en\/of zorg individueel vakanties of groepsreizen\",\"publisher\":{\"@id\":\"https:\/\/www.challengeresorts.org\/#organization\"},\"potentialAction\":[{\"@type\":\"SearchAction\",\"target\":{\"@type\":\"EntryPoint\",\"urlTemplate\":\"https:\/\/www.challengeresorts.org\/?s={search_term_string}\"},\"query-input\":\"required name=search_term_string\"}],\"inLanguage\":\"de\"},{\"@type\":\"Organization\",\"@id\":\"https:\/\/www.challengeresorts.org\/#organization\",\"name\":\"Challange Resorts & Travel\",\"url\":\"https:\/\/www.challengeresorts.org\/\",\"logo\":{\"@type\":\"ImageObject\",\"inLanguage\":\"de\",\"@id\":\"https:\/\/www.challengeresorts.org\/#\/schema\/logo\/image\/\",\"url\":\"https:\/\/www.challengeresorts.org\/wp-content\/uploads\/2012\/11\/logo-crt.jpg\",\"contentUrl\":\"https:\/\/www.challengeresorts.org\/wp-content\/uploads\/2012\/11\/logo-crt.jpg\",\"width\":\"495\",\"height\":\"141\",\"caption\":\"Challange Resorts & Travel\"},\"image\":{\"@id\":\"https:\/\/www.challengeresorts.org\/#\/schema\/logo\/image\/\"},\"sameAs\":[\"https:\/\/www.facebook.com\/Challenge-Resorts-Travel-290539217694104\/\"]}]}<\/script>\n<!-- \/ Yoast SEO plugin. -->","yoast_head_json":{"title":"Brandenburg Bungalowboot **** - Meer dan 95 reizen en vakantie voor gehandicapten","robots":{"index":"index","follow":"follow","max-snippet":"max-snippet:-1","max-image-preview":"max-image-preview:large","max-video-preview":"max-video-preview:-1"},"canonical":"https:\/\/www.challengeresorts.org\/de\/schiffsreise-rolli-reisen-rollstuhl-pflege-urlaub\/brandenburg-bungalowboot\/","og_locale":"de_DE","og_type":"article","og_title":"Brandenburg Bungalowboot **** - Meer dan 95 reizen en vakantie voor gehandicapten","og_description":"Willkommen an Bord ab \u20ac 753,- pro Woche. Genie\u00dfen Sie und schauen Sie sich das Video an. Abends in einer einsamen Bucht am Lagerfeuer sitzen, den Ger\u00e4uschen der Natur lauschen und sich dann von den sanften Wellen in den Schlaf wiegen lassen &#8211; dieses einmalige Naturerlebnis k\u00f6nnen Ihnen nur unsere Bungalowboote bieten! Das Bungalowboot, ein [&hellip;]","og_url":"https:\/\/www.challengeresorts.org\/de\/schiffsreise-rolli-reisen-rollstuhl-pflege-urlaub\/brandenburg-bungalowboot\/","og_site_name":"Meer dan 95 reizen en vakantie voor gehandicapten","article_publisher":"https:\/\/www.facebook.com\/Challenge-Resorts-Travel-290539217694104\/","article_modified_time":"2017-02-09T21:15:24+00:00","og_image":[{"url":"https:\/\/www.challengeresorts.org\/wp-content\/uploads\/17-huur-mobilitietsmiddelen.jpg"}],"twitter_card":"summary_large_image","twitter_misc":{"Gesch\u00e4tzte Lesezeit":"4\u00a0Minuten"},"schema":{"@context":"https:\/\/schema.org","@graph":[{"@type":"WebPage","@id":"https:\/\/www.challengeresorts.org\/de\/schiffsreise-rolli-reisen-rollstuhl-pflege-urlaub\/brandenburg-bungalowboot\/","url":"https:\/\/www.challengeresorts.org\/de\/schiffsreise-rolli-reisen-rollstuhl-pflege-urlaub\/brandenburg-bungalowboot\/","name":"Brandenburg Bungalowboot **** - Meer dan 95 reizen en vakantie voor gehandicapten","isPartOf":{"@id":"https:\/\/www.challengeresorts.org\/#website"},"datePublished":"2014-11-18T10:34:42+00:00","dateModified":"2017-02-09T21:15:24+00:00","breadcrumb":{"@id":"https:\/\/www.challengeresorts.org\/de\/schiffsreise-rolli-reisen-rollstuhl-pflege-urlaub\/brandenburg-bungalowboot\/#breadcrumb"},"inLanguage":"de","potentialAction":[{"@type":"ReadAction","target":["https:\/\/www.challengeresorts.org\/de\/schiffsreise-rolli-reisen-rollstuhl-pflege-urlaub\/brandenburg-bungalowboot\/"]}]},{"@type":"BreadcrumbList","@id":"https:\/\/www.challengeresorts.org\/de\/schiffsreise-rolli-reisen-rollstuhl-pflege-urlaub\/brandenburg-bungalowboot\/#breadcrumb","itemListElement":[{"@type":"ListItem","position":1,"name":"Home","item":"https:\/\/www.challengeresorts.org\/de\/?page_id=23030"},{"@type":"ListItem","position":2,"name":"Auf dem Wasser","item":"https:\/\/www.challengeresorts.org\/de\/schiffsreise-rolli-reisen-rollstuhl-pflege-urlaub\/"},{"@type":"ListItem","position":3,"name":"Brandenburg Bungalowboot ****"}]},{"@type":"WebSite","@id":"https:\/\/www.challengeresorts.org\/#website","url":"https:\/\/www.challengeresorts.org\/","name":"Meer dan 95 reizen en vakantie voor gehandicapten","description":"Rollator, rolstoel, scootmobiel en\/of zorg individueel vakanties of groepsreizen","publisher":{"@id":"https:\/\/www.challengeresorts.org\/#organization"},"potentialAction":[{"@type":"SearchAction","target":{"@type":"EntryPoint","urlTemplate":"https:\/\/www.challengeresorts.org\/?s={search_term_string}"},"query-input":"required name=search_term_string"}],"inLanguage":"de"},{"@type":"Organization","@id":"https:\/\/www.challengeresorts.org\/#organization","name":"Challange Resorts & Travel","url":"https:\/\/www.challengeresorts.org\/","logo":{"@type":"ImageObject","inLanguage":"de","@id":"https:\/\/www.challengeresorts.org\/#\/schema\/logo\/image\/","url":"https:\/\/www.challengeresorts.org\/wp-content\/uploads\/2012\/11\/logo-crt.jpg","contentUrl":"https:\/\/www.challengeresorts.org\/wp-content\/uploads\/2012\/11\/logo-crt.jpg","width":"495","height":"141","caption":"Challange Resorts & Travel"},"image":{"@id":"https:\/\/www.challengeresorts.org\/#\/schema\/logo\/image\/"},"sameAs":["https:\/\/www.facebook.com\/Challenge-Resorts-Travel-290539217694104\/"]}]}},"_links":{"self":[{"href":"https:\/\/www.challengeresorts.org\/de\/wp-json\/wp\/v2\/pages\/10563"}],"collection":[{"href":"https:\/\/www.challengeresorts.org\/de\/wp-json\/wp\/v2\/pages"}],"about":[{"href":"https:\/\/www.challengeresorts.org\/de\/wp-json\/wp\/v2\/types\/page"}],"author":[{"embeddable":true,"href":"https:\/\/www.challengeresorts.org\/de\/wp-json\/wp\/v2\/users\/2"}],"replies":[{"embeddable":true,"href":"https:\/\/www.challengeresorts.org\/de\/wp-json\/wp\/v2\/comments?post=10563"}],"version-history":[{"count":3,"href":"https:\/\/www.challengeresorts.org\/de\/wp-json\/wp\/v2\/pages\/10563\/revisions"}],"predecessor-version":[{"id":17764,"href":"https:\/\/www.challengeresorts.org\/de\/wp-json\/wp\/v2\/pages\/10563\/revisions\/17764"}],"up":[{"embeddable":true,"href":"https:\/\/www.challengeresorts.org\/de\/wp-json\/wp\/v2\/pages\/10559"}],"wp:attachment":[{"href":"https:\/\/www.challengeresorts.org\/de\/wp-json\/wp\/v2\/media?parent=10563"}],"curies":[{"name":"wp","href":"https:\/\/api.w.org\/{rel}","templated":true}]}}