{"id":10593,"date":"2014-11-18T13:05:35","date_gmt":"2014-11-18T12:05:35","guid":{"rendered":"http:\/\/www.challengeresorts.org\/?page_id=10593"},"modified":"2015-11-16T15:12:01","modified_gmt":"2015-11-16T14:12:01","slug":"amsterdam-strasenbahn-tour","status":"publish","type":"page","link":"https:\/\/www.challengeresorts.org\/de\/tagestouren\/amsterdam-strasenbahn-tour\/","title":{"rendered":"Amsterdam Stra\u00dfenbahn-Tour mit dem Rollstuhl"},"content":{"rendered":"<p><div class=\"sc-column two-third\">[thethe-image-slider name=&#8220;NL-Langevelderslag&#8220;]<\/div><div class=\"sc-column sc-column-last one-third-last\">\n<ul> <\/ul>\n<p><span style=\"font-size: x-large;\"><strong>Erlebnisprogramm<\/strong><\/span><br \/>\n<\/p>\n<ul class=\"sc-list style4 \">\n<li>\nSightseeing-Rollstuhl-Tour Amsterdam\n<\/li>\n<\/ul>\n<ul class=\"sc-list style4 \">\n<li>\nDurch Amsterdam im \u201e Red Crosser\u201c <br \/>\nverbunden mit einem Besuch des Tierparks Artis\n<\/li>\n<\/ul>\n<ul class=\"sc-list style4 \">\n<li>\nSchon ab <strong>\u20ac 35,&#8211;<\/strong> pro Person\n<\/li>\n<\/ul>\n<ul class=\"sc-list style4 \">\n<li>\nSchauen Sie sich hier das Video an\n<\/li>\n<\/ul>\n<p><a href=\"\/?page_id=1126\" class=\"sc-button alignleft light\" style=\"background-color: #0291B1; border-color: #0291B1; width: 180px; \"><span class=\"border\"><span class=\"wrap\"><span class=\"title\" style=\"color: #CCCCCC;\">Informationsanfrage<\/span><span class=\"description\"><\/span><\/span><\/span><\/a><\/p><\/div><div class=\"clearing\"><\/div><\/p>\n<p>Der \u201eRed Crosser\u201c ist eine einzigartige Stra\u00dfenbahn, die besonders geeignet ist f\u00fcr die Bef\u00f6rderung von chronisch Kranken und k\u00f6rperlich beeintr\u00e4chtigten Menschen. Die ca. 2 Stunden dauernde Rundfahrt f\u00fchrt Sie vorbei an den interessantesten Sehensw\u00fcrdigkeiten Amsterdams, wie dem Reichsmuseum, den Westertoren, de Dam und dem Leidseplein.<\/p>\n<div class=\"ait-tabs\" id=\"ait-tabs-604\"><ul><\/ul><div class=\"ait-tab tab-content\" data-ait-tab-title=\"Red Crosser\">Die Stra\u00dfenbahn \u201eRed Crosser\u201c f\u00e4hrt das ganze Jahr hindurch zu 3 verschiedenen Abfahrtszeiten: 10.00Uhr, 11.00Uhr und 14.00Uhr (bei einer Minimalbesetzung von 20 Personen)<\/p>\n<p>Der rollstuhlzug\u00e4ngliche \u201eRed Crosser\u201c ist best\u00fcckt mit einer besonderen Ausstattung best\u00fcckt, wie z.B. einer Behindertentoilette und Aircondition. Ein Lift erm\u00f6glicht ein bequemes Ein- und Aussteigen nach eigenem Tempo.<\/p>\n<p>Der \u201eRed Crosser\u201c ist ausgerichtet auf Gruppen von 20-39 Personen ausgerichtet, wobei bis zu 6 Rollst\u00fchle, mit einer Maximalbreite von 75cm und nicht schwerer als insgesamt 600kg, mitfahren k\u00f6nnen.<\/p>\n<p><\/div><div class=\"ait-tab tab-content\" data-ait-tab-title=\"Programm\"><\/p>\n<p>Barrierefrei mit dem Rollstuhl durch Amsterdam<\/p>\n<p>Ausgangspunkt der Stra\u00dfenbahn-Tour ist die Haltestelle Havenstraat Nr.18 in Amsterdam S\u00fcd.<\/p>\n<p>Ein Reisef\u00fchrer erz\u00e4hlt w\u00e4hrend der Fahrt etwas von der Geschichte der Stadt und Freiwillige des Holl\u00e4ndischen Roten Kreuzes sorgen f\u00fcr Kaffee\/ Tee und Geb\u00e4ck.<\/p>\n<p><strong>Artis<\/strong><br \/>\nEs ist auch m\u00f6glich, die Rundfahrt mit einem Besuch bei Artis zu verkn\u00fcpfen. Artis ist der \u00e4lteste und vielseitigste Tierpark der Niederlande mit u.a. dem neuen Schmetterlingsgarten, dem Planetarium, dem Zoologischen Museum, dem wundersch\u00f6nen Aquarium und einem exzellenten Treibhaus  mit einzigartiger Vielseitigkeit.<\/p>\n<p>Die Stra\u00dfenbahn setzt Sie, im Rahmen der einzigartigen Tour, am Tierpark ab, wo Sie Ihr weiteres Programm selbst bestimmen k\u00f6nnen. Sie k\u00f6nnen zu Ihrer Unterst\u00fctzung aber auch eine Begleitung mieten.<\/p>\n<p><\/div><div class=\"ait-tab tab-content\" data-ait-tab-title=\"Video\"><strong>Barrierefrei mit einem Rollstuhl durch Amsterdam<\/strong><br \/>\n<iframe loading=\"lazy\" src=\"http:\/\/www.youtube.com\/embed\/FyjVyGjrzhk\" height=\"315\" width=\"560\" frameborder=\"0\"><\/iframe><br \/>\n<\/div><\/div>\n\t<script type=\"text\/javascript\">\n\t\t(function($){\n\n\t\t\t$(function(){\n\n\t\t\t\tvar $tabs = $(\"#ait-tabs-604\" ),\n\t\t\t\t\t$tabsList = $tabs.find(\"> ul\"),\n\t\t\t\t\t$tabDivs = $tabs.find(\".ait-tab.tab-content\"),\n\t\t\t\t\ttabsCount = $tabDivs.length;\n\n\t\t\t\t$tabs.find(\"> p, > br\").remove();\n\n\t\t\t\tvar tabId = 0;\n\t\t\t\t$tabDivs.each(function(){\n\t\t\t\t\ttabId++;\n\t\t\t\t\tvar tabName = \"tab-604-\"+tabId;\n\t\t\t\t\tvar sharp = \"#\";\n\t\t\t\t\t$(this).attr(\"id\",tabName);\n\t\t\t\t\tvar tabTitle = $(this).data(\"ait-tab-title\");\n\t\t\t\t\t$('<li><a class=\"tab-link\" href=\"'+sharp+tabName+'\">'+tabTitle+'<\/a><\/li>').appendTo($tabsList);\n\t\t\t\t});\n\n\t\t\t\t$tabs.tabs();\n\n\t\t\t\tif(typeof Cufon !== \"undefined\")\n\t\t\t\t\tCufon.refresh();\n\t\t\t});\n\n\t\t})(jQuery);\n\t<\/script>\n","protected":false},"excerpt":{"rendered":"<p>Der \u201eRed Crosser\u201c ist eine einzigartige Stra\u00dfenbahn, die besonders geeignet ist f\u00fcr die Bef\u00f6rderung von chronisch Kranken und k\u00f6rperlich beeintr\u00e4chtigten Menschen. Die ca. 2 Stunden dauernde Rundfahrt f\u00fchrt Sie vorbei an den interessantesten Sehensw\u00fcrdigkeiten Amsterdams, wie dem Reichsmuseum, den Westertoren, de Dam und dem Leidseplein.<\/p>\n","protected":false},"author":2,"featured_media":0,"parent":10577,"menu_order":0,"comment_status":"closed","ping_status":"closed","template":"page-fullwidth.php","meta":[],"yoast_head":"<!-- This site is optimized with the Yoast SEO plugin v19.9 - https:\/\/yoast.com\/wordpress\/plugins\/seo\/ -->\n<title>Amsterdam Stra\u00dfenbahn-Tour mit dem Rollstuhl - Meer dan 95 reizen en vakantie voor gehandicapten<\/title>\n<meta name=\"robots\" content=\"index, follow, max-snippet:-1, max-image-preview:large, max-video-preview:-1\" \/>\n<link rel=\"canonical\" href=\"https:\/\/www.challengeresorts.org\/de\/tagestouren\/amsterdam-strasenbahn-tour\/\" \/>\n<meta property=\"og:locale\" content=\"de_DE\" \/>\n<meta property=\"og:type\" content=\"article\" \/>\n<meta property=\"og:title\" content=\"Amsterdam Stra\u00dfenbahn-Tour mit dem Rollstuhl - Meer dan 95 reizen en vakantie voor gehandicapten\" \/>\n<meta property=\"og:description\" content=\"Der \u201eRed Crosser\u201c ist eine einzigartige Stra\u00dfenbahn, die besonders geeignet ist f\u00fcr die Bef\u00f6rderung von chronisch Kranken und k\u00f6rperlich beeintr\u00e4chtigten Menschen. Die ca. 2 Stunden dauernde Rundfahrt f\u00fchrt Sie vorbei an den interessantesten Sehensw\u00fcrdigkeiten Amsterdams, wie dem Reichsmuseum, den Westertoren, de Dam und dem Leidseplein.\" \/>\n<meta property=\"og:url\" content=\"https:\/\/www.challengeresorts.org\/de\/tagestouren\/amsterdam-strasenbahn-tour\/\" \/>\n<meta property=\"og:site_name\" content=\"Meer dan 95 reizen en vakantie voor gehandicapten\" \/>\n<meta property=\"article:publisher\" content=\"https:\/\/www.facebook.com\/Challenge-Resorts-Travel-290539217694104\/\" \/>\n<meta property=\"article:modified_time\" content=\"2015-11-16T14:12:01+00:00\" \/>\n<meta name=\"twitter:card\" content=\"summary_large_image\" \/>\n<meta name=\"twitter:label1\" content=\"Gesch\u00e4tzte Lesezeit\" \/>\n\t<meta name=\"twitter:data1\" content=\"2\u00a0Minuten\" \/>\n<script type=\"application\/ld+json\" class=\"yoast-schema-graph\">{\"@context\":\"https:\/\/schema.org\",\"@graph\":[{\"@type\":\"WebPage\",\"@id\":\"https:\/\/www.challengeresorts.org\/de\/tagestouren\/amsterdam-strasenbahn-tour\/\",\"url\":\"https:\/\/www.challengeresorts.org\/de\/tagestouren\/amsterdam-strasenbahn-tour\/\",\"name\":\"Amsterdam Stra\u00dfenbahn-Tour mit dem Rollstuhl - Meer dan 95 reizen en vakantie voor gehandicapten\",\"isPartOf\":{\"@id\":\"https:\/\/www.challengeresorts.org\/#website\"},\"datePublished\":\"2014-11-18T12:05:35+00:00\",\"dateModified\":\"2015-11-16T14:12:01+00:00\",\"breadcrumb\":{\"@id\":\"https:\/\/www.challengeresorts.org\/de\/tagestouren\/amsterdam-strasenbahn-tour\/#breadcrumb\"},\"inLanguage\":\"de\",\"potentialAction\":[{\"@type\":\"ReadAction\",\"target\":[\"https:\/\/www.challengeresorts.org\/de\/tagestouren\/amsterdam-strasenbahn-tour\/\"]}]},{\"@type\":\"BreadcrumbList\",\"@id\":\"https:\/\/www.challengeresorts.org\/de\/tagestouren\/amsterdam-strasenbahn-tour\/#breadcrumb\",\"itemListElement\":[{\"@type\":\"ListItem\",\"position\":1,\"name\":\"Home\",\"item\":\"https:\/\/www.challengeresorts.org\/de\/?page_id=23030\"},{\"@type\":\"ListItem\",\"position\":2,\"name\":\"Tagestouren\",\"item\":\"https:\/\/www.challengeresorts.org\/de\/tagestouren\/\"},{\"@type\":\"ListItem\",\"position\":3,\"name\":\"Amsterdam Stra\u00dfenbahn-Tour mit dem Rollstuhl\"}]},{\"@type\":\"WebSite\",\"@id\":\"https:\/\/www.challengeresorts.org\/#website\",\"url\":\"https:\/\/www.challengeresorts.org\/\",\"name\":\"Meer dan 95 reizen en vakantie voor gehandicapten\",\"description\":\"Rollator, rolstoel, scootmobiel en\/of zorg individueel vakanties of groepsreizen\",\"publisher\":{\"@id\":\"https:\/\/www.challengeresorts.org\/#organization\"},\"potentialAction\":[{\"@type\":\"SearchAction\",\"target\":{\"@type\":\"EntryPoint\",\"urlTemplate\":\"https:\/\/www.challengeresorts.org\/?s={search_term_string}\"},\"query-input\":\"required name=search_term_string\"}],\"inLanguage\":\"de\"},{\"@type\":\"Organization\",\"@id\":\"https:\/\/www.challengeresorts.org\/#organization\",\"name\":\"Challange Resorts & Travel\",\"url\":\"https:\/\/www.challengeresorts.org\/\",\"logo\":{\"@type\":\"ImageObject\",\"inLanguage\":\"de\",\"@id\":\"https:\/\/www.challengeresorts.org\/#\/schema\/logo\/image\/\",\"url\":\"https:\/\/www.challengeresorts.org\/wp-content\/uploads\/2012\/11\/logo-crt.jpg\",\"contentUrl\":\"https:\/\/www.challengeresorts.org\/wp-content\/uploads\/2012\/11\/logo-crt.jpg\",\"width\":\"495\",\"height\":\"141\",\"caption\":\"Challange Resorts & Travel\"},\"image\":{\"@id\":\"https:\/\/www.challengeresorts.org\/#\/schema\/logo\/image\/\"},\"sameAs\":[\"https:\/\/www.facebook.com\/Challenge-Resorts-Travel-290539217694104\/\"]}]}<\/script>\n<!-- \/ Yoast SEO plugin. -->","yoast_head_json":{"title":"Amsterdam Stra\u00dfenbahn-Tour mit dem Rollstuhl - Meer dan 95 reizen en vakantie voor gehandicapten","robots":{"index":"index","follow":"follow","max-snippet":"max-snippet:-1","max-image-preview":"max-image-preview:large","max-video-preview":"max-video-preview:-1"},"canonical":"https:\/\/www.challengeresorts.org\/de\/tagestouren\/amsterdam-strasenbahn-tour\/","og_locale":"de_DE","og_type":"article","og_title":"Amsterdam Stra\u00dfenbahn-Tour mit dem Rollstuhl - Meer dan 95 reizen en vakantie voor gehandicapten","og_description":"Der \u201eRed Crosser\u201c ist eine einzigartige Stra\u00dfenbahn, die besonders geeignet ist f\u00fcr die Bef\u00f6rderung von chronisch Kranken und k\u00f6rperlich beeintr\u00e4chtigten Menschen. Die ca. 2 Stunden dauernde Rundfahrt f\u00fchrt Sie vorbei an den interessantesten Sehensw\u00fcrdigkeiten Amsterdams, wie dem Reichsmuseum, den Westertoren, de Dam und dem Leidseplein.","og_url":"https:\/\/www.challengeresorts.org\/de\/tagestouren\/amsterdam-strasenbahn-tour\/","og_site_name":"Meer dan 95 reizen en vakantie voor gehandicapten","article_publisher":"https:\/\/www.facebook.com\/Challenge-Resorts-Travel-290539217694104\/","article_modified_time":"2015-11-16T14:12:01+00:00","twitter_card":"summary_large_image","twitter_misc":{"Gesch\u00e4tzte Lesezeit":"2\u00a0Minuten"},"schema":{"@context":"https:\/\/schema.org","@graph":[{"@type":"WebPage","@id":"https:\/\/www.challengeresorts.org\/de\/tagestouren\/amsterdam-strasenbahn-tour\/","url":"https:\/\/www.challengeresorts.org\/de\/tagestouren\/amsterdam-strasenbahn-tour\/","name":"Amsterdam Stra\u00dfenbahn-Tour mit dem Rollstuhl - Meer dan 95 reizen en vakantie voor gehandicapten","isPartOf":{"@id":"https:\/\/www.challengeresorts.org\/#website"},"datePublished":"2014-11-18T12:05:35+00:00","dateModified":"2015-11-16T14:12:01+00:00","breadcrumb":{"@id":"https:\/\/www.challengeresorts.org\/de\/tagestouren\/amsterdam-strasenbahn-tour\/#breadcrumb"},"inLanguage":"de","potentialAction":[{"@type":"ReadAction","target":["https:\/\/www.challengeresorts.org\/de\/tagestouren\/amsterdam-strasenbahn-tour\/"]}]},{"@type":"BreadcrumbList","@id":"https:\/\/www.challengeresorts.org\/de\/tagestouren\/amsterdam-strasenbahn-tour\/#breadcrumb","itemListElement":[{"@type":"ListItem","position":1,"name":"Home","item":"https:\/\/www.challengeresorts.org\/de\/?page_id=23030"},{"@type":"ListItem","position":2,"name":"Tagestouren","item":"https:\/\/www.challengeresorts.org\/de\/tagestouren\/"},{"@type":"ListItem","position":3,"name":"Amsterdam Stra\u00dfenbahn-Tour mit dem Rollstuhl"}]},{"@type":"WebSite","@id":"https:\/\/www.challengeresorts.org\/#website","url":"https:\/\/www.challengeresorts.org\/","name":"Meer dan 95 reizen en vakantie voor gehandicapten","description":"Rollator, rolstoel, scootmobiel en\/of zorg individueel vakanties of groepsreizen","publisher":{"@id":"https:\/\/www.challengeresorts.org\/#organization"},"potentialAction":[{"@type":"SearchAction","target":{"@type":"EntryPoint","urlTemplate":"https:\/\/www.challengeresorts.org\/?s={search_term_string}"},"query-input":"required name=search_term_string"}],"inLanguage":"de"},{"@type":"Organization","@id":"https:\/\/www.challengeresorts.org\/#organization","name":"Challange Resorts & Travel","url":"https:\/\/www.challengeresorts.org\/","logo":{"@type":"ImageObject","inLanguage":"de","@id":"https:\/\/www.challengeresorts.org\/#\/schema\/logo\/image\/","url":"https:\/\/www.challengeresorts.org\/wp-content\/uploads\/2012\/11\/logo-crt.jpg","contentUrl":"https:\/\/www.challengeresorts.org\/wp-content\/uploads\/2012\/11\/logo-crt.jpg","width":"495","height":"141","caption":"Challange Resorts & Travel"},"image":{"@id":"https:\/\/www.challengeresorts.org\/#\/schema\/logo\/image\/"},"sameAs":["https:\/\/www.facebook.com\/Challenge-Resorts-Travel-290539217694104\/"]}]}},"_links":{"self":[{"href":"https:\/\/www.challengeresorts.org\/de\/wp-json\/wp\/v2\/pages\/10593"}],"collection":[{"href":"https:\/\/www.challengeresorts.org\/de\/wp-json\/wp\/v2\/pages"}],"about":[{"href":"https:\/\/www.challengeresorts.org\/de\/wp-json\/wp\/v2\/types\/page"}],"author":[{"embeddable":true,"href":"https:\/\/www.challengeresorts.org\/de\/wp-json\/wp\/v2\/users\/2"}],"replies":[{"embeddable":true,"href":"https:\/\/www.challengeresorts.org\/de\/wp-json\/wp\/v2\/comments?post=10593"}],"version-history":[{"count":4,"href":"https:\/\/www.challengeresorts.org\/de\/wp-json\/wp\/v2\/pages\/10593\/revisions"}],"predecessor-version":[{"id":12956,"href":"https:\/\/www.challengeresorts.org\/de\/wp-json\/wp\/v2\/pages\/10593\/revisions\/12956"}],"up":[{"embeddable":true,"href":"https:\/\/www.challengeresorts.org\/de\/wp-json\/wp\/v2\/pages\/10577"}],"wp:attachment":[{"href":"https:\/\/www.challengeresorts.org\/de\/wp-json\/wp\/v2\/media?parent=10593"}],"curies":[{"name":"wp","href":"https:\/\/api.w.org\/{rel}","templated":true}]}}