{"id":1465,"date":"2012-12-02T12:51:03","date_gmt":"2012-12-02T11:51:03","guid":{"rendered":"http:\/\/www.challengeresorts.org\/?page_id=1465"},"modified":"2020-04-07T20:27:34","modified_gmt":"2020-04-07T19:27:34","slug":"aruba-hotel-rollstuhl-urlaub-rolli-pflege","status":"publish","type":"page","link":"https:\/\/www.challengeresorts.org\/de\/behindertengerechte-rolli-reisen\/aruba-hotel-rollstuhl-urlaub-rolli-pflege\/","title":{"rendered":"Aruba (Karibik) Rollstuhl Urlaub"},"content":{"rendered":"<p><div class=\"sc-column two-third\">\n\t\t\t<!-- START Aruba REVOLUTION SLIDER 6.6.18 --><p class=\"rs-p-wp-fix\"><\/p>\n\t\t\t<rs-module-wrap id=\"rev_slider_6_1_wrapper\" data-source=\"gallery\" data-aimg=\"\"  style=\"visibility:hidden;background:#E9E9E9;padding:5px;margin:0px auto;margin-top:0;margin-bottom:0;\">\n\t\t\t\t<rs-module id=\"rev_slider_6_1\" style=\"\" data-version=\"6.6.18\">\n\t\t\t\t\t<rs-slides style=\"overflow: hidden; position: absolute;\">\n\t\t\t\t\t\t<rs-slide style=\"position: absolute;\" data-key=\"rs-48\" data-title=\"Slide\" data-thumb=\"\/\/www.challengeresorts.org\/wp-content\/uploads\/2012\/10\/aruba21-100x50.jpg\" data-anim=\"adpr:false;\">\n\t\t\t\t\t\t\t<img src=\"\/\/www.challengeresorts.org\/wp-content\/plugins\/revslider\/public\/assets\/assets\/dummy.png\" alt=\"\" title=\"Aruba (Karibik) Rollstuhl Urlaub\" class=\"rev-slidebg tp-rs-img rs-lazyload\" data-lazyload=\"\/\/www.challengeresorts.org\/wp-content\/uploads\/2012\/10\/aruba21.jpg\" data-no-retina\/>\n<!---->\t\t\t\t\t\t<\/rs-slide>\n\t\t\t\t\t\t<rs-slide style=\"position: absolute;\" data-key=\"rs-46\" data-title=\"Slide\" data-thumb=\"\/\/www.challengeresorts.org\/wp-content\/uploads\/2012\/12\/600x300-Aruba-renaissance-pool1-100x50.jpg\" data-anim=\"adpr:false;\">\n\t\t\t\t\t\t\t<img src=\"\/\/www.challengeresorts.org\/wp-content\/plugins\/revslider\/public\/assets\/assets\/dummy.png\" alt=\"\" title=\"Aruba (Karibik) Rollstuhl Urlaub\" class=\"rev-slidebg tp-rs-img rs-lazyload\" data-lazyload=\"\/\/www.challengeresorts.org\/wp-content\/uploads\/2012\/12\/600x300-Aruba-renaissance-pool1.jpg\" data-no-retina\/>\n<!---->\t\t\t\t\t\t<\/rs-slide>\n\t\t\t\t\t\t<rs-slide style=\"position: absolute;\" data-key=\"rs-44\" data-title=\"Slide\" data-thumb=\"\/\/www.challengeresorts.org\/wp-content\/uploads\/2012\/12\/600x300-abc-leguaan-100x50.jpg\" data-anim=\"adpr:false;\">\n\t\t\t\t\t\t\t<img src=\"\/\/www.challengeresorts.org\/wp-content\/plugins\/revslider\/public\/assets\/assets\/dummy.png\" alt=\"\" title=\"Aruba (Karibik) Rollstuhl Urlaub\" class=\"rev-slidebg tp-rs-img rs-lazyload\" data-lazyload=\"\/\/www.challengeresorts.org\/wp-content\/uploads\/2012\/12\/600x300-abc-leguaan.jpg\" data-no-retina\/>\n<!---->\t\t\t\t\t\t<\/rs-slide>\n\t\t\t\t\t\t<rs-slide style=\"position: absolute;\" data-key=\"rs-47\" data-title=\"Slide\" data-thumb=\"\/\/www.challengeresorts.org\/wp-content\/uploads\/2012\/12\/600x350-Aruba-Downtown-100x50.jpg\" data-anim=\"adpr:false;\">\n\t\t\t\t\t\t\t<img src=\"\/\/www.challengeresorts.org\/wp-content\/plugins\/revslider\/public\/assets\/assets\/dummy.png\" alt=\"\" title=\"Aruba (Karibik) Rollstuhl Urlaub\" class=\"rev-slidebg tp-rs-img rs-lazyload\" data-lazyload=\"\/\/www.challengeresorts.org\/wp-content\/uploads\/2012\/12\/600x350-Aruba-Downtown.jpg\" data-no-retina\/>\n<!---->\t\t\t\t\t\t<\/rs-slide>\n\t\t\t\t\t\t<rs-slide style=\"position: absolute;\" data-key=\"rs-49\" data-title=\"Slide\" data-thumb=\"\/\/www.challengeresorts.org\/wp-content\/uploads\/2012\/11\/Aruba_underwat-diving-100x50.jpg\" data-anim=\"adpr:false;\">\n\t\t\t\t\t\t\t<img src=\"\/\/www.challengeresorts.org\/wp-content\/plugins\/revslider\/public\/assets\/assets\/dummy.png\" alt=\"\" title=\"Aruba (Karibik) Rollstuhl Urlaub\" class=\"rev-slidebg tp-rs-img rs-lazyload\" data-lazyload=\"\/\/www.challengeresorts.org\/wp-content\/uploads\/2012\/11\/Aruba_underwat-diving.jpg\" data-no-retina\/>\n<!---->\t\t\t\t\t\t<\/rs-slide>\n\t\t\t\t\t\t<rs-slide style=\"position: absolute;\" data-key=\"rs-1183\" data-title=\"Slide\" data-thumb=\"\/\/www.challengeresorts.org\/wp-content\/uploads\/2012\/11\/Aruba_Holiday-Inn-Sunspree_WC-100x50.jpg\" data-anim=\"ms:1000;r:0;\" data-in=\"o:0;\" data-out=\"a:false;\">\n\t\t\t\t\t\t\t<img src=\"\/\/www.challengeresorts.org\/wp-content\/plugins\/revslider\/public\/assets\/assets\/dummy.png\" alt=\"\" title=\"Aruba (Karibik) Rollstuhl Urlaub\" class=\"rev-slidebg tp-rs-img rs-lazyload\" data-lazyload=\"\/\/www.challengeresorts.org\/wp-content\/uploads\/2012\/11\/Aruba_Holiday-Inn-Sunspree_WC.jpg\" data-no-retina\/>\n<!---->\t\t\t\t\t\t<\/rs-slide>\n\t\t\t\t\t<\/rs-slides>\n\t\t\t\t<\/rs-module>\n\t\t\t\t<script>\n\t\t\t\t\tsetREVStartSize({c: 'rev_slider_6_1',rl:[1240,1024,778,480],el:[350],gw:[600],gh:[350],type:'standard',justify:'',layout:'fullwidth',thumbh:\"60\",mh:\"0\"});if (window.RS_MODULES!==undefined && window.RS_MODULES.modules!==undefined && window.RS_MODULES.modules[\"revslider61\"]!==undefined) {window.RS_MODULES.modules[\"revslider61\"].once = false;window.revapi6 = undefined;if (window.RS_MODULES.checkMinimal!==undefined) window.RS_MODULES.checkMinimal()}\n\t\t\t\t<\/script>\n\t\t\t<\/rs-module-wrap>\n\t\t\t<!-- END REVOLUTION SLIDER -->\n<\/div> <div class=\"sc-column sc-column-last one-third-last\">\n<p>&nbsp;<\/p>\n<p><span style=\"font-size: x-large;\"><strong>Charakteristik<\/strong><\/span><\/p>\n\n<ul class=\"sc-list style4 \">\n<li>Kristallklares Meerwasser von 30\u00b0C mit den sch\u00f6nsten Korallenriffen<\/li>\n<\/ul>\n<ul class=\"sc-list style4 \">\n<li>Herrliche Str\u00e4nde und Naturlandschaften<\/li>\n<\/ul>\n<ul class=\"sc-list style4 \">\n<li>Allerlei verschiede M\u00f6glichkeiten f\u00fcr Pflege und Hilfsmittel<\/li>\n<\/ul>\n<ul class=\"sc-list style4 \">\n<li>Geeignet f\u00fcr Elektromobil und Rollstuhl<\/li>\n<\/ul>\n<p><\/p><\/div><div class=\"clearing\"><\/div><\/p>\n<p><strong>Die tropische Insel Aruba ist eine au\u00dfergew\u00f6hnliche Insel in der Karibik.<\/strong><br \/>\nAuf Aruba genie\u00dfen Sie ein unvergleichliches Ambiente der tropischen Sonne, Meer und Strand. Hier finden Sie etwas f\u00fcr jedermann. Aruba geh\u00f6rt zu den Niederl\u00e4ndischen Antillen, auch als eine der ABC-Inseln bekannt. Diese Inseln geh\u00f6ren zu den Niederlanden und die Haupstadt von Aruba ist Oranjestad.<\/p>\n<p><div class=\"sc-column one-fourth\"><iframe src=\"https:\/\/www.google.com\/maps\/embed?pb=!1m18!1m12!1m3!1d4629.327758884763!2d-70.04690568479062!3d12.57489722685999!2m3!1f0!2f0!3f0!3m2!1i1024!2i768!4f13.1!3m3!1m2!1s0x0%3A0x0!2zMTLCsDM0JzI5LjYiTiA3MMKwMDInNDEuMCJX!5e1!3m2!1snl!2snl!4v1572953551023!5m2!1snl!2snl\" width=\"220\" style=\"border:2px solid grey;\" allowfullscreen=\"\"><\/iframe><\/div><div class=\"sc-column sc-column-last three-fourth-last\">\n<p><strong><a title=\"Holiday Inn Hotel\" href=\"?page_id=3506\">Holiday Inn Hotel<\/a><\/strong><br \/>\nLebhaftes Hotel direkt am Strand. Neben dem Hotel liegt die gem\u00fctliche Beachbar Moomba. Die vielen Einrichtungen und Aktivit\u00e4ten stellen sicher, dass es Ihneb nie langweilig wird. Das Resort verf\u00fcgt \u00fcber 5 Zimmer f\u00fcr Rollst\u00fchle im Erdgeschoss mit breiten G\u00e4ngen, extrabreiten T\u00fcren, Griffe neben den Toiletten und einen Sitz in der Dusche.<br \/>\n<\/p><\/div><div class=\"clearing\"><\/div><\/p>\n<p><div class=\"ait-tabs\" id=\"ait-tabs-294\"><ul><\/ul><div class=\"ait-tab tab-content\" data-ait-tab-title=\"\u00dcbersicht\"><strong>Die tropische Insel Aruba ist eine wundersch\u00f6ne, Lebhafte und rollstuhlzug\u00e4nglische Insel in der Karibik.<\/strong><br \/>\nGenie\u00dfen Sie tags\u00fcber den Aufenthalt am Strand, einem wunderbaren Ort zum Entspannen, mit Sonne, Meeresrauschen und einer angenehmen wehenden Brise. Freuen Sie sich auf die feine K\u00fcche am Abend, in einem der vielen rollstuhl- oder elektromobilzug\u00e4nglichen Restaurants an der Promenade, mit Blick \u00fcber das karibischen Meer mit einem atemberaubenden Sonnenuntergang. Auf Aruba herrscht ein tropisches Klima mit einem allgegenw\u00e4rtigen und k\u00fchlenden Passatwind. Dadurch ist es selten zu hei\u00df.<\/p>\n<p><strong>Rollstuhl-Zug\u00e4nglichkeit<\/strong><br \/>\nBei fast allen breiteren B\u00fcrgersteigen befinden sich Bordsteinabsenkungen. Die Stra\u00dfen sind gr\u00f6\u00dftenteils asphaltiert, im Allgemeinen gut erhalten, und alles befindet sich in Reichweite.<\/p>\n<p>Bei den meisten Standorten k\u00f6nnen wir Ihnen auch Pflegedienste, Hilfs- und Mobilit\u00e4tsmittel anbieten.<br \/>\nEin behindertengerechter Urlaub, Reisen und Urlaub f\u00fcr Menschen mit Behinderungen? Challenge Resorts &amp; Travel und Balos Reisen macht es m\u00f6glich!<\/p>\n<p>Mit Handicap und Rollator, Rollstuhl oder Elektromobil in den Urlaub nach Aruba? Mit Airberlin oder KLM? Ob mit oder ohne k\u00f6rperlichen Einschr\u00e4nkungen, bei Challenge Resorts &amp; Travel und Balos Reisen ist alles m\u00f6glich !<br \/>\n<\/div><div class=\"ait-tab tab-content\" data-ait-tab-title=\"Pflege &amp; Hilfsmittel\"><strong>Hilfsmittel, die gemietet werden k\u00f6nnen<\/strong><\/p>\n<ul>\n<li>Elektromobil<\/li>\n<li>H\u00f6henverstellbares Bett<\/li>\n<li>Lifter<\/li>\n<\/ul>\n<p><strong>Pflege<\/strong><\/p>\n<ul>\n<li>Pflegedienst kann organisiert werden<\/li>\n<\/ul>\n<p><\/div><div class=\"ait-tab tab-content\" data-ait-tab-title=\"Umgebung\"><strong>Ausfl\u00fcge und Aktivit\u00e4ten<\/strong><br \/>\nEs gibt verschiedene M\u00f6glichkeiten die Insel zu erkunden, wie z.B. mit dem Bus. Es bestehen Busverbindungen zwischen Oranjestad und Umgebung. Leider existiert kein fester Zeitplan.<\/p>\n<p>Des Weiteren kann man ein Taxi mieten. Die Taxis auf Aruba haben keinen Zeitmesser stattdessen existieren feste Preise f\u00fcr bestimmte Fahrten. Die festgesetzten Preise finden Sie auf einem Schild am Flughafen.<\/p>\n<p>Wenn Sie sich im Besitz eines g\u00fcltigen Fahrausweises befinden(oder internationaler F\u00fchrerschein) k\u00f6nnen Sie in einer der vielen Mietwagenfirmen auf Aruba einen Leihwagen mieten. (Das Mindestalter betr\u00e4gt 21 bzw. 23 Jahre, je nach Versicherungsgesellschaft).<\/p>\n<p>Auf Aruba gilt Rechtsverkehr. F\u00fcr das Mieten eines Mopeds oder Scooters m\u00fcssen Sie zumindest im Besitz eines Mopedf\u00fchrerscheins sein und eine Kaution bezahlen.<\/p>\n<p><\/div><div class=\"ait-tab tab-content\" data-ait-tab-title=\"Reisinformatie\"><strong>Praktische Information \u00fcber Aruba<\/strong><br \/>\nOffizieller Name: Aruba<br \/>\nKontinent: Karibik<br \/>\nOberfl\u00e4che: 180 km\u00b2<br \/>\nHauptstadt: Oranjestad<br \/>\nEinwohnerzahl: ca. 107.635 Einwohner (2012)<br \/>\nRegierungsform: Konstitutionelle Monarchie<br \/>\nFlugdauer: circa 10 Std.<\/p>\n<p><strong>Bev\u00f6lkerung<\/strong><br \/>\nAuf Aruba wird vorwiegend Niederl\u00e4ndisch, Englisch, Spanisch und Papiamento gesprochen.<\/p>\n<p><strong>Elektrizit\u00e4t<\/strong><br \/>\n110 Volt; Daher w\u00e4re ein Reisestecker oder Adapter (beides ist auf der Insel erh\u00e4ltlich) hier von gro\u00dfem Nutzen.<\/p>\n<p><strong>Essen und Trinken<\/strong><br \/>\nAruba bietet Ihnen viele verschiedene Arten von Restaurants in diversen Preisklassen. Aufgrund seiner Lage in fischreichen Gew\u00e4ssern ist es klar, dass Fisch einen wichtigen Platz einnimmt bei den Einwohnern und Gastst\u00e4tten von Aruba in Bezug auf die Auswahl des t\u00e4glichen Men\u00fcs. Ein beliebtes Getr\u00e4nk auf Bonaire ist Awa di Sorsaka, ein Getr\u00e4nk aus der Frucht Guanabana, Eisw\u00fcrfel, Zucker, Milch und Vanille. In warmen Tagen ist es ein beliebter Durstl\u00f6scher die Inselbewohner.<\/p>\n<p><strong>W\u00e4hrung<\/strong><br \/>\nAuf Aruba ist mittlerweile der US-Dollar die offizielle W\u00e4hrung . Vielerorts wird der Euro akzeptiert, Sie erhalten dann jedoch Dollarnoten zur\u00fcck. Es gibt viele Anlaufstellen, wo der Euro in Dollar umgetauscht werden kann. Geldautomaten sind reichlich vorhanden. Kreditkarten werden fast \u00fcberall akzeptiert.<\/p>\n<p><strong>Klima<\/strong><br \/>\nTropisches Klima, viel Sonne und ein k\u00fchlender nord\u00f6stlicher Passatwind. Die durchschnittliche Tagestemperatur liegt bei 30\u00b0C.<\/p>\n<p><strong>Zeitverschiebung<\/strong><br \/>\nIm Winter betr\u00e4gt der Zeitunterschied zu Deutschland 5 Stunden fr\u00fcher und im Sommer 6 Stunden.<\/p>\n<p><\/div><div class=\"ait-tab tab-content\" data-ait-tab-title=\"Video\"><strong>Genie\u00dfen Sie die vielen Facetten von Aruba<\/strong><br \/>\n<iframe loading=\"lazy\" src=\"http:\/\/www.youtube.com\/embed\/0qBNZglTKFE\" width=\"560\" height=\"315\" frameborder=\"0\"><\/iframe><\/p>\n<p><strong>Butterfly Farm: Sehen Sie das Video: Zug\u00e4nglichkeit von Rollstuhl und Scooter auf der Schmetterlingsfarm auf Aruba.<\/strong><br \/>\n<iframe loading=\"lazy\" src=\"http:\/\/www.youtube.com\/embed\/NSSEVPLs3bQ\" width=\"560\" height=\"315\" frameborder=\"0\"><\/iframe><\/p>\n<p><strong>Tauchen f\u00fcr Menschen mit Behinderungen!<\/strong><br \/>\n<iframe loading=\"lazy\" src=\"http:\/\/www.youtube.com\/embed\/yu_uqp-Umms\" width=\"560\" height=\"315\" frameborder=\"0\"><\/iframe><\/p>\n<p>Diese erstaunliche Trainingsoption er\u00f6ffnet eine neue alternative M\u00f6glichkeit zur Verbesserung des psychischen und physischen Zustandes.<br \/>\n<\/div><\/div>\n\t<script type=\"text\/javascript\">\n\t\t(function($){\n\n\t\t\t$(function(){\n\n\t\t\t\tvar $tabs = $(\"#ait-tabs-294\" ),\n\t\t\t\t\t$tabsList = $tabs.find(\"> ul\"),\n\t\t\t\t\t$tabDivs = $tabs.find(\".ait-tab.tab-content\"),\n\t\t\t\t\ttabsCount = $tabDivs.length;\n\n\t\t\t\t$tabs.find(\"> p, > br\").remove();\n\n\t\t\t\tvar tabId = 0;\n\t\t\t\t$tabDivs.each(function(){\n\t\t\t\t\ttabId++;\n\t\t\t\t\tvar tabName = \"tab-294-\"+tabId;\n\t\t\t\t\tvar sharp = \"#\";\n\t\t\t\t\t$(this).attr(\"id\",tabName);\n\t\t\t\t\tvar tabTitle = $(this).data(\"ait-tab-title\");\n\t\t\t\t\t$('<li><a class=\"tab-link\" href=\"'+sharp+tabName+'\">'+tabTitle+'<\/a><\/li>').appendTo($tabsList);\n\t\t\t\t});\n\n\t\t\t\t$tabs.tabs();\n\n\t\t\t\tif(typeof Cufon !== \"undefined\")\n\t\t\t\t\tCufon.refresh();\n\t\t\t});\n\n\t\t})(jQuery);\n\t<\/script><iframe loading=\"lazy\" src=\"https:\/\/www.google.com\/maps\/embed?pb=!1m18!1m12!1m3!1d148170.9349941531!2d-70.03732904489182!3d12.51851397728519!2m3!1f0!2f0!3f0!3m2!1i1024!2i768!4f13.1!3m3!1m2!1s0x8e8538cfe25a77db%3A0xf16a8a3e89818c2f!2sAruba!5e1!3m2!1snl!2snl!4v1572952819166!5m2!1snl!2snl\" width=\"960\" height=\"250\" style=\"border:2px solid grey;\" allowfullscreen=\"\"><\/iframe><\/p>\n","protected":false},"excerpt":{"rendered":"<p>Die tropische Insel Aruba ist eine au\u00dfergew\u00f6hnliche Insel in der Karibik. Auf Aruba genie\u00dfen Sie ein unvergleichliches Ambiente der tropischen Sonne, Meer und Strand. Hier finden Sie etwas f\u00fcr jedermann. Aruba geh\u00f6rt zu den Niederl\u00e4ndischen Antillen, auch als eine der ABC-Inseln bekannt. Diese Inseln geh\u00f6ren zu den Niederlanden und die Haupstadt von Aruba ist Oranjestad.<\/p>\n","protected":false},"author":2,"featured_media":0,"parent":2650,"menu_order":1,"comment_status":"closed","ping_status":"closed","template":"page-fullwidth.php","meta":[],"yoast_head":"<!-- This site is optimized with the Yoast SEO plugin v19.9 - https:\/\/yoast.com\/wordpress\/plugins\/seo\/ -->\n<title>Aruba (Karibik) Rollstuhl Urlaub - Meer dan 95 reizen en vakantie voor gehandicapten<\/title>\n<meta name=\"robots\" content=\"index, follow, max-snippet:-1, max-image-preview:large, max-video-preview:-1\" \/>\n<link rel=\"canonical\" href=\"https:\/\/www.challengeresorts.org\/de\/behindertengerechte-rolli-reisen\/aruba-hotel-rollstuhl-urlaub-rolli-pflege\/\" \/>\n<meta property=\"og:locale\" content=\"de_DE\" \/>\n<meta property=\"og:type\" content=\"article\" \/>\n<meta property=\"og:title\" content=\"Aruba (Karibik) Rollstuhl Urlaub - Meer dan 95 reizen en vakantie voor gehandicapten\" \/>\n<meta property=\"og:description\" content=\"Die tropische Insel Aruba ist eine au\u00dfergew\u00f6hnliche Insel in der Karibik. Auf Aruba genie\u00dfen Sie ein unvergleichliches Ambiente der tropischen Sonne, Meer und Strand. Hier finden Sie etwas f\u00fcr jedermann. Aruba geh\u00f6rt zu den Niederl\u00e4ndischen Antillen, auch als eine der ABC-Inseln bekannt. Diese Inseln geh\u00f6ren zu den Niederlanden und die Haupstadt von Aruba ist Oranjestad.\" \/>\n<meta property=\"og:url\" content=\"https:\/\/www.challengeresorts.org\/de\/behindertengerechte-rolli-reisen\/aruba-hotel-rollstuhl-urlaub-rolli-pflege\/\" \/>\n<meta property=\"og:site_name\" content=\"Meer dan 95 reizen en vakantie voor gehandicapten\" \/>\n<meta property=\"article:publisher\" content=\"https:\/\/www.facebook.com\/Challenge-Resorts-Travel-290539217694104\/\" \/>\n<meta property=\"article:modified_time\" content=\"2020-04-07T19:27:34+00:00\" \/>\n<meta name=\"twitter:card\" content=\"summary_large_image\" \/>\n<meta name=\"twitter:label1\" content=\"Gesch\u00e4tzte Lesezeit\" \/>\n\t<meta name=\"twitter:data1\" content=\"4\u00a0Minuten\" \/>\n<script type=\"application\/ld+json\" class=\"yoast-schema-graph\">{\"@context\":\"https:\/\/schema.org\",\"@graph\":[{\"@type\":\"WebPage\",\"@id\":\"https:\/\/www.challengeresorts.org\/de\/behindertengerechte-rolli-reisen\/aruba-hotel-rollstuhl-urlaub-rolli-pflege\/\",\"url\":\"https:\/\/www.challengeresorts.org\/de\/behindertengerechte-rolli-reisen\/aruba-hotel-rollstuhl-urlaub-rolli-pflege\/\",\"name\":\"Aruba (Karibik) Rollstuhl Urlaub - Meer dan 95 reizen en vakantie voor gehandicapten\",\"isPartOf\":{\"@id\":\"https:\/\/www.challengeresorts.org\/#website\"},\"datePublished\":\"2012-12-02T11:51:03+00:00\",\"dateModified\":\"2020-04-07T19:27:34+00:00\",\"breadcrumb\":{\"@id\":\"https:\/\/www.challengeresorts.org\/de\/behindertengerechte-rolli-reisen\/aruba-hotel-rollstuhl-urlaub-rolli-pflege\/#breadcrumb\"},\"inLanguage\":\"de\",\"potentialAction\":[{\"@type\":\"ReadAction\",\"target\":[\"https:\/\/www.challengeresorts.org\/de\/behindertengerechte-rolli-reisen\/aruba-hotel-rollstuhl-urlaub-rolli-pflege\/\"]}]},{\"@type\":\"BreadcrumbList\",\"@id\":\"https:\/\/www.challengeresorts.org\/de\/behindertengerechte-rolli-reisen\/aruba-hotel-rollstuhl-urlaub-rolli-pflege\/#breadcrumb\",\"itemListElement\":[{\"@type\":\"ListItem\",\"position\":1,\"name\":\"Home\",\"item\":\"https:\/\/www.challengeresorts.org\/de\/?page_id=23030\"},{\"@type\":\"ListItem\",\"position\":2,\"name\":\"Reiseziele\",\"item\":\"https:\/\/www.challengeresorts.org\/de\/behindertengerechte-rolli-reisen\/\"},{\"@type\":\"ListItem\",\"position\":3,\"name\":\"Aruba (Karibik) Rollstuhl Urlaub\"}]},{\"@type\":\"WebSite\",\"@id\":\"https:\/\/www.challengeresorts.org\/#website\",\"url\":\"https:\/\/www.challengeresorts.org\/\",\"name\":\"Meer dan 95 reizen en vakantie voor gehandicapten\",\"description\":\"Rollator, rolstoel, scootmobiel en\/of zorg individueel vakanties of groepsreizen\",\"publisher\":{\"@id\":\"https:\/\/www.challengeresorts.org\/#organization\"},\"potentialAction\":[{\"@type\":\"SearchAction\",\"target\":{\"@type\":\"EntryPoint\",\"urlTemplate\":\"https:\/\/www.challengeresorts.org\/?s={search_term_string}\"},\"query-input\":\"required name=search_term_string\"}],\"inLanguage\":\"de\"},{\"@type\":\"Organization\",\"@id\":\"https:\/\/www.challengeresorts.org\/#organization\",\"name\":\"Challange Resorts & Travel\",\"url\":\"https:\/\/www.challengeresorts.org\/\",\"logo\":{\"@type\":\"ImageObject\",\"inLanguage\":\"de\",\"@id\":\"https:\/\/www.challengeresorts.org\/#\/schema\/logo\/image\/\",\"url\":\"https:\/\/www.challengeresorts.org\/wp-content\/uploads\/2012\/11\/logo-crt.jpg\",\"contentUrl\":\"https:\/\/www.challengeresorts.org\/wp-content\/uploads\/2012\/11\/logo-crt.jpg\",\"width\":\"495\",\"height\":\"141\",\"caption\":\"Challange Resorts & Travel\"},\"image\":{\"@id\":\"https:\/\/www.challengeresorts.org\/#\/schema\/logo\/image\/\"},\"sameAs\":[\"https:\/\/www.facebook.com\/Challenge-Resorts-Travel-290539217694104\/\"]}]}<\/script>\n<!-- \/ Yoast SEO plugin. -->","yoast_head_json":{"title":"Aruba (Karibik) Rollstuhl Urlaub - Meer dan 95 reizen en vakantie voor gehandicapten","robots":{"index":"index","follow":"follow","max-snippet":"max-snippet:-1","max-image-preview":"max-image-preview:large","max-video-preview":"max-video-preview:-1"},"canonical":"https:\/\/www.challengeresorts.org\/de\/behindertengerechte-rolli-reisen\/aruba-hotel-rollstuhl-urlaub-rolli-pflege\/","og_locale":"de_DE","og_type":"article","og_title":"Aruba (Karibik) Rollstuhl Urlaub - Meer dan 95 reizen en vakantie voor gehandicapten","og_description":"Die tropische Insel Aruba ist eine au\u00dfergew\u00f6hnliche Insel in der Karibik. Auf Aruba genie\u00dfen Sie ein unvergleichliches Ambiente der tropischen Sonne, Meer und Strand. Hier finden Sie etwas f\u00fcr jedermann. Aruba geh\u00f6rt zu den Niederl\u00e4ndischen Antillen, auch als eine der ABC-Inseln bekannt. Diese Inseln geh\u00f6ren zu den Niederlanden und die Haupstadt von Aruba ist Oranjestad.","og_url":"https:\/\/www.challengeresorts.org\/de\/behindertengerechte-rolli-reisen\/aruba-hotel-rollstuhl-urlaub-rolli-pflege\/","og_site_name":"Meer dan 95 reizen en vakantie voor gehandicapten","article_publisher":"https:\/\/www.facebook.com\/Challenge-Resorts-Travel-290539217694104\/","article_modified_time":"2020-04-07T19:27:34+00:00","twitter_card":"summary_large_image","twitter_misc":{"Gesch\u00e4tzte Lesezeit":"4\u00a0Minuten"},"schema":{"@context":"https:\/\/schema.org","@graph":[{"@type":"WebPage","@id":"https:\/\/www.challengeresorts.org\/de\/behindertengerechte-rolli-reisen\/aruba-hotel-rollstuhl-urlaub-rolli-pflege\/","url":"https:\/\/www.challengeresorts.org\/de\/behindertengerechte-rolli-reisen\/aruba-hotel-rollstuhl-urlaub-rolli-pflege\/","name":"Aruba (Karibik) Rollstuhl Urlaub - Meer dan 95 reizen en vakantie voor gehandicapten","isPartOf":{"@id":"https:\/\/www.challengeresorts.org\/#website"},"datePublished":"2012-12-02T11:51:03+00:00","dateModified":"2020-04-07T19:27:34+00:00","breadcrumb":{"@id":"https:\/\/www.challengeresorts.org\/de\/behindertengerechte-rolli-reisen\/aruba-hotel-rollstuhl-urlaub-rolli-pflege\/#breadcrumb"},"inLanguage":"de","potentialAction":[{"@type":"ReadAction","target":["https:\/\/www.challengeresorts.org\/de\/behindertengerechte-rolli-reisen\/aruba-hotel-rollstuhl-urlaub-rolli-pflege\/"]}]},{"@type":"BreadcrumbList","@id":"https:\/\/www.challengeresorts.org\/de\/behindertengerechte-rolli-reisen\/aruba-hotel-rollstuhl-urlaub-rolli-pflege\/#breadcrumb","itemListElement":[{"@type":"ListItem","position":1,"name":"Home","item":"https:\/\/www.challengeresorts.org\/de\/?page_id=23030"},{"@type":"ListItem","position":2,"name":"Reiseziele","item":"https:\/\/www.challengeresorts.org\/de\/behindertengerechte-rolli-reisen\/"},{"@type":"ListItem","position":3,"name":"Aruba (Karibik) Rollstuhl Urlaub"}]},{"@type":"WebSite","@id":"https:\/\/www.challengeresorts.org\/#website","url":"https:\/\/www.challengeresorts.org\/","name":"Meer dan 95 reizen en vakantie voor gehandicapten","description":"Rollator, rolstoel, scootmobiel en\/of zorg individueel vakanties of groepsreizen","publisher":{"@id":"https:\/\/www.challengeresorts.org\/#organization"},"potentialAction":[{"@type":"SearchAction","target":{"@type":"EntryPoint","urlTemplate":"https:\/\/www.challengeresorts.org\/?s={search_term_string}"},"query-input":"required name=search_term_string"}],"inLanguage":"de"},{"@type":"Organization","@id":"https:\/\/www.challengeresorts.org\/#organization","name":"Challange Resorts & Travel","url":"https:\/\/www.challengeresorts.org\/","logo":{"@type":"ImageObject","inLanguage":"de","@id":"https:\/\/www.challengeresorts.org\/#\/schema\/logo\/image\/","url":"https:\/\/www.challengeresorts.org\/wp-content\/uploads\/2012\/11\/logo-crt.jpg","contentUrl":"https:\/\/www.challengeresorts.org\/wp-content\/uploads\/2012\/11\/logo-crt.jpg","width":"495","height":"141","caption":"Challange Resorts & Travel"},"image":{"@id":"https:\/\/www.challengeresorts.org\/#\/schema\/logo\/image\/"},"sameAs":["https:\/\/www.facebook.com\/Challenge-Resorts-Travel-290539217694104\/"]}]}},"_links":{"self":[{"href":"https:\/\/www.challengeresorts.org\/de\/wp-json\/wp\/v2\/pages\/1465"}],"collection":[{"href":"https:\/\/www.challengeresorts.org\/de\/wp-json\/wp\/v2\/pages"}],"about":[{"href":"https:\/\/www.challengeresorts.org\/de\/wp-json\/wp\/v2\/types\/page"}],"author":[{"embeddable":true,"href":"https:\/\/www.challengeresorts.org\/de\/wp-json\/wp\/v2\/users\/2"}],"replies":[{"embeddable":true,"href":"https:\/\/www.challengeresorts.org\/de\/wp-json\/wp\/v2\/comments?post=1465"}],"version-history":[{"count":6,"href":"https:\/\/www.challengeresorts.org\/de\/wp-json\/wp\/v2\/pages\/1465\/revisions"}],"predecessor-version":[{"id":22932,"href":"https:\/\/www.challengeresorts.org\/de\/wp-json\/wp\/v2\/pages\/1465\/revisions\/22932"}],"up":[{"embeddable":true,"href":"https:\/\/www.challengeresorts.org\/de\/wp-json\/wp\/v2\/pages\/2650"}],"wp:attachment":[{"href":"https:\/\/www.challengeresorts.org\/de\/wp-json\/wp\/v2\/media?parent=1465"}],"curies":[{"name":"wp","href":"https:\/\/api.w.org\/{rel}","templated":true}]}}