{"id":6460,"date":"2013-09-03T18:55:10","date_gmt":"2013-09-03T17:55:10","guid":{"rendered":"http:\/\/www.challengeresorts.org\/?page_id=6460"},"modified":"2019-11-11T17:25:53","modified_gmt":"2019-11-11T16:25:53","slug":"bonaire-ferienhaus-rollstuhl-rolli-pflege","status":"publish","type":"page","link":"https:\/\/www.challengeresorts.org\/de\/ferienhauser-rollstuhl-urlaub-rolli-pflege\/bonaire-ferienhaus-rollstuhl-rolli-pflege\/","title":{"rendered":"Bonaire"},"content":{"rendered":"<p><code><iframe loading=\"lazy\" src=\"https:\/\/www.google.com\/maps\/embed?pb=!1m18!1m12!1m3!1d140424.48725250218!2d-68.32336546542074!3d12.13401190929158!2m3!1f0!2f0!3f0!3m2!1i1024!2i768!4f13.1!3m3!1m2!1s0x8e831bb073175927%3A0x2b279d6d228f5752!2sKralendijk%2C%20Caribisch%20Nederland!5e1!3m2!1snl!2snl!4v1573489459607!5m2!1snl!2snl\" width=\"960\" height=\"250\" style=\"border:2px solid grey;\" allowfullscreen=\"\"><\/iframe><\/code><div class=\"sc-column two-third\"><code>[thethe-image-slider name=\"Bonaire\"]<\/code><\/div> <div class=\"sc-column sc-column-last one-third-last\">\n<p><span style=\"font-size: x-large;\"><strong>Charakteristik<\/strong><\/span><br \/>\n<\/p>\n<ul class=\"sc-list style4 \">\n<li>Durchschnittstemperatur 30\u00b0C<\/li>\n<\/ul>\n<ul class=\"sc-list style4 \">\n<li>Wundersch\u00f6ne, tropische Insel<\/li>\n<\/ul>\n<ul class=\"sc-list style4 \">\n<li>Herrliche Naturlandschaft<\/li>\n<\/ul>\n<ul class=\"sc-list style4 \">\n<li>Z\u00e4hlt zu den sch\u00f6nsten Korallenriffen der Karibik<\/li>\n<\/ul>\n<ul class=\"sc-list style4 \">\n<li>Allerlei verschiedenartige M\u00f6glichkeiten f\u00fcr Pflege und Hilfsmittel<\/li>\n<\/ul>\n<ul class=\"sc-list style4 \">\n<li>Geeignet f\u00fcr Elektromobil und Rollstuhl<\/li>\n<\/ul>\n<p><\/p><\/div><div class=\"clearing\"><\/div><\/p>\n<p><strong>Die tropische Insel Bonaire ist eine au\u00dfergew\u00f6hnlich ruhige, rollstuhlzug\u00e4ngliche Insel in der Karibik.<\/strong><br \/>\nBonaire ist bei Tauchern vor allen Dingen bekannt wegen einem der sch\u00f6nsten Korallenriffe in der Karibik. Hier findet man besonders auffallend bunte Fische und herrlich kristallklares Wasser. F\u00fcr Taucher und Schnorchler sind die Gew\u00e4sser ringsum die Insel ein wahres Paradies. Surfer z\u00e4hlen Bonaire zu einem der 10 besten Surfspots der Welt! Auch wenn Sie nicht Tauchen oder Surfen, ist die Insel sehr lohnend und Sie k\u00f6nnen \u00fcberall die einzigartige Naturlandschaft genie\u00dfen. Bonaire ist d\u00fcnn besiedelt und Hochh\u00e4user sind verboten, dadurch beh\u00e4lt die Insel ihren einzigartigen Charme und der Tourismus wirkt sich nicht st\u00f6rend darauf aus.<\/p>\n<p>Genie\u00dfen Sie tags\u00fcber den Aufenthalt am Strand, einem wunderbaren Ort zum Entspannen, mit Sonne, Meeresrauschen und einer angenehm wehenden Brise. Freuen Sie sich auf die feine K\u00fcche am Abend, in einem der vielen rollstuhl- oder elektromobilzug\u00e4nglichen Restaurants an der Promenade, mit Blick auf den Sonnenuntergang \u00fcber dem karibischen Meer. Auf Bonaire herrscht ein tropisches Klima mit einem allgegenw\u00e4rtigen und k\u00fchlenden Passatwind. Dadurch ist es selten zu hei\u00df.<\/p>\n<p><strong>Rollstuhl-Zug\u00e4nglichkeit<\/strong><br \/>\nBei fast allen breiteren B\u00fcrgersteigen befinden sich Bordsteinabsenkungen. Die Stra\u00dfen sind gr\u00f6\u00dftenteils asphaltiert, im Allgemeinen gut erhalten, und alles befindet sich in Reichweite.<\/p>\n<div class=\"ait-tabs\" id=\"ait-tabs-939\"><ul><\/ul><div class=\"ait-tab tab-content\" data-ait-tab-title=\"\u00dcbersicht\"><strong>Allgemeines<\/strong><br \/>\nDie durch Challenge Resorts &amp; Travel angebotenen Reiseziele sind ohne Ausnahme angepasst und somit geeignet um mit Rollator, Rollstuhl oder Elektromobil einen unbeschwerten Urlaub zu verbringen. Vom rollstuhlgerechten Hotel \u00fcber rollstuhlgeeignetem Boot, bis hin zum Ferienhaus f\u00fcr Behinderte: Challenge Resorts &amp; Travel organisiert alles f\u00fcr Sie!<\/p>\n<p>Bei den meisten Standorten k\u00f6nnen wir Ihnen auch Pflegedienst, Hilfs- und Mobilit\u00e4tsmittel anbieten oder vermitteln.<br \/>\nEin behindertengerechter Urlaub, Reisen und Urlaub f\u00fcr Menschen mit Behinderungen? Challenge Resorts &amp; Travel macht es m\u00f6glich!<\/p>\n<p><strong><a title=\"Studio RoRo\" href=\"\/?page_id=5020\">Studio RoRo<br \/>\n<\/a><\/strong>ist ein freistehender Luxusbungalow, geeignet f\u00fcr 2 bis 3 Personen, vollst\u00e4ndig angepasst (Eingang 110 cm, Badezimmer T\u00fcrbreite 87 cm) und voll ausgestattet. Lage: 10 Minuten vom Meer entfernt und 15 Minuten vom Zentrum von Kralendijk.<\/p>\n<p>Mit Handicap und Rollator, Rollstuhl oder Elektromobil in den Urlaub nach Bonaire? Mit Airberlin ? Condor ? Germanwings ? Lufthansa ? TUIfly ? Ob mit oder ohne k\u00f6rperliche Einschr\u00e4nkungen, bei Challenge Resorts &amp; Travel ist alles m\u00f6glich !<br \/>\n<\/div><div class=\"ait-tab tab-content\" data-ait-tab-title=\"Pflege &amp; Hilfsmittel\">[snip Bonaire-zorg-hulpmiddelen]<strong>Hilfsmittel, die gemietet werden k\u00f6nnen<\/strong><\/p>\n<ul>\n<li>Elektromobil<\/li>\n<li>H\u00f6henverstellbares Bett<\/li>\n<li>Lifter<\/li>\n<\/ul>\n<p><strong>Pflege<\/strong><\/p>\n<ul>\n<li>Pflegedienst kann schon vorab geregelt werden.<\/li>\n<\/ul>\n<p>[\/snip]<br \/>\n<\/div><div class=\"ait-tab tab-content\" data-ait-tab-title=\"Umgebung\"><strong>Ausfl\u00fcge und Aktivit\u00e4ten<br \/>\n<\/strong><\/p>\n<p>Bonaire ist 39 km lang und bis zu 12 km breit. Es gibt verschiedene M\u00f6glichkeiten die Insel zu erkunden, wie z.B. mit dem Bus. Es existieren Busverbindungen zwischen Kralendijk, Rinc\u00f3n und Umgebung. Leider besteht kein fester Zeitplan. Des Weiteren kann man ein Taxi, einen Leihwagen, Fahrrad, Moped oder ein Quad in einem der vielen Verleihfirmen oder Hotels in Kralendijk mieten.<\/p>\n<p>Bonaire bietet seinen mindervaliden G\u00e4sten Rollstuhl-Busse an. Die erfahrenen Fahrer begleiten Sie und nehmen sich die n\u00f6tige Zeit f\u00fcr Sie. Au\u00dferdem sind sie gewohnt, ihren Fahrstil der Situation und dem Fahrgast entsprechend anzupassen.<\/p>\n<p>Kurz gesagt: Man kann w\u00e4hrend des Urlaubs auf Bonaire ausreichend viele M\u00f6glichkeiten wahrnehmen, um die Flamingos, die das ganze Jahr dort leben, zu sehen. Sie k\u00f6nnen mit dem Kanu durch die Mangrovenw\u00e4lder fahren oder einfach die Natur im Nationalpark genie\u00dfen. Au\u00dferdem sind die historischen St\u00e4tten in der Stadt Kralendijk und die Sklaven-H\u00e4user auf der S\u00fcdseite der Insel einen Besuch wert.<\/p>\n<p><strong>Tauchen<\/strong><br \/>\nWas die Unterwasserwelt betrifft, z\u00e4hlt Bonaire zu den sch\u00f6nsten Inseln der Karibik. F\u00fcr Taucher und Schnorchler sind die Gebiete rund um Bonaire ein wahres Paradies. Aber nicht nur f\u00fcr sie, Bonaire geh\u00f6rt zu den10 besten Surfpl\u00e4tzen der Welt!<\/p>\n<p><\/div><div class=\"ait-tab tab-content\" data-ait-tab-title=\"Reiseinformationen\"><strong>Praktische Information \u00fcber Bonaire<\/strong><\/p>\n<p>Offizieller Name: Bonaire<br \/>\nKontinent: Karibik<br \/>\nOberfl\u00e4che: 288 km\u00b2<br \/>\nHauptstadt: Kralendijk<br \/>\nEinwohnerzahl: ca. 15.700 Einwohner (2012)<br \/>\nRegierungsform: Konstitutionelle Monarchie<br \/>\nFlugdauer: circa 9 Std. und 30 Minuten<\/p>\n<p><strong>Bev\u00f6lkerung<\/strong><br \/>\nAuf Bonaire wird vorwiegend Niederl\u00e4ndisch, Englisch, Spanisch und Papiamento gesprochen.<\/p>\n<p><strong>Elektrizit\u00e4t<\/strong><br \/>\n110 Volt; Daher w\u00e4re ein Reisestecker oder Adapter (beides ist auf der Insel erh\u00e4ltlich) hier von gro\u00dfem Nutzen.<\/p>\n<p><strong>Essen und Trinken<\/strong><br \/>\nBonaire bietet Ihnen viele verschiedene Arten von Restaurants in diversen Preisklassen. Aufgrund seiner Lage in fischreichen Gew\u00e4ssern ist es klar, dass Fisch einen wichtigen Platz einnimmt bei den Einwohnern und Gastst\u00e4tten von Bonaire in Bezug auf die Auswahl des t\u00e4glichen Men\u00fcs.<br \/>\nEin beliebtes Getr\u00e4nk auf Bonaire ist Awa di Sorsaka, ein Getr\u00e4nk aus der Frucht Guanabana, Eisw\u00fcrfel, Zucker, Milch und Vanille. In warmen Tagen ist es ein beliebter Durstl\u00f6scher die Inselbewohner.<\/p>\n<p><strong>W\u00e4hrung<\/strong><br \/>\nAufgrund des Status von Bonaire (spezielle niederl\u00e4ndische Gemeinde) ist mittlerweile der US-Dollar die offizielle W\u00e4hrung von Bonaire. Vielerorts wird der Euro akzeptiert, Sie erhalten dann jedoch Dollarnoten zur\u00fcck. Es gibt viele Anlaufstellen, wo der Euro in Dollar umgetauscht werden kann.&nbsp;Geldautomaten sind reichlich vorhanden. Kreditkarten werden fast \u00fcberall akzeptiert.<\/p>\n<p><strong>Klima<\/strong><br \/>\nTropisches Klima, viel Sonne und ein k\u00fchlender nord\u00f6stlicher Passatwind. Die durchschnittliche Tagestemperatur liegt bei 30\u00b0C.<\/p>\n<p><strong>Zeitverschiebung<\/strong><br \/>\nIm Winter betr\u00e4gt der Zeitunterschied zu Deutschland 5 Stunden fr\u00fcher und im Sommer 6 Stunden.<\/p>\n<p><strong>Bef\u00f6rderungsm\u00f6glichkeiten<\/strong><br \/>\nBonaire ist 39 km lang und bis zu 12 km breit. Es gibt verschiedene M\u00f6glichkeiten die Insel zu erkunden, wie z.B. mit dem Bus. Es bestehen Busverbindungen zwischen Kralendijk, Rinc\u00f3n und Umgebung. Leider existiert kein fester Zeitplan.<\/p>\n<p>Des Weiteren kann man ein Taxi mieten.<br \/>\nDie Taxis auf Bonaire haben keinen Zeitmesser stattdessen existieren feste Preise f\u00fcr bestimmte Fahrten. Taxis werden mit den Buchstaben &#8218;TX&#8216; auf dem Nummernschild bezeichnet. Die festgesetzten Preise finden Sie auf einem Schild am Flughafen.<\/p>\n<p>Wenn Sie sich im Besitz eines g\u00fcltigen Fahrausweises befinden(oder internationaler F\u00fchrerschein) k\u00f6nnen Sie in einer der vielen Verleihfirmen auf Bonaire einen Leihwagen mieten. (Das Mindestalter betr\u00e4gt 21 bzw. 23 Jahre, je nach Versicherungsgesellschaft). Auf Bonaire gilt Rechtsverkehr.<\/p>\n<p>Fahrr\u00e4der sind in Kralendijk oder bei einem der Hotels kostenpflichtig auszuleihen. Leihgeb\u00fchr betr\u00e4gt $ 5-10 pro Tag.<br \/>\nF\u00fcr das Mieten eines Mopeds oder Scooters m\u00fcssen Sie zumindest im Besitz eines Mopedf\u00fchrerscheins sein und Kaution bezahlen.<\/p>\n<p><\/div><div class=\"ait-tab tab-content\" data-ait-tab-title=\"Video\"><strong>Genie\u00dfen Sie die vielen Facetten von Bonaire<\/strong><br \/>\n<iframe loading=\"lazy\" src=\"http:\/\/www.youtube.com\/embed\/_KUnyYfot1Y\" height=\"315\" width=\"560\" frameborder=\"0\"><\/iframe><\/p>\n<p><strong>Tauchen f\u00fcr Menschen mit Behinderungen!<\/strong><br \/>\n<iframe loading=\"lazy\" src=\"http:\/\/www.youtube.com\/embed\/yu_uqp-Umms\" height=\"315\" width=\"560\" frameborder=\"0\"><\/iframe><\/p>\n<p>Diese erstaunliche Trainingsoption er\u00f6ffnet eine neue alternative M\u00f6glichkeit zur Verbesserung des psychischen und physischen Zustandes.<\/p>\n<p><\/div><\/div>\n\t<script type=\"text\/javascript\">\n\t\t(function($){\n\n\t\t\t$(function(){\n\n\t\t\t\tvar $tabs = $(\"#ait-tabs-939\" ),\n\t\t\t\t\t$tabsList = $tabs.find(\"> ul\"),\n\t\t\t\t\t$tabDivs = $tabs.find(\".ait-tab.tab-content\"),\n\t\t\t\t\ttabsCount = $tabDivs.length;\n\n\t\t\t\t$tabs.find(\"> p, > br\").remove();\n\n\t\t\t\tvar tabId = 0;\n\t\t\t\t$tabDivs.each(function(){\n\t\t\t\t\ttabId++;\n\t\t\t\t\tvar tabName = \"tab-939-\"+tabId;\n\t\t\t\t\tvar sharp = \"#\";\n\t\t\t\t\t$(this).attr(\"id\",tabName);\n\t\t\t\t\tvar tabTitle = $(this).data(\"ait-tab-title\");\n\t\t\t\t\t$('<li><a class=\"tab-link\" href=\"'+sharp+tabName+'\">'+tabTitle+'<\/a><\/li>').appendTo($tabsList);\n\t\t\t\t});\n\n\t\t\t\t$tabs.tabs();\n\n\t\t\t\tif(typeof Cufon !== \"undefined\")\n\t\t\t\t\tCufon.refresh();\n\t\t\t});\n\n\t\t})(jQuery);\n\t<\/script>\n","protected":false},"excerpt":{"rendered":"<p>Die tropische Insel Bonaire ist eine au\u00dfergew\u00f6hnlich ruhige, rollstuhlzug\u00e4ngliche Insel in der Karibik. Bonaire ist bei Tauchern vor allen Dingen bekannt wegen einem der sch\u00f6nsten Korallenriffe in der Karibik. Hier findet man besonders auffallend bunte Fische und herrlich kristallklares Wasser. F\u00fcr Taucher und Schnorchler sind die Gew\u00e4sser ringsum die Insel ein wahres Paradies. Surfer z\u00e4hlen [&hellip;]<\/p>\n","protected":false},"author":2,"featured_media":0,"parent":4581,"menu_order":1,"comment_status":"closed","ping_status":"closed","template":"page-fullwidth.php","meta":[],"yoast_head":"<!-- This site is optimized with the Yoast SEO plugin v19.9 - https:\/\/yoast.com\/wordpress\/plugins\/seo\/ -->\n<title>Bonaire - Meer dan 95 reizen en vakantie voor gehandicapten<\/title>\n<meta name=\"robots\" content=\"index, follow, max-snippet:-1, max-image-preview:large, max-video-preview:-1\" \/>\n<link rel=\"canonical\" href=\"https:\/\/www.challengeresorts.org\/de\/ferienhauser-rollstuhl-urlaub-rolli-pflege\/bonaire-ferienhaus-rollstuhl-rolli-pflege\/\" \/>\n<meta property=\"og:locale\" content=\"de_DE\" \/>\n<meta property=\"og:type\" content=\"article\" \/>\n<meta property=\"og:title\" content=\"Bonaire - Meer dan 95 reizen en vakantie voor gehandicapten\" \/>\n<meta property=\"og:description\" content=\"Die tropische Insel Bonaire ist eine au\u00dfergew\u00f6hnlich ruhige, rollstuhlzug\u00e4ngliche Insel in der Karibik. Bonaire ist bei Tauchern vor allen Dingen bekannt wegen einem der sch\u00f6nsten Korallenriffe in der Karibik. Hier findet man besonders auffallend bunte Fische und herrlich kristallklares Wasser. F\u00fcr Taucher und Schnorchler sind die Gew\u00e4sser ringsum die Insel ein wahres Paradies. Surfer z\u00e4hlen [&hellip;]\" \/>\n<meta property=\"og:url\" content=\"https:\/\/www.challengeresorts.org\/de\/ferienhauser-rollstuhl-urlaub-rolli-pflege\/bonaire-ferienhaus-rollstuhl-rolli-pflege\/\" \/>\n<meta property=\"og:site_name\" content=\"Meer dan 95 reizen en vakantie voor gehandicapten\" \/>\n<meta property=\"article:publisher\" content=\"https:\/\/www.facebook.com\/Challenge-Resorts-Travel-290539217694104\/\" \/>\n<meta property=\"article:modified_time\" content=\"2019-11-11T16:25:53+00:00\" \/>\n<meta name=\"twitter:card\" content=\"summary_large_image\" \/>\n<meta name=\"twitter:label1\" content=\"Gesch\u00e4tzte Lesezeit\" \/>\n\t<meta name=\"twitter:data1\" content=\"6\u00a0Minuten\" \/>\n<script type=\"application\/ld+json\" class=\"yoast-schema-graph\">{\"@context\":\"https:\/\/schema.org\",\"@graph\":[{\"@type\":\"WebPage\",\"@id\":\"https:\/\/www.challengeresorts.org\/de\/ferienhauser-rollstuhl-urlaub-rolli-pflege\/bonaire-ferienhaus-rollstuhl-rolli-pflege\/\",\"url\":\"https:\/\/www.challengeresorts.org\/de\/ferienhauser-rollstuhl-urlaub-rolli-pflege\/bonaire-ferienhaus-rollstuhl-rolli-pflege\/\",\"name\":\"Bonaire - Meer dan 95 reizen en vakantie voor gehandicapten\",\"isPartOf\":{\"@id\":\"https:\/\/www.challengeresorts.org\/#website\"},\"datePublished\":\"2013-09-03T17:55:10+00:00\",\"dateModified\":\"2019-11-11T16:25:53+00:00\",\"breadcrumb\":{\"@id\":\"https:\/\/www.challengeresorts.org\/de\/ferienhauser-rollstuhl-urlaub-rolli-pflege\/bonaire-ferienhaus-rollstuhl-rolli-pflege\/#breadcrumb\"},\"inLanguage\":\"de\",\"potentialAction\":[{\"@type\":\"ReadAction\",\"target\":[\"https:\/\/www.challengeresorts.org\/de\/ferienhauser-rollstuhl-urlaub-rolli-pflege\/bonaire-ferienhaus-rollstuhl-rolli-pflege\/\"]}]},{\"@type\":\"BreadcrumbList\",\"@id\":\"https:\/\/www.challengeresorts.org\/de\/ferienhauser-rollstuhl-urlaub-rolli-pflege\/bonaire-ferienhaus-rollstuhl-rolli-pflege\/#breadcrumb\",\"itemListElement\":[{\"@type\":\"ListItem\",\"position\":1,\"name\":\"Home\",\"item\":\"https:\/\/www.challengeresorts.org\/de\/?page_id=23030\"},{\"@type\":\"ListItem\",\"position\":2,\"name\":\"Ferienh\u00e4user\",\"item\":\"https:\/\/www.challengeresorts.org\/de\/ferienhauser-rollstuhl-urlaub-rolli-pflege\/\"},{\"@type\":\"ListItem\",\"position\":3,\"name\":\"Bonaire\"}]},{\"@type\":\"WebSite\",\"@id\":\"https:\/\/www.challengeresorts.org\/#website\",\"url\":\"https:\/\/www.challengeresorts.org\/\",\"name\":\"Meer dan 95 reizen en vakantie voor gehandicapten\",\"description\":\"Rollator, rolstoel, scootmobiel en\/of zorg individueel vakanties of groepsreizen\",\"publisher\":{\"@id\":\"https:\/\/www.challengeresorts.org\/#organization\"},\"potentialAction\":[{\"@type\":\"SearchAction\",\"target\":{\"@type\":\"EntryPoint\",\"urlTemplate\":\"https:\/\/www.challengeresorts.org\/?s={search_term_string}\"},\"query-input\":\"required name=search_term_string\"}],\"inLanguage\":\"de\"},{\"@type\":\"Organization\",\"@id\":\"https:\/\/www.challengeresorts.org\/#organization\",\"name\":\"Challange Resorts & Travel\",\"url\":\"https:\/\/www.challengeresorts.org\/\",\"logo\":{\"@type\":\"ImageObject\",\"inLanguage\":\"de\",\"@id\":\"https:\/\/www.challengeresorts.org\/#\/schema\/logo\/image\/\",\"url\":\"https:\/\/www.challengeresorts.org\/wp-content\/uploads\/2012\/11\/logo-crt.jpg\",\"contentUrl\":\"https:\/\/www.challengeresorts.org\/wp-content\/uploads\/2012\/11\/logo-crt.jpg\",\"width\":\"495\",\"height\":\"141\",\"caption\":\"Challange Resorts & Travel\"},\"image\":{\"@id\":\"https:\/\/www.challengeresorts.org\/#\/schema\/logo\/image\/\"},\"sameAs\":[\"https:\/\/www.facebook.com\/Challenge-Resorts-Travel-290539217694104\/\"]}]}<\/script>\n<!-- \/ Yoast SEO plugin. -->","yoast_head_json":{"title":"Bonaire - Meer dan 95 reizen en vakantie voor gehandicapten","robots":{"index":"index","follow":"follow","max-snippet":"max-snippet:-1","max-image-preview":"max-image-preview:large","max-video-preview":"max-video-preview:-1"},"canonical":"https:\/\/www.challengeresorts.org\/de\/ferienhauser-rollstuhl-urlaub-rolli-pflege\/bonaire-ferienhaus-rollstuhl-rolli-pflege\/","og_locale":"de_DE","og_type":"article","og_title":"Bonaire - Meer dan 95 reizen en vakantie voor gehandicapten","og_description":"Die tropische Insel Bonaire ist eine au\u00dfergew\u00f6hnlich ruhige, rollstuhlzug\u00e4ngliche Insel in der Karibik. Bonaire ist bei Tauchern vor allen Dingen bekannt wegen einem der sch\u00f6nsten Korallenriffe in der Karibik. Hier findet man besonders auffallend bunte Fische und herrlich kristallklares Wasser. F\u00fcr Taucher und Schnorchler sind die Gew\u00e4sser ringsum die Insel ein wahres Paradies. Surfer z\u00e4hlen [&hellip;]","og_url":"https:\/\/www.challengeresorts.org\/de\/ferienhauser-rollstuhl-urlaub-rolli-pflege\/bonaire-ferienhaus-rollstuhl-rolli-pflege\/","og_site_name":"Meer dan 95 reizen en vakantie voor gehandicapten","article_publisher":"https:\/\/www.facebook.com\/Challenge-Resorts-Travel-290539217694104\/","article_modified_time":"2019-11-11T16:25:53+00:00","twitter_card":"summary_large_image","twitter_misc":{"Gesch\u00e4tzte Lesezeit":"6\u00a0Minuten"},"schema":{"@context":"https:\/\/schema.org","@graph":[{"@type":"WebPage","@id":"https:\/\/www.challengeresorts.org\/de\/ferienhauser-rollstuhl-urlaub-rolli-pflege\/bonaire-ferienhaus-rollstuhl-rolli-pflege\/","url":"https:\/\/www.challengeresorts.org\/de\/ferienhauser-rollstuhl-urlaub-rolli-pflege\/bonaire-ferienhaus-rollstuhl-rolli-pflege\/","name":"Bonaire - Meer dan 95 reizen en vakantie voor gehandicapten","isPartOf":{"@id":"https:\/\/www.challengeresorts.org\/#website"},"datePublished":"2013-09-03T17:55:10+00:00","dateModified":"2019-11-11T16:25:53+00:00","breadcrumb":{"@id":"https:\/\/www.challengeresorts.org\/de\/ferienhauser-rollstuhl-urlaub-rolli-pflege\/bonaire-ferienhaus-rollstuhl-rolli-pflege\/#breadcrumb"},"inLanguage":"de","potentialAction":[{"@type":"ReadAction","target":["https:\/\/www.challengeresorts.org\/de\/ferienhauser-rollstuhl-urlaub-rolli-pflege\/bonaire-ferienhaus-rollstuhl-rolli-pflege\/"]}]},{"@type":"BreadcrumbList","@id":"https:\/\/www.challengeresorts.org\/de\/ferienhauser-rollstuhl-urlaub-rolli-pflege\/bonaire-ferienhaus-rollstuhl-rolli-pflege\/#breadcrumb","itemListElement":[{"@type":"ListItem","position":1,"name":"Home","item":"https:\/\/www.challengeresorts.org\/de\/?page_id=23030"},{"@type":"ListItem","position":2,"name":"Ferienh\u00e4user","item":"https:\/\/www.challengeresorts.org\/de\/ferienhauser-rollstuhl-urlaub-rolli-pflege\/"},{"@type":"ListItem","position":3,"name":"Bonaire"}]},{"@type":"WebSite","@id":"https:\/\/www.challengeresorts.org\/#website","url":"https:\/\/www.challengeresorts.org\/","name":"Meer dan 95 reizen en vakantie voor gehandicapten","description":"Rollator, rolstoel, scootmobiel en\/of zorg individueel vakanties of groepsreizen","publisher":{"@id":"https:\/\/www.challengeresorts.org\/#organization"},"potentialAction":[{"@type":"SearchAction","target":{"@type":"EntryPoint","urlTemplate":"https:\/\/www.challengeresorts.org\/?s={search_term_string}"},"query-input":"required name=search_term_string"}],"inLanguage":"de"},{"@type":"Organization","@id":"https:\/\/www.challengeresorts.org\/#organization","name":"Challange Resorts & Travel","url":"https:\/\/www.challengeresorts.org\/","logo":{"@type":"ImageObject","inLanguage":"de","@id":"https:\/\/www.challengeresorts.org\/#\/schema\/logo\/image\/","url":"https:\/\/www.challengeresorts.org\/wp-content\/uploads\/2012\/11\/logo-crt.jpg","contentUrl":"https:\/\/www.challengeresorts.org\/wp-content\/uploads\/2012\/11\/logo-crt.jpg","width":"495","height":"141","caption":"Challange Resorts & Travel"},"image":{"@id":"https:\/\/www.challengeresorts.org\/#\/schema\/logo\/image\/"},"sameAs":["https:\/\/www.facebook.com\/Challenge-Resorts-Travel-290539217694104\/"]}]}},"_links":{"self":[{"href":"https:\/\/www.challengeresorts.org\/de\/wp-json\/wp\/v2\/pages\/6460"}],"collection":[{"href":"https:\/\/www.challengeresorts.org\/de\/wp-json\/wp\/v2\/pages"}],"about":[{"href":"https:\/\/www.challengeresorts.org\/de\/wp-json\/wp\/v2\/types\/page"}],"author":[{"embeddable":true,"href":"https:\/\/www.challengeresorts.org\/de\/wp-json\/wp\/v2\/users\/2"}],"replies":[{"embeddable":true,"href":"https:\/\/www.challengeresorts.org\/de\/wp-json\/wp\/v2\/comments?post=6460"}],"version-history":[{"count":5,"href":"https:\/\/www.challengeresorts.org\/de\/wp-json\/wp\/v2\/pages\/6460\/revisions"}],"predecessor-version":[{"id":19226,"href":"https:\/\/www.challengeresorts.org\/de\/wp-json\/wp\/v2\/pages\/6460\/revisions\/19226"}],"up":[{"embeddable":true,"href":"https:\/\/www.challengeresorts.org\/de\/wp-json\/wp\/v2\/pages\/4581"}],"wp:attachment":[{"href":"https:\/\/www.challengeresorts.org\/de\/wp-json\/wp\/v2\/media?parent=6460"}],"curies":[{"name":"wp","href":"https:\/\/api.w.org\/{rel}","templated":true}]}}