{"id":9372,"date":"2014-10-13T12:58:47","date_gmt":"2014-10-13T11:58:47","guid":{"rendered":"http:\/\/www.challengeresorts.org\/?page_id=9372"},"modified":"2019-11-11T16:26:05","modified_gmt":"2019-11-11T15:26:05","slug":"sa-coma-safari-park-apartmenthotel","status":"publish","type":"page","link":"https:\/\/www.challengeresorts.org\/de\/behindertengerechte-rolli-reisen\/mallorcarolli-reisen-rollstuhl-pflege-urlaub\/sa-coma-safari-park-apartmenthotel\/","title":{"rendered":"Apartmenthotel Safari Park ****"},"content":{"rendered":"<div class=\"sc-column two-third\"><code><\/code><\/div>\n<figure style=\"margin-top:-66px;text-align:right;\"><img src=\"\/wp-content\/uploads\/18-rolstoel-excursies.jpg\" title=\"Ausflugsm\u00f6glichkeiten f\u00fcr Rollstuhlfahrer\" width=\"55\"\/>  <img src=\"\/wp-content\/uploads\/17-huur-mobilitietsmiddelen.jpg\" title=\"Mietung von Mobilit\u00e4tsmitteln m\u00f6glich\" width=\"55\"\/>  <img src=\"\/wp-content\/uploads\/16-huur-hulpmiddelen.jpg\" title=\"Mietung von Hilfsmitteln m\u00f6glich\" width=\"55\"\/> <img src=\"\/wp-content\/uploads\/08-huis-zorg1.jpg\" title=\"Mietung von mobiler Pflegedienst m\u00f6glich\" width=\"55\"\/> <img src=\"\/wp-content\/uploads\/11-zwembad-tillift.jpg\" title=\"2 Personen Lifter ins Schwimmbecken\" width=\"55\"\/>  <img src=\"\/wp-content\/uploads\/13-douche+stoel.jpg\" title=\"Integrierter Duschstuhl an der Wand montiert \" width=\"55\"\/>  <img src=\"\/wp-content\/uploads\/15-rol-in-douche.jpg\" title=\"Behindertengerechte Dusche \" width=\"55\"\/>  <img src=\"\/wp-content\/uploads\/04-wc-beugels.jpg\" title=\"Behindertengerechtes WC \" width=\"55\"\/>  <img src=\"\/wp-content\/uploads\/02-80cm.jpg\" title=\"Unterkunft mit einer T\u00fcrbreite von mind. 80 cm \" width=\"55\"\/><\/figure>\n<p><div class=\"sc-column two-third\"><code>[thethe-image-slider name=\"mallorca-protur-safari-park\"]<\/code><\/div><div class=\"sc-column sc-column-last one-third-last\"><span style=\"font-size: large;\"><strong>Charakteristik<\/strong><\/span>\n<ul><\/ul>\n\n<ul class=\"sc-list style4 \">\n<li>Befindet sich im Zentrum von Sa Coma mit einer sch\u00f6nen Promenade<\/li>\n<\/ul>\n<ul class=\"sc-list style4 \">\n<li>Verpflegung: All Inclusive<\/li>\n<\/ul>\n<ul class=\"sc-list style4 \">\n<li>Gem\u00fctliche Terrassen, Restaurants und Gesch\u00e4fte<\/li>\n<\/ul>\n<ul class=\"sc-list style4 \">\n<li>Ein Schwimmbadparadies zwischen den Palmen und der langsam absteigende Strand ins Meer hinein<\/li>\n<\/ul>\n<ul class=\"sc-list style4 \">\n<li>Miete von Pflege\/Betreuung sowie Hilfs- und Mobilit\u00e4tsmitteln<\/li>\n<\/ul>\n<p><a href=\"\/?page_id=1126\" class=\"sc-button alignleft light\" style=\"background-color: #0291B1; border-color: #0291B1; width: 180px; \"><span class=\"border\"><span class=\"wrap\"><span class=\"title\" style=\"color: #CCCCCC;\">Informationsanfrage<\/span><span class=\"description\"><\/span><\/span><\/span><\/a><br \/>\n<\/p><\/div><div class=\"clearing\"><\/div><br \/>\n<strong>Sa Coma, Das Hotel Protur Safari Park<\/strong> (ge\u00f6ffnet vom 1. Mai bis 31. Oktober) liegt im lebhaften Badeort von Sa Coma, an der Ostk\u00fcste der Insel Mallorca gelegen.<\/p>\n<p>Die gro\u00dfz\u00fcgige Ferienanlage befindet sich direkt im Zentrum, an der Stra\u00dfe nach Cala Millor, ca. 1,5 km entfernt. Der lange Sandstrand von Sa Coma ist nur ca. 400 m entfernt&nbsp; und erstreckt sich \u00fcber eine L\u00e4nge von fast 890&nbsp;Metern. Direkt davor befindet sich die Uferpromenade, die nahtlos in den kleinen Ferienort S&#8217;Illot \u00fcbergeht.<\/p>\n<p><div class=\"ait-tabs\" id=\"ait-tabs-418\"><ul><\/ul><div class=\"ait-tab tab-content\" data-ait-tab-title=\"\u00dcbersicht\">Allgemeine Informationen Das Hotel mit 616 Wohneinheiten davon sind 12 Apartments f\u00fcr Rollstuhlfahrer geeignet.<br \/>\nDie Verpflegung basiert auf All-Inclusive.<\/p>\n<p><strong>Der Komplex besteht aus 5 Etagen und 10 Aufz\u00fcgen. Au\u00dferdem: <\/strong><br \/>\n<div class=\"sc-column one-half\">\n<ul>\n<li>3 Swimmingpools, darunter 2 beheizte Swimmingpools mit Patientenlifter<\/li>\n<li>4 Kinderpools Patienten<\/li>\n<li>1 Hallenbad<\/li>\n<li>Whirpool und Sauna<\/li>\n<li>mehrere Terrassen und Garten<\/li>\n<li>TV-Zimmer und Internet-corner<\/li>\n<\/ul>\n<p><\/p><\/div><div class=\"sc-column sc-column-last one-half-last\">\n<ul>\n<li>Wasch- und Trocknerm\u00f6glichkeit<\/li>\n<li>Fitnessraum<\/li>\n<li>Kinderspielplatz und Miniclub<\/li>\n<li>Pool-Lounge-Bar<\/li>\n<li>Buffet-Restaurant und Snackbar<\/li>\n<\/ul>\n<p><\/p><\/div><div class=\"clearing\"><\/div>[sniplet DE-Google-Homepage]<br \/>\n<\/div><div class=\"ait-tab tab-content\" data-ait-tab-title=\"Ausstattung\"><strong>Das Apartment verf\u00fcgt \u00fcber:<\/strong><br \/>\n<div class=\"sc-column one-half\">\n<ul>\n<li>Wohnzimmer incl. Schlafsofa, Esstisch, Telefon<\/li>\n<li>Plasmafernseher mit Satellitenempfang<\/li>\n<li>Kochnische mit 2 Kochplatten, kleiner K\u00fchlschrank, Mikrowelle, Wasserkocher<\/li>\n<li>Schlafzimmer mit zwei zusammenstehenden Betten von 200&#215;90 cm<\/li>\n<li>komplettes Badezimmer mit einer Roll-in Dusche, Klappsitz und Haltegriff, WC mit Haltegriff und einer H\u00f6he von 50 cm, F\u00f6hn<\/li>\n<li>Klimaanlage\/ Heizung<\/li>\n<li>Balkon mit Sitzgelegenheiten<\/li>\n<li>Safe (gegen Geb\u00fchr)<\/li>\n<\/ul>\n<p><\/p><\/div><strong>Wichtige Ma\u00dfe:<\/strong><div class=\"sc-column sc-column-last one-half-last\">\n<ul>\n<li>Aufz\u00fcge: Abmessungen von 80 x 140 cm<\/li>\n<li>T\u00fcrbreiten 80 cm<\/li>\n<li>Betth\u00f6he 50 cm, freier Raum unter dem Bett 20 cm<\/li>\n<li>WC Sitzh\u00f6he 50 cm<\/li>\n<li>Dusch-Sitzh\u00f6he: 50 cm<\/li>\n<li>WC St\u00fctzklappgriffe 50 und 78 cm<\/li>\n<li>Waschbecken H\u00f6he 65, unterfahrbare H\u00f6he 80 cm<\/li>\n<\/ul>\n<p><\/p><\/div><div class=\"clearing\"><\/div><br \/>\n<\/div><div class=\"ait-tab tab-content\" data-ait-tab-title=\"Pflege &amp; Hilfsmittel\"><strong>Hilfsmittel<\/strong><br \/>\n<div class=\"sc-column one-half\">\n<ul>\n<li> Elektromobil, Rollstuhl<\/li>\n<li> Pflegekraft<\/li>\n<\/ul>\n<p><\/p><\/div><div class=\"sc-column sc-column-last one-half-last\">\n<ul>\n<li> Dialysem\u00f6glichkeit<\/li>\n<li> u.v.m.<\/li>\n<\/ul>\n<p><\/p><\/div><div class=\"clearing\"><\/div><strong>Pflege und Betreuung<\/strong><\/p>\n<ul>\n<li> Auf Wunsch vermitteln wir Ihnen pers\u00f6nliche Pflege und Betreuung durch geschultes Personal. Dies kann bei der Zimmerreservierung direkt mitgebucht werden.<\/li>\n<\/ul>\n<p><\/div><div class=\"ait-tab tab-content\" data-ait-tab-title=\"Umgebung\">Die Insel ist, was die Gr\u00f6\u00dfe betrifft, leicht \u00fcberschaubar und allemal der M\u00fche wert, um sie n\u00e4her kennenzulernen.<\/p>\n<p><strong>Einige M\u00f6glichkeiten:<\/strong><br \/>\nKulturelle Ausfl\u00fcge in die Stadt, Besichtigung der pr\u00e4chtigen Kathedrale von Palma, Meeresaquarium, H\u00f6hlen, Bootsfahrten, Bustouren&#8230; etc.<br \/>\nDar\u00fcber hinaus eine Vielzahl von Sportaktivit\u00e4ten in der N\u00e4he wie: Golfpl\u00e4tze (mit M\u00f6glichkeit von Para-Golfen), Segeln, Wasserski, Tauchen, Strand, Segeln, Biken etc..<\/p>\n<p><\/div><div class=\"ait-tab tab-content\" data-ait-tab-title=\"Reiseinformation\"><strong>Allgemeine Information \u00fcber Mallorca<\/strong><br \/>\nOffizieller Name: Mallorca<br \/>\nOberfl\u00e4che: 3.640 km\u00b2<br \/>\nHauptstadt: Palma de Mallorca<br \/>\nEinwohnerzahl: ca. 876.147 Einwohner (2012)<\/p>\n<p><strong>Bev\u00f6lkerung<\/strong><br \/>\nMallorca ist die gr\u00f6\u00dfte Insel der Balearen-Gruppe, die eine autonome Gemeinschaft innerhalb des spanischen Staates bildet. Auf Mallorca befindet sich die Hauptstadt der Balearischen Inseln, Palma de Mallorca. Amtssprachen sind Katalanisch und Spanisch. Dar\u00fcber hinaus ist Mallorca auch die gr\u00f6\u00dfte zu Spanien geh\u00f6rende Insel.<br \/>\nDie einheimische Bev\u00f6lkerung wird Mallorquiner genannt.<\/p>\n<p><strong>Essen und Trinken<\/strong><br \/>\nIn Bezug auf Lebensmittel ist Spanien bekannt f\u00fcr Tapas, die kleinen Snacks. Dar\u00fcber hinaus Paella (Reis mit Meeresfr\u00fcchten) ein typisch spanisches Gericht. In Spanien werden viele Gerichte mit Knoblauch und Oliven\u00f6l zubereitet. Das Abendessen beginnt f\u00fcr Spanier nicht vor 21 Uhr. Spanien ist bekannt f\u00fcr seine hervorragenden Rotweine. Auch k\u00f6nnen Sie  in der Regel so ziemlich \u00fcberall spanischen Sangria bestellen.<\/p>\n<p><strong>Trinkwasser<\/strong><br \/>\nEs wird geraten, das Wasser aus dem Wasserhahn, wegen des hohen Chlorgehaltes NICHT zu trinken!!!<\/p>\n<p><strong> W\u00e4hrung<\/strong><br \/>\nDie allgemeine W\u00e4hrung ist der Euro. In Hotels, Restaurants und Gesch\u00e4ften werden generell Kreditkarten akzeptiert (American Express, Diners Club, Euro-,Mastercard, Visa), Reiseschecks in Euro gr\u00f6\u00dftenteils auch.<\/p>\n<p><strong>Klima<\/strong><br \/>\nMallorca hat ein subtropisches Klima. De Temperaturen betragen durchschnittlich 20-25\u00b0C.<\/p>\n<p><strong>Elektrizit\u00e4t<\/strong><br \/>\nIn Mallorca trifft man dieselbe Netzspannung an wie in Deutschland.<\/p>\n<p><strong>Zeitzone Europa<\/strong><br \/>\nMallorca hat immer die gleiche Zeit wie der gr\u00f6\u00dfte Teil Europas. Nur GB, Irland, Island und die Kanarischen Inseln haben eine andere Zeit!<\/p>\n<p><strong>Fl\u00fcge nach Mallorca<\/strong><br \/>\nVon fast allen Flugh\u00e4fen in Deutschland und europaweit gibt es Direktfl\u00fcge nach Palma de Mallorca.<br \/>\n<\/div><\/div>\n\t<script type=\"text\/javascript\">\n\t\t(function($){\n\n\t\t\t$(function(){\n\n\t\t\t\tvar $tabs = $(\"#ait-tabs-418\" ),\n\t\t\t\t\t$tabsList = $tabs.find(\"> ul\"),\n\t\t\t\t\t$tabDivs = $tabs.find(\".ait-tab.tab-content\"),\n\t\t\t\t\ttabsCount = $tabDivs.length;\n\n\t\t\t\t$tabs.find(\"> p, > br\").remove();\n\n\t\t\t\tvar tabId = 0;\n\t\t\t\t$tabDivs.each(function(){\n\t\t\t\t\ttabId++;\n\t\t\t\t\tvar tabName = \"tab-418-\"+tabId;\n\t\t\t\t\tvar sharp = \"#\";\n\t\t\t\t\t$(this).attr(\"id\",tabName);\n\t\t\t\t\tvar tabTitle = $(this).data(\"ait-tab-title\");\n\t\t\t\t\t$('<li><a class=\"tab-link\" href=\"'+sharp+tabName+'\">'+tabTitle+'<\/a><\/li>').appendTo($tabsList);\n\t\t\t\t});\n\n\t\t\t\t$tabs.tabs();\n\n\t\t\t\tif(typeof Cufon !== \"undefined\")\n\t\t\t\t\tCufon.refresh();\n\t\t\t});\n\n\t\t})(jQuery);\n\t<\/script><iframe loading=\"lazy\" src=\"https:\/\/www.google.com\/maps\/embed?pb=!1m18!1m12!1m3!1d3459.415649826383!2d3.3746549511807165!3d39.581333979370214!2m3!1f0!2f0!3f0!3m2!1i1024!2i768!4f13.1!3m3!1m2!1s0x0%3A0x0!2zMznCsDM0JzUyLjgiTiAzwrAyMiczNi43IkU!5e1!3m2!1snl!2snl!4v1573485909308!5m2!1snl!2snl\" width=\"960\" height=\"250\" style=\"border:2px solid grey;\" allowfullscreen=\"\"><\/iframe><\/p>\n","protected":false},"excerpt":{"rendered":"<p>Sa Coma, Das Hotel Protur Safari Park (ge\u00f6ffnet vom 1. Mai bis 31. Oktober) liegt im lebhaften Badeort von Sa Coma, an der Ostk\u00fcste der Insel Mallorca gelegen. Die gro\u00dfz\u00fcgige Ferienanlage befindet sich direkt im Zentrum, an der Stra\u00dfe nach Cala Millor, ca. 1,5 km entfernt. Der lange Sandstrand von Sa Coma ist nur ca. [&hellip;]<\/p>\n","protected":false},"author":2,"featured_media":0,"parent":9366,"menu_order":0,"comment_status":"closed","ping_status":"closed","template":"page-fullwidth.php","meta":[],"yoast_head":"<!-- This site is optimized with the Yoast SEO plugin v19.9 - https:\/\/yoast.com\/wordpress\/plugins\/seo\/ -->\n<title>Apartmenthotel Safari Park **** - Meer dan 95 reizen en vakantie voor gehandicapten<\/title>\n<meta name=\"robots\" content=\"index, follow, max-snippet:-1, max-image-preview:large, max-video-preview:-1\" \/>\n<link rel=\"canonical\" href=\"https:\/\/www.challengeresorts.org\/de\/behindertengerechte-rolli-reisen\/mallorcarolli-reisen-rollstuhl-pflege-urlaub\/sa-coma-safari-park-apartmenthotel\/\" \/>\n<meta property=\"og:locale\" content=\"de_DE\" \/>\n<meta property=\"og:type\" content=\"article\" \/>\n<meta property=\"og:title\" content=\"Apartmenthotel Safari Park **** - Meer dan 95 reizen en vakantie voor gehandicapten\" \/>\n<meta property=\"og:description\" content=\"Sa Coma, Das Hotel Protur Safari Park (ge\u00f6ffnet vom 1. Mai bis 31. Oktober) liegt im lebhaften Badeort von Sa Coma, an der Ostk\u00fcste der Insel Mallorca gelegen. Die gro\u00dfz\u00fcgige Ferienanlage befindet sich direkt im Zentrum, an der Stra\u00dfe nach Cala Millor, ca. 1,5 km entfernt. Der lange Sandstrand von Sa Coma ist nur ca. [&hellip;]\" \/>\n<meta property=\"og:url\" content=\"https:\/\/www.challengeresorts.org\/de\/behindertengerechte-rolli-reisen\/mallorcarolli-reisen-rollstuhl-pflege-urlaub\/sa-coma-safari-park-apartmenthotel\/\" \/>\n<meta property=\"og:site_name\" content=\"Meer dan 95 reizen en vakantie voor gehandicapten\" \/>\n<meta property=\"article:publisher\" content=\"https:\/\/www.facebook.com\/Challenge-Resorts-Travel-290539217694104\/\" \/>\n<meta property=\"article:modified_time\" content=\"2019-11-11T15:26:05+00:00\" \/>\n<meta property=\"og:image\" content=\"https:\/\/www.challengeresorts.org\/wp-content\/uploads\/18-rolstoel-excursies.jpg\" \/>\n<meta name=\"twitter:card\" content=\"summary_large_image\" \/>\n<meta name=\"twitter:label1\" content=\"Gesch\u00e4tzte Lesezeit\" \/>\n\t<meta name=\"twitter:data1\" content=\"4\u00a0Minuten\" \/>\n<script type=\"application\/ld+json\" class=\"yoast-schema-graph\">{\"@context\":\"https:\/\/schema.org\",\"@graph\":[{\"@type\":\"WebPage\",\"@id\":\"https:\/\/www.challengeresorts.org\/de\/behindertengerechte-rolli-reisen\/mallorcarolli-reisen-rollstuhl-pflege-urlaub\/sa-coma-safari-park-apartmenthotel\/\",\"url\":\"https:\/\/www.challengeresorts.org\/de\/behindertengerechte-rolli-reisen\/mallorcarolli-reisen-rollstuhl-pflege-urlaub\/sa-coma-safari-park-apartmenthotel\/\",\"name\":\"Apartmenthotel Safari Park **** - Meer dan 95 reizen en vakantie voor gehandicapten\",\"isPartOf\":{\"@id\":\"https:\/\/www.challengeresorts.org\/#website\"},\"datePublished\":\"2014-10-13T11:58:47+00:00\",\"dateModified\":\"2019-11-11T15:26:05+00:00\",\"breadcrumb\":{\"@id\":\"https:\/\/www.challengeresorts.org\/de\/behindertengerechte-rolli-reisen\/mallorcarolli-reisen-rollstuhl-pflege-urlaub\/sa-coma-safari-park-apartmenthotel\/#breadcrumb\"},\"inLanguage\":\"de\",\"potentialAction\":[{\"@type\":\"ReadAction\",\"target\":[\"https:\/\/www.challengeresorts.org\/de\/behindertengerechte-rolli-reisen\/mallorcarolli-reisen-rollstuhl-pflege-urlaub\/sa-coma-safari-park-apartmenthotel\/\"]}]},{\"@type\":\"BreadcrumbList\",\"@id\":\"https:\/\/www.challengeresorts.org\/de\/behindertengerechte-rolli-reisen\/mallorcarolli-reisen-rollstuhl-pflege-urlaub\/sa-coma-safari-park-apartmenthotel\/#breadcrumb\",\"itemListElement\":[{\"@type\":\"ListItem\",\"position\":1,\"name\":\"Home\",\"item\":\"https:\/\/www.challengeresorts.org\/de\/?page_id=23030\"},{\"@type\":\"ListItem\",\"position\":2,\"name\":\"Reiseziele\",\"item\":\"https:\/\/www.challengeresorts.org\/de\/behindertengerechte-rolli-reisen\/\"},{\"@type\":\"ListItem\",\"position\":3,\"name\":\"Balearen, Mallorca Rollstuhl Urlaub\",\"item\":\"https:\/\/www.challengeresorts.org\/de\/behindertengerechte-rolli-reisen\/mallorcarolli-reisen-rollstuhl-pflege-urlaub\/\"},{\"@type\":\"ListItem\",\"position\":4,\"name\":\"Apartmenthotel Safari Park ****\"}]},{\"@type\":\"WebSite\",\"@id\":\"https:\/\/www.challengeresorts.org\/#website\",\"url\":\"https:\/\/www.challengeresorts.org\/\",\"name\":\"Meer dan 95 reizen en vakantie voor gehandicapten\",\"description\":\"Rollator, rolstoel, scootmobiel en\/of zorg individueel vakanties of groepsreizen\",\"publisher\":{\"@id\":\"https:\/\/www.challengeresorts.org\/#organization\"},\"potentialAction\":[{\"@type\":\"SearchAction\",\"target\":{\"@type\":\"EntryPoint\",\"urlTemplate\":\"https:\/\/www.challengeresorts.org\/?s={search_term_string}\"},\"query-input\":\"required name=search_term_string\"}],\"inLanguage\":\"de\"},{\"@type\":\"Organization\",\"@id\":\"https:\/\/www.challengeresorts.org\/#organization\",\"name\":\"Challange Resorts & Travel\",\"url\":\"https:\/\/www.challengeresorts.org\/\",\"logo\":{\"@type\":\"ImageObject\",\"inLanguage\":\"de\",\"@id\":\"https:\/\/www.challengeresorts.org\/#\/schema\/logo\/image\/\",\"url\":\"https:\/\/www.challengeresorts.org\/wp-content\/uploads\/2012\/11\/logo-crt.jpg\",\"contentUrl\":\"https:\/\/www.challengeresorts.org\/wp-content\/uploads\/2012\/11\/logo-crt.jpg\",\"width\":\"495\",\"height\":\"141\",\"caption\":\"Challange Resorts & Travel\"},\"image\":{\"@id\":\"https:\/\/www.challengeresorts.org\/#\/schema\/logo\/image\/\"},\"sameAs\":[\"https:\/\/www.facebook.com\/Challenge-Resorts-Travel-290539217694104\/\"]}]}<\/script>\n<!-- \/ Yoast SEO plugin. -->","yoast_head_json":{"title":"Apartmenthotel Safari Park **** - Meer dan 95 reizen en vakantie voor gehandicapten","robots":{"index":"index","follow":"follow","max-snippet":"max-snippet:-1","max-image-preview":"max-image-preview:large","max-video-preview":"max-video-preview:-1"},"canonical":"https:\/\/www.challengeresorts.org\/de\/behindertengerechte-rolli-reisen\/mallorcarolli-reisen-rollstuhl-pflege-urlaub\/sa-coma-safari-park-apartmenthotel\/","og_locale":"de_DE","og_type":"article","og_title":"Apartmenthotel Safari Park **** - Meer dan 95 reizen en vakantie voor gehandicapten","og_description":"Sa Coma, Das Hotel Protur Safari Park (ge\u00f6ffnet vom 1. Mai bis 31. Oktober) liegt im lebhaften Badeort von Sa Coma, an der Ostk\u00fcste der Insel Mallorca gelegen. Die gro\u00dfz\u00fcgige Ferienanlage befindet sich direkt im Zentrum, an der Stra\u00dfe nach Cala Millor, ca. 1,5 km entfernt. Der lange Sandstrand von Sa Coma ist nur ca. [&hellip;]","og_url":"https:\/\/www.challengeresorts.org\/de\/behindertengerechte-rolli-reisen\/mallorcarolli-reisen-rollstuhl-pflege-urlaub\/sa-coma-safari-park-apartmenthotel\/","og_site_name":"Meer dan 95 reizen en vakantie voor gehandicapten","article_publisher":"https:\/\/www.facebook.com\/Challenge-Resorts-Travel-290539217694104\/","article_modified_time":"2019-11-11T15:26:05+00:00","og_image":[{"url":"https:\/\/www.challengeresorts.org\/wp-content\/uploads\/18-rolstoel-excursies.jpg"}],"twitter_card":"summary_large_image","twitter_misc":{"Gesch\u00e4tzte Lesezeit":"4\u00a0Minuten"},"schema":{"@context":"https:\/\/schema.org","@graph":[{"@type":"WebPage","@id":"https:\/\/www.challengeresorts.org\/de\/behindertengerechte-rolli-reisen\/mallorcarolli-reisen-rollstuhl-pflege-urlaub\/sa-coma-safari-park-apartmenthotel\/","url":"https:\/\/www.challengeresorts.org\/de\/behindertengerechte-rolli-reisen\/mallorcarolli-reisen-rollstuhl-pflege-urlaub\/sa-coma-safari-park-apartmenthotel\/","name":"Apartmenthotel Safari Park **** - Meer dan 95 reizen en vakantie voor gehandicapten","isPartOf":{"@id":"https:\/\/www.challengeresorts.org\/#website"},"datePublished":"2014-10-13T11:58:47+00:00","dateModified":"2019-11-11T15:26:05+00:00","breadcrumb":{"@id":"https:\/\/www.challengeresorts.org\/de\/behindertengerechte-rolli-reisen\/mallorcarolli-reisen-rollstuhl-pflege-urlaub\/sa-coma-safari-park-apartmenthotel\/#breadcrumb"},"inLanguage":"de","potentialAction":[{"@type":"ReadAction","target":["https:\/\/www.challengeresorts.org\/de\/behindertengerechte-rolli-reisen\/mallorcarolli-reisen-rollstuhl-pflege-urlaub\/sa-coma-safari-park-apartmenthotel\/"]}]},{"@type":"BreadcrumbList","@id":"https:\/\/www.challengeresorts.org\/de\/behindertengerechte-rolli-reisen\/mallorcarolli-reisen-rollstuhl-pflege-urlaub\/sa-coma-safari-park-apartmenthotel\/#breadcrumb","itemListElement":[{"@type":"ListItem","position":1,"name":"Home","item":"https:\/\/www.challengeresorts.org\/de\/?page_id=23030"},{"@type":"ListItem","position":2,"name":"Reiseziele","item":"https:\/\/www.challengeresorts.org\/de\/behindertengerechte-rolli-reisen\/"},{"@type":"ListItem","position":3,"name":"Balearen, Mallorca Rollstuhl Urlaub","item":"https:\/\/www.challengeresorts.org\/de\/behindertengerechte-rolli-reisen\/mallorcarolli-reisen-rollstuhl-pflege-urlaub\/"},{"@type":"ListItem","position":4,"name":"Apartmenthotel Safari Park ****"}]},{"@type":"WebSite","@id":"https:\/\/www.challengeresorts.org\/#website","url":"https:\/\/www.challengeresorts.org\/","name":"Meer dan 95 reizen en vakantie voor gehandicapten","description":"Rollator, rolstoel, scootmobiel en\/of zorg individueel vakanties of groepsreizen","publisher":{"@id":"https:\/\/www.challengeresorts.org\/#organization"},"potentialAction":[{"@type":"SearchAction","target":{"@type":"EntryPoint","urlTemplate":"https:\/\/www.challengeresorts.org\/?s={search_term_string}"},"query-input":"required name=search_term_string"}],"inLanguage":"de"},{"@type":"Organization","@id":"https:\/\/www.challengeresorts.org\/#organization","name":"Challange Resorts & Travel","url":"https:\/\/www.challengeresorts.org\/","logo":{"@type":"ImageObject","inLanguage":"de","@id":"https:\/\/www.challengeresorts.org\/#\/schema\/logo\/image\/","url":"https:\/\/www.challengeresorts.org\/wp-content\/uploads\/2012\/11\/logo-crt.jpg","contentUrl":"https:\/\/www.challengeresorts.org\/wp-content\/uploads\/2012\/11\/logo-crt.jpg","width":"495","height":"141","caption":"Challange Resorts & Travel"},"image":{"@id":"https:\/\/www.challengeresorts.org\/#\/schema\/logo\/image\/"},"sameAs":["https:\/\/www.facebook.com\/Challenge-Resorts-Travel-290539217694104\/"]}]}},"_links":{"self":[{"href":"https:\/\/www.challengeresorts.org\/de\/wp-json\/wp\/v2\/pages\/9372"}],"collection":[{"href":"https:\/\/www.challengeresorts.org\/de\/wp-json\/wp\/v2\/pages"}],"about":[{"href":"https:\/\/www.challengeresorts.org\/de\/wp-json\/wp\/v2\/types\/page"}],"author":[{"embeddable":true,"href":"https:\/\/www.challengeresorts.org\/de\/wp-json\/wp\/v2\/users\/2"}],"replies":[{"embeddable":true,"href":"https:\/\/www.challengeresorts.org\/de\/wp-json\/wp\/v2\/comments?post=9372"}],"version-history":[{"count":6,"href":"https:\/\/www.challengeresorts.org\/de\/wp-json\/wp\/v2\/pages\/9372\/revisions"}],"predecessor-version":[{"id":19212,"href":"https:\/\/www.challengeresorts.org\/de\/wp-json\/wp\/v2\/pages\/9372\/revisions\/19212"}],"up":[{"embeddable":true,"href":"https:\/\/www.challengeresorts.org\/de\/wp-json\/wp\/v2\/pages\/9366"}],"wp:attachment":[{"href":"https:\/\/www.challengeresorts.org\/de\/wp-json\/wp\/v2\/media?parent=9372"}],"curies":[{"name":"wp","href":"https:\/\/api.w.org\/{rel}","templated":true}]}}